

{"id":7277,"date":"2022-05-03T12:01:58","date_gmt":"2022-05-03T12:01:58","guid":{"rendered":"https:\/\/www.museodegrandas.es\/conservation-area\/"},"modified":"2022-07-20T04:27:05","modified_gmt":"2022-07-20T04:27:05","slug":"conservation-area","status":"publish","type":"page","link":"https:\/\/www.museodegrandas.es\/en\/conservation-area\/","title":{"rendered":"Conservation area"},"content":{"rendered":"<h3><\/h3>\n<h3>Preventive Conservation<\/h3>\n<hr \/>\n<p>The Ethnographic Museum of Grandas de Salime &#8220;Pepe el Ferreiro&#8221; has one of the most significant collections of this type of museum. In addition to the numerical relevance of the collections, there is a great variety of material supports, with a predominance of wood and metal.<\/p>\n<p>The size of the installations and the diversity of exhibition arrangements constitute an additional risk factor for the conservation of the pieces, which are subject to very changing processes of alteration depending on their location outside or in the exhibition room.<\/p>\n<p>Prevention is the best way to ensure the preservation of pieces. The Museum&#8217;s conservation area carries out a regular programmed review of all the collections, which makes it possible to anticipate and avoid deterioration processes in the pieces by means of non-intrusive preventive maintenance activities.<\/p>\n<div id=\"attachment_5482\" style=\"width: 410px\" class=\"wp-caption aligncenter\"><a href=\"https:\/\/www.museodegrandas.es\/wp-content\/uploads\/2014\/03\/1-PREVENTIVA-SRA.jpg\"><img aria-describedby=\"caption-attachment-5482\" loading=\"lazy\" class=\"wp-image-5482 aligncenter\" title=\"Conservaci\u00f3n preventiva\" src=\"https:\/\/www.museodegrandas.es\/wp-content\/uploads\/2014\/03\/1-PREVENTIVA-SRA.jpg\" alt=\"Fotograf\u00eda: S. Rodr\u00edguez. Asociaci\u00f3n de Amigos MEGS\" width=\"400\" height=\"266\" \/><\/a><p id=\"caption-attachment-5482\" class=\"wp-caption-text\">Application of a preventive treatment against moths.<\/p><\/div>\n<div id=\"attachment_5480\" style=\"width: 276px\" class=\"wp-caption aligncenter\"><a href=\"https:\/\/www.museodegrandas.es\/wp-content\/uploads\/2014\/03\/2-PREVENTIVA-SRA.jpg\"><img aria-describedby=\"caption-attachment-5480\" loading=\"lazy\" class=\"wp-image-5480 aligncenter\" title=\"Conservaci\u00f3n preventiva\" src=\"https:\/\/www.museodegrandas.es\/wp-content\/uploads\/2014\/03\/2-PREVENTIVA-SRA.jpg\" alt=\"Fotograf\u00eda: S. Rodr\u00edguez. Asociaci\u00f3n de Amigos MEGS\" width=\"266\" height=\"400\" \/><\/a><p id=\"caption-attachment-5480\" class=\"wp-caption-text\">Application of a protective layer of natural wax<\/p><\/div>\n<h3><\/h3>\n<h3>Recovery of parts<\/h3>\n<hr \/>\n<p>One of the tasks of the Museum&#8217;s conservation department is to recover the pieces in its collection for public exhibition. These interventions are undertaken with two purposes:<\/p>\n<ul>\n<li>Restoration of the original appearance of objects whenever this is necessary for their understanding and\/or to ensure their stability.<\/li>\n<li>Recovery of the functionality of the parts. Since its creation, one of the Museum&#8217;s priorities has been to transmit the added value of objects as historical documents and as vehicles for the transmission of techniques and knowledge. With the recovery of their use, the pieces enjoy a new useful life and are transformed into world class educational tools.<\/li>\n<\/ul>\n<p>The recovery interventions follow the guidelines and criteria commonly accepted for this type of activity, which include the use of elements that are non-aggressive and easily distinguishable from the original parts of the pieces.<\/p>\n<p><a href=\"http:\/\/www.museodegrandas.es\/wp-content\/uploads\/2014\/03\/1-recuperacion-SRA.jpg\"><img loading=\"lazy\" class=\"wp-image-5494 alignnone\" title=\"Proceso de recuperaci\u00f3n de un volante de torno.\" src=\"https:\/\/www.museodegrandas.es\/wp-content\/uploads\/2014\/03\/1-recuperacion-SRA-150x150.jpg\" alt=\"Fotograf\u00eda: S. Rodr\u00edguez. Asociaci\u00f3n de Amigos MEGS\" width=\"170\" height=\"170\" \/> <\/a><a href=\"http:\/\/www.museodegrandas.es\/wp-content\/uploads\/2014\/03\/2-recuperacion-SRA.jpg\"><img loading=\"lazy\" class=\"wp-image-5496 alignnone\" title=\"Proceso de recuperaci\u00f3n de un volante de torno.\" src=\"https:\/\/www.museodegrandas.es\/wp-content\/uploads\/2014\/03\/2-recuperacion-SRA-150x150.jpg\" alt=\"Fotograf\u00eda: S. Rodr\u00edguez. Asociaci\u00f3n de Amigos MEGS\" width=\"170\" height=\"170\" \/><\/a> <a href=\"http:\/\/www.museodegrandas.es\/wp-content\/uploads\/2014\/03\/3-recuperacion-SRA.jpg\"><img loading=\"lazy\" class=\"wp-image-5498 alignnone\" title=\"Proceso de recuperaci\u00f3n de un volante de torno.\" src=\"https:\/\/www.museodegrandas.es\/wp-content\/uploads\/2014\/03\/3-recuperacion-SRA-150x150.jpg\" alt=\"Fotograf\u00eda: S. Rodr\u00edguez. Asociaci\u00f3n de Amigos MEGS\" width=\"172\" height=\"172\" \/><\/a> <img loading=\"lazy\" class=\"wp-image-5488 alignnone\" title=\"Proceso de recuperaci\u00f3n de un volante de torno.\" src=\"https:\/\/www.museodegrandas.es\/wp-content\/uploads\/2014\/03\/4-recuperacion-SRA-150x150.jpg\" alt=\"Fotograf\u00eda: S. Rodr\u00edguez. Asociaci\u00f3n de Amigos MEGS\" width=\"170\" height=\"170\" \/> <a href=\"http:\/\/www.museodegrandas.es\/wp-content\/uploads\/2014\/03\/5-recuperacion-SRA.jpg\"><img loading=\"lazy\" class=\"wp-image-5490 alignnone\" title=\"Proceso de recuperaci\u00f3n de un volante de torno.\" src=\"https:\/\/www.museodegrandas.es\/wp-content\/uploads\/2014\/03\/5-recuperacion-SRA-150x150.jpg\" alt=\"Fotograf\u00eda: S. Rodr\u00edguez. Asociaci\u00f3n de Amigos MEGS\" width=\"170\" height=\"170\" \/>\u00a0 \u00a0<\/a><\/p>\n<h3><\/h3>\n<h3>Reproductions<\/h3>\n<hr \/>\n<p>Occasionally, the state of conservation of the pieces that enter the institution does not allow their recovery or advises against their public exhibition.<\/p>\n<p>In the conservation workshop, full-scale reproductions are made to complete the exhibition discourse without compromising the integrity of the original pieces.<\/p>\n<p>Reproductions are also used to fill gaps in the centre&#8217;s exhibition units. In these cases, the conservation area is responsible for making replicas of the elements that the Museum does not have in its collection, but which are necessary to give coherence to the unit.<\/p>\n<div id=\"attachment_2293\" style=\"width: 610px\" class=\"wp-caption aligncenter\"><a href=\"https:\/\/www.museodegrandas.es\/wp-content\/uploads\/2014\/03\/3-reproduccion-SRA.jpg\"><img aria-describedby=\"caption-attachment-2293\" loading=\"lazy\" class=\" wp-image-5524 \" title=\"Reproducciones\" src=\"https:\/\/www.museodegrandas.es\/wp-content\/uploads\/2014\/03\/3-reproduccion-SRA.jpg\" alt=\"Fotograf\u00eda: S. Rodr\u00edguez. Asociaci\u00f3n de Amigos MEGS\" width=\"600\" height=\"363\" \/><\/a><p id=\"caption-attachment-2293\" class=\"wp-caption-text\">Replica of a wooden jug made from a badly preserved original.<\/p><\/div>\n","protected":false},"excerpt":{"rendered":"<p>Preventive Conservation The Ethnographic Museum of Grandas de Salime &#8220;Pepe el Ferreiro&#8221; has one of the most significant collections of this type of museum. In addition to the numerical relevance of the collections, there is a great variety of material supports, with a predominance of wood and metal. The size of the installations and the [&hellip;]<\/p>\n","protected":false},"author":2,"featured_media":0,"parent":0,"menu_order":0,"comment_status":"closed","ping_status":"closed","template":"","meta":{"_et_pb_use_builder":"","_et_pb_old_content":"","_et_gb_content_width":""},"_links":{"self":[{"href":"https:\/\/www.museodegrandas.es\/en\/wp-json\/wp\/v2\/pages\/7277"}],"collection":[{"href":"https:\/\/www.museodegrandas.es\/en\/wp-json\/wp\/v2\/pages"}],"about":[{"href":"https:\/\/www.museodegrandas.es\/en\/wp-json\/wp\/v2\/types\/page"}],"author":[{"embeddable":true,"href":"https:\/\/www.museodegrandas.es\/en\/wp-json\/wp\/v2\/users\/2"}],"replies":[{"embeddable":true,"href":"https:\/\/www.museodegrandas.es\/en\/wp-json\/wp\/v2\/comments?post=7277"}],"version-history":[{"count":2,"href":"https:\/\/www.museodegrandas.es\/en\/wp-json\/wp\/v2\/pages\/7277\/revisions"}],"predecessor-version":[{"id":8980,"href":"https:\/\/www.museodegrandas.es\/en\/wp-json\/wp\/v2\/pages\/7277\/revisions\/8980"}],"wp:attachment":[{"href":"https:\/\/www.museodegrandas.es\/en\/wp-json\/wp\/v2\/media?parent=7277"}],"curies":[{"name":"wp","href":"https:\/\/api.w.org\/{rel}","templated":true}]}}