

{"id":9485,"date":"2023-01-13T12:05:19","date_gmt":"2023-01-13T12:05:19","guid":{"rendered":"https:\/\/www.museodegrandas.es\/compra-de-entradas-online\/"},"modified":"2024-12-19T12:54:20","modified_gmt":"2024-12-19T12:54:20","slug":"compra-de-entradas-online","status":"publish","type":"page","link":"https:\/\/www.museodegrandas.es\/as\/compra-de-entradas-online\/","title":{"rendered":"Compra de entradas online"},"content":{"rendered":"<p>&nbsp;<\/p>\n<p><strong>Condici\u00f3is xenerales<\/strong><\/p>\n<ul>\n<li>A compra d\u2019entradas de grupos de m\u00e1is de 15 personas ten que ferse al trav\u00e9s del tel\u00e9fano d\u2019informaci\u00f3n e reservas 902 306 600 \/ 985 185 860 ou nel correo letr\u00f3nico<a href=\"mailto:reservas@turismoycultura.asturias.es\">reservas@turismoycultura.asturias.es<\/a>.<\/li>\n<li>As entradas pa visitar el Museo ou pa participar nalg\u00faa das activades que fai, p\u00f3dense coller online dende el enlace dispo\u00f1ible m\u00e1is embaxo, nel <a href=\"https:\/\/www.turismoasturias.es\/organiza-tu-viaje\/oficinas-de-turismo\/oficina-de-turismo-de-asturias\">Centro de Informaci\u00f3n Tur\u00edstica de Asturias<\/a> en Oviedo\/Uvi\u00e9u, na recepci\u00f3n del Museo ou al trav\u00e9s del tel\u00e9fano 985 122 553 todos os d\u00edas de 17:00 a 19:00 h<\/li>\n<li>Antias de comprar a s\u00faa entrada consulte as <a href=\"https:\/\/www.museodegrandas.es\/horarios-y-tarifas\/\">tarifas y os horarios<\/a>. . \u00c9 obligaci\u00f3n del visitante chegar con antelaci\u00f3n abonda pa poder fer a visita al xeito.<\/li>\n<li>A entrada vai servir nam\u00e1is pal d\u00eda e pase indicao na entrada.<\/li>\n<li>Nun s\u2019admiten devoluci\u00f3is nin cambeos d\u2019entradas por cancelaci\u00f3n del visitante ou por nun chegar con antelaci\u00f3n abonda. Tampouco s\u2019admiten cambeos de fecha nin modificaci\u00f3is na tipolox\u00eda d\u2019entrada.<\/li>\n<li>El Museo res\u00e9rvase el dereto d\u2019alterar ou modificar a programaci\u00f3n d\u2019eventos. En caso d\u2019anulaci\u00f3n, comprom\u00e9tese \u00e1 devoluci\u00f3n del importe da entrada.<\/li>\n<li>\u00c9 obligaci\u00f3n del visitante presentar a s\u00faa entrada (p\u00f3dese amostrar nel tel\u00e9fano m\u00f3vil ou en papel) y conservala durante toda a visita.<\/li>\n<li>As entradas adquiridas con desconto ou tarifa especial ter\u00e1n que xustificar este dereto mediante documento acreditativo na recepci\u00f3n del Museo. En caso de nun presentar a xustificaci\u00f3n correspondente, a entrada nun vai servir.<\/li>\n<li>Os pequenos tein qu\u2019ir acompa\u00f1aos en todo momento d\u2019un adulto al sou cargo (ag\u00e1 durante a feitura d\u2019actividades infantiles).<\/li>\n<li>A entrada del Museo nun incluye el pase a determinadas actividades complementarias (talleres did\u00e1cticos ou actividades especiales p\u00e1s que haxa que retirar invitaci\u00f3n ou coyer entrada espec\u00edfica).<\/li>\n<\/ul>\n<p>&nbsp;<\/p>\n<p><strong>Informaci\u00f3n importante p\u00e1 visita al Museo <\/strong><\/p>\n<ul>\n<li>El martes \u00e9 el d\u00eda d\u2019entrar de baldre.<\/li>\n<li>A visita al Museo \u00e9 libre; po\u00f1emos \u00e1 t\u00faa disposici\u00f3n \u00faa gu\u00eda de mao en espa\u00f1ol, ingl\u00e9s, franc\u00e9s e galego-asturiano. El personal del Museo facilita na entrada \u00faa visi\u00f3n xeneral del Museo y ta \u00e1 t\u00faa disposici\u00f3n pa facilitar el recorrido e resolver as perguntas que podas ter. En determinadas fechas ofr\u00e9cense visitas guiadas ou visitas tem\u00e1ticas.<\/li>\n<li>A duraci\u00f3n estimada da visita \u00e9 d\u2019\u00faa hora e media. Aconsey\u00e1moslles que ve\u00f1an al Museo con tempo abondo pa poder disfrutar axeito a visita.<\/li>\n<li>Se fixo a compra d\u2019\u00faa entrada online, ach\u00e9guese \u00e1 recepci\u00f3n del Museo pa validar a s\u00faa entrada.<\/li>\n<li>Ta permitido fer fotos con e sin flax e v\u00eddeos (ag\u00e1 audiovisuales del Museo e visitas guiadas).<\/li>\n<li>Nun ta permitida a entrada con mascotas a os espacios interiores del Museo. Ofr\u00e9cese a posibilid\u00e1 de pasar con mascota a os espacios abertos del recinto, sempre que podan tar ataos mentras se fai a visita ou \u00faa persona responsable quede al sou cargo.<\/li>\n<li>Nun se pode fumar nin meter bebidas ou comida dentro del Museo.<\/li>\n<li>Al presentar a entrada nel <a href=\"http:\/\/www.museojurasicoasturias.com\/\">Museo del Jur\u00e1sico de Asturias<\/a>, <a href=\"http:\/\/www.parquedelaprehistoria.es\/\">Parque de la Prehistoria de Teverga<\/a> ou nel <a href=\"http:\/\/www.centrotitobustillo.com\/\">Centro de Arte Rupestre Tito Bustillo<\/a>, aplicar\u00e1selle tarifa reducida.<\/li>\n<\/ul>\n<p style=\"text-align: center;\"><a href=\"https:\/\/entradas.turismoasturias.es\/es\/museo-etnografico-grandas-de-salime\/\"><strong>COMPRA DE ENTRADAS<\/strong><\/a><\/p>\n<p>&nbsp;<\/p>\n","protected":false},"excerpt":{"rendered":"<p>&nbsp; Condici\u00f3is xenerales A compra d\u2019entradas de grupos de m\u00e1is de 15 personas ten que ferse al trav\u00e9s del tel\u00e9fano d\u2019informaci\u00f3n e reservas 902 306 600 \/ 985 185 860 ou nel correo letr\u00f3nicoreservas@turismoycultura.asturias.es. As entradas pa visitar el Museo ou pa participar nalg\u00faa das activades que fai, p\u00f3dense coller online dende el enlace dispo\u00f1ible [&hellip;]<\/p>\n","protected":false},"author":8,"featured_media":0,"parent":0,"menu_order":0,"comment_status":"closed","ping_status":"closed","template":"","meta":{"_et_pb_use_builder":"","_et_pb_old_content":"","_et_gb_content_width":""},"_links":{"self":[{"href":"https:\/\/www.museodegrandas.es\/as\/wp-json\/wp\/v2\/pages\/9485"}],"collection":[{"href":"https:\/\/www.museodegrandas.es\/as\/wp-json\/wp\/v2\/pages"}],"about":[{"href":"https:\/\/www.museodegrandas.es\/as\/wp-json\/wp\/v2\/types\/page"}],"author":[{"embeddable":true,"href":"https:\/\/www.museodegrandas.es\/as\/wp-json\/wp\/v2\/users\/8"}],"replies":[{"embeddable":true,"href":"https:\/\/www.museodegrandas.es\/as\/wp-json\/wp\/v2\/comments?post=9485"}],"version-history":[{"count":1,"href":"https:\/\/www.museodegrandas.es\/as\/wp-json\/wp\/v2\/pages\/9485\/revisions"}],"predecessor-version":[{"id":10826,"href":"https:\/\/www.museodegrandas.es\/as\/wp-json\/wp\/v2\/pages\/9485\/revisions\/10826"}],"wp:attachment":[{"href":"https:\/\/www.museodegrandas.es\/as\/wp-json\/wp\/v2\/media?parent=9485"}],"curies":[{"name":"wp","href":"https:\/\/api.w.org\/{rel}","templated":true}]}}