

{"id":7401,"date":"2022-05-03T13:28:00","date_gmt":"2022-05-03T13:28:00","guid":{"rendered":"https:\/\/www.museodegrandas.es\/a-coleccion\/"},"modified":"2022-06-07T12:33:42","modified_gmt":"2022-06-07T12:33:42","slug":"a-coleccion","status":"publish","type":"page","link":"https:\/\/www.museodegrandas.es\/as\/a-coleccion\/","title":{"rendered":"A colecci\u00f3n"},"content":{"rendered":"<p style=\"margin-top: 0cm; text-align: justify;\"><span style=\"font-family: 'Arial',sans-serif;\">El Museo Etnogr\u00e1fico de Grandas de Salime \u201cPepe el Ferreiro\u201d guarda \u00faa das colecci\u00f3is m\u00e1is significativas del sou \u00e1mbito, tanto en t\u00e9rminos cuantitativos como cualitativos. Os sous fondos ach\u00e9ganse a os 20.000 rexistros, os m\u00e1is d\u2019elos amostraos na esposici\u00f3n permanente.<\/span><\/p>\n<p style=\"margin-top: 0cm; text-align: justify;\"><span style=\"font-family: 'Arial',sans-serif;\">El Museo empez\u00f3u a catalogaci\u00f3n sistem\u00e1tica de todas as s\u00faas colecci\u00f3is, que s\u2019ha puer a disposici\u00f3n dos interesaos, actualiz\u00e1ndola de paso que se vaya ampliando, nel\u00a0<a href=\"https:\/\/www.museodegrandas.es\/as\/catalogo\/\">Cat\u00e1logo<\/a> da web.<\/span><\/p>\n<p style=\"margin-top: 0cm; text-align: justify;\"><span style=\"font-family: 'Arial',sans-serif;\">Na web pode consultar informaci\u00f3n sobre:<\/span><\/p>\n<p><a href=\"https:\/\/www.museodegrandas.es\/wp-content\/uploads\/2014\/03\/MEGS-02443-SHG-4.jpg\"><img loading=\"lazy\" class=\"wp-image-6442 alignleft\" src=\"https:\/\/www.museodegrandas.es\/wp-content\/uploads\/2014\/03\/MEGS-02443-SHG-4.jpg\" alt=\"\" width=\"411\" height=\"411\" \/><\/a><\/p>\n<div class=\"et_pb_column et_pb_column_3_5 et_pb_column_1 et_pb_css_mix_blend_mode_passthrough et-last-child\">\n<div class=\"et_pb_module et_pb_text et_pb_text_0 et_pb_text_align_left et_pb_bg_layout_light\"><\/div>\n<div class=\"et_pb_module et_pb_text et_pb_text_1 et_pb_text_align_left et_pb_bg_layout_light\">\n<div class=\"et_pb_text_inner\">\n<ul>\n<li>\n<h3><a href=\"https:\/\/www.museodegrandas.es\/as\/catalogo\/\">Cat\u00e1logo\u00a0<\/a><\/h3>\n<\/li>\n<\/ul>\n<ul>\n<li>\n<h3><a href=\"https:\/\/www.museodegrandas.es\/as\/category\/piezas-destacadas-as\/\">Pezas destacadas\u00a0<\/a><\/h3>\n<\/li>\n<\/ul>\n<ul>\n<li>\n<h3><a href=\"https:\/\/www.museodegrandas.es\/as\/area-de-conservacion\/\">\u00c1rea de conservaci\u00f3n\u00a0<\/a><\/h3>\n<\/li>\n<\/ul>\n<ul>\n<li>\n<h3><a href=\"https:\/\/www.museodegrandas.es\/as\/category\/el-museo-y-su-territorio\/\">El Museo y el sou territorio<\/a><\/h3>\n<\/li>\n<\/ul>\n<\/div>\n<\/div>\n<\/div>\n","protected":false},"excerpt":{"rendered":"<p>El Museo Etnogr\u00e1fico de Grandas de Salime \u201cPepe el Ferreiro\u201d guarda \u00faa das colecci\u00f3is m\u00e1is significativas del sou \u00e1mbito, tanto en t\u00e9rminos cuantitativos como cualitativos. Os sous fondos ach\u00e9ganse a os 20.000 rexistros, os m\u00e1is d\u2019elos amostraos na esposici\u00f3n permanente. El Museo empez\u00f3u a catalogaci\u00f3n sistem\u00e1tica de todas as s\u00faas colecci\u00f3is, que s\u2019ha puer a [&hellip;]<\/p>\n","protected":false},"author":2,"featured_media":0,"parent":0,"menu_order":0,"comment_status":"closed","ping_status":"closed","template":"","meta":{"_et_pb_use_builder":"","_et_pb_old_content":"","_et_gb_content_width":""},"_links":{"self":[{"href":"https:\/\/www.museodegrandas.es\/as\/wp-json\/wp\/v2\/pages\/7401"}],"collection":[{"href":"https:\/\/www.museodegrandas.es\/as\/wp-json\/wp\/v2\/pages"}],"about":[{"href":"https:\/\/www.museodegrandas.es\/as\/wp-json\/wp\/v2\/types\/page"}],"author":[{"embeddable":true,"href":"https:\/\/www.museodegrandas.es\/as\/wp-json\/wp\/v2\/users\/2"}],"replies":[{"embeddable":true,"href":"https:\/\/www.museodegrandas.es\/as\/wp-json\/wp\/v2\/comments?post=7401"}],"version-history":[{"count":1,"href":"https:\/\/www.museodegrandas.es\/as\/wp-json\/wp\/v2\/pages\/7401\/revisions"}],"predecessor-version":[{"id":8761,"href":"https:\/\/www.museodegrandas.es\/as\/wp-json\/wp\/v2\/pages\/7401\/revisions\/8761"}],"wp:attachment":[{"href":"https:\/\/www.museodegrandas.es\/as\/wp-json\/wp\/v2\/media?parent=7401"}],"curies":[{"name":"wp","href":"https:\/\/api.w.org\/{rel}","templated":true}]}}