

{"id":7387,"date":"2022-05-03T13:23:16","date_gmt":"2022-05-03T13:23:16","guid":{"rendered":"https:\/\/www.museodegrandas.es\/el-museo\/18-ferramentas-de-labranza\/"},"modified":"2022-05-03T13:23:16","modified_gmt":"2022-05-03T13:23:16","slug":"18-ferramentas-de-labranza","status":"publish","type":"page","link":"https:\/\/www.museodegrandas.es\/as\/el-museo\/18-ferramentas-de-labranza\/","title":{"rendered":"18.- Ferramentas de labranza"},"content":{"rendered":"<p>A incorporaci\u00f3n de materiales novos de fabricaci\u00f3n y el empezo da producci\u00f3n mecanizada en serie trouxo cambeos sustanciales nel xeito de traballo dos labradores. Os \u00fatiles tradicionales feitos polos carpinteiros e ferreiros locales empezaron a cambiarse por ferramentas e m\u00e1quinas de fabricaci\u00f3n industrial que facilitaban y optimizaban os sous labores. Nel abeirugo apegao \u00e1 Casoa esp\u00f3inse dende araos e somentadoras inda de tracci\u00f3n animal hasta as primeiras desgranadoras, aventadoras ou malladoras qu\u2019incorporaron un motor estacionario.<\/p>\n<p style=\"text-align: center;\"><a href=\"https:\/\/www.museodegrandas.es\/wp-content\/uploads\/2014\/02\/aperos.jpg\"><img class=\"wp-image-1307 aligncenter\" src=\"https:\/\/www.museodegrandas.es\/wp-content\/uploads\/2014\/02\/aperos.jpg\" alt=\"aperos\" width=\"500\" \/><\/a><\/p>\n<p style=\"text-align: center;\"><a href=\"https:\/\/www.museodegrandas.es\/wp-content\/uploads\/2014\/02\/aperos2.jpg\"><img class=\"wp-image-1308 aligncenter\" src=\"https:\/\/www.museodegrandas.es\/wp-content\/uploads\/2014\/02\/aperos2.jpg\" alt=\"aperos2\" width=\"500\" \/><\/a><\/p>\n<p><!--:--><\/p>\n","protected":false},"excerpt":{"rendered":"<p>A incorporaci\u00f3n de materiales novos de fabricaci\u00f3n y el empezo da producci\u00f3n mecanizada en serie trouxo cambeos sustanciales nel xeito de traballo dos labradores. Os \u00fatiles tradicionales feitos polos carpinteiros e ferreiros locales empezaron a cambiarse por ferramentas e m\u00e1quinas de fabricaci\u00f3n industrial que facilitaban y optimizaban os sous labores. Nel abeirugo apegao \u00e1 Casoa [&hellip;]<\/p>\n","protected":false},"author":2,"featured_media":0,"parent":7248,"menu_order":0,"comment_status":"closed","ping_status":"closed","template":"","meta":{"_et_pb_use_builder":"","_et_pb_old_content":"","_et_gb_content_width":""},"_links":{"self":[{"href":"https:\/\/www.museodegrandas.es\/as\/wp-json\/wp\/v2\/pages\/7387"}],"collection":[{"href":"https:\/\/www.museodegrandas.es\/as\/wp-json\/wp\/v2\/pages"}],"about":[{"href":"https:\/\/www.museodegrandas.es\/as\/wp-json\/wp\/v2\/types\/page"}],"author":[{"embeddable":true,"href":"https:\/\/www.museodegrandas.es\/as\/wp-json\/wp\/v2\/users\/2"}],"replies":[{"embeddable":true,"href":"https:\/\/www.museodegrandas.es\/as\/wp-json\/wp\/v2\/comments?post=7387"}],"version-history":[{"count":0,"href":"https:\/\/www.museodegrandas.es\/as\/wp-json\/wp\/v2\/pages\/7387\/revisions"}],"up":[{"embeddable":true,"href":"https:\/\/www.museodegrandas.es\/as\/wp-json\/wp\/v2\/pages\/7248"}],"wp:attachment":[{"href":"https:\/\/www.museodegrandas.es\/as\/wp-json\/wp\/v2\/media?parent=7387"}],"curies":[{"name":"wp","href":"https:\/\/api.w.org\/{rel}","templated":true}]}}