

{"id":7385,"date":"2022-05-03T13:22:10","date_gmt":"2022-05-03T13:22:10","guid":{"rendered":"https:\/\/www.museodegrandas.es\/el-museo\/17-cabazo\/"},"modified":"2022-05-03T13:22:10","modified_gmt":"2022-05-03T13:22:10","slug":"17-cabazo","status":"publish","type":"page","link":"https:\/\/www.museodegrandas.es\/as\/el-museo\/17-cabazo\/","title":{"rendered":"17.- Cabazo"},"content":{"rendered":"<p>El cabazo \u00e9, como el <strong>horro<\/strong> y a <strong>panera<\/strong>, un tipo de graneiro, dise\u00f1ao adrede pa secar e curar el grao. Conocido tam\u00e9n como horro galego, a s\u00faa \u00e1rea de dispersi\u00f3n colle cuasemente todo el territorio galego, el occidente asturiano hasta el Navia y el norte de Portugal.<\/p>\n<p style=\"text-align: center;\"><a href=\"https:\/\/www.museodegrandas.es\/wp-content\/uploads\/2014\/02\/cabazo.jpg\"><img class=\"wp-image-1301 aligncenter\" src=\"https:\/\/www.museodegrandas.es\/wp-content\/uploads\/2014\/02\/cabazo.jpg\" alt=\"cabazo\" width=\"500\" \/><\/a><\/p>\n<p>En t\u00e9rminos xenerales consiste n\u00faa caxa ou c\u00e1mara rectangular ventilada y erguida del tarr\u00e9n con paredes de pedra sobre as que se pon \u00faa louxa volada, chamada <em>tornarratos<\/em>, que nun deixa qu\u2019entren os roedores. Partindo d\u2019esta concepci\u00f3n b\u00e1sica, son muitas as variantes constructivas, observ\u00e1ndose diferencias en tama\u00f1os, materiales usaos, acabaos ou morfolox\u00eda dos elementos sustentantes.<\/p>\n<p>El cabazo del Museo \u00e9 \u00faa estructura de dimensi\u00f3is modestas. Os <em>costales<\/em> ou laos mayores da c\u00e1mara z\u00e1rranse con list\u00f3is de madera verticales aseguraos por un list\u00f3n horizontal, entre os que se deixa \u00faa rendixa pa que pase el aire. Os <em>penales<\/em> ou laos menores son de pedra dada de cal unde s\u2019abren meinelos rectangulares de ventilaci\u00f3n. A c\u00e1mara \u00e9rguese encima de d\u00faas paredes de pedra vista, os <em>cepos<\/em>, deixando libre el espacio central. El acceso faise por \u00fan dos penales mediante \u00faa escaleira p\u00e9trea.<\/p>\n","protected":false},"excerpt":{"rendered":"<p>El cabazo \u00e9, como el horro y a panera, un tipo de graneiro, dise\u00f1ao adrede pa secar e curar el grao. Conocido tam\u00e9n como horro galego, a s\u00faa \u00e1rea de dispersi\u00f3n colle cuasemente todo el territorio galego, el occidente asturiano hasta el Navia y el norte de Portugal. En t\u00e9rminos xenerales consiste n\u00faa caxa ou [&hellip;]<\/p>\n","protected":false},"author":2,"featured_media":0,"parent":7248,"menu_order":0,"comment_status":"closed","ping_status":"closed","template":"","meta":{"_et_pb_use_builder":"","_et_pb_old_content":"","_et_gb_content_width":""},"_links":{"self":[{"href":"https:\/\/www.museodegrandas.es\/as\/wp-json\/wp\/v2\/pages\/7385"}],"collection":[{"href":"https:\/\/www.museodegrandas.es\/as\/wp-json\/wp\/v2\/pages"}],"about":[{"href":"https:\/\/www.museodegrandas.es\/as\/wp-json\/wp\/v2\/types\/page"}],"author":[{"embeddable":true,"href":"https:\/\/www.museodegrandas.es\/as\/wp-json\/wp\/v2\/users\/2"}],"replies":[{"embeddable":true,"href":"https:\/\/www.museodegrandas.es\/as\/wp-json\/wp\/v2\/comments?post=7385"}],"version-history":[{"count":0,"href":"https:\/\/www.museodegrandas.es\/as\/wp-json\/wp\/v2\/pages\/7385\/revisions"}],"up":[{"embeddable":true,"href":"https:\/\/www.museodegrandas.es\/as\/wp-json\/wp\/v2\/pages\/7248"}],"wp:attachment":[{"href":"https:\/\/www.museodegrandas.es\/as\/wp-json\/wp\/v2\/media?parent=7385"}],"curies":[{"name":"wp","href":"https:\/\/api.w.org\/{rel}","templated":true}]}}