

{"id":7382,"date":"2022-05-03T13:19:46","date_gmt":"2022-05-03T13:19:46","guid":{"rendered":"https:\/\/www.museodegrandas.es\/el-museo\/16-fabrica-de-gaseosas\/"},"modified":"2022-05-03T13:20:04","modified_gmt":"2022-05-03T13:20:04","slug":"16-fabrica-de-gaseosas","status":"publish","type":"page","link":"https:\/\/www.museodegrandas.es\/as\/el-museo\/16-fabrica-de-gaseosas\/","title":{"rendered":"16.- F\u00e1brica de gaseosas"},"content":{"rendered":"<p>As augas carbonatadas efervescentes eran apreciadas dende antigo polas s\u00faas propiedades ben\u00e9ficas. Os refrescos modernos tuveron a s\u00faa orixe nas farmacias, unde os boticarios ama\u00f1aban as s\u00faas propias bebidas como romedio p\u2019aliviar a acidez ou os malestares estomacales. A demanda cada vez m\u00e1is grande d\u2019estos productos y os avances nas t\u00e9cnicas de carbonataci\u00f3n e d\u2019encorchao propiciaron el empezo da producci\u00f3n industrial. Al largo dos anos, as f\u00e1bricas tuveron \u00faa implantaci\u00f3n eminentemente local, hasta el punto de que se calcula qu\u2019alredor de 1950 hab\u00eda en Espa\u00f1a m\u00e1is de 5.000 fabricantes de bebidas gaseosas.<\/p>\n<p style=\"text-align: center;\"><a href=\"https:\/\/www.museodegrandas.es\/wp-content\/uploads\/2014\/02\/fabrica-gaseosas2.jpg\"><img class=\"wp-image-1294 aligncenter\" src=\"https:\/\/www.museodegrandas.es\/wp-content\/uploads\/2014\/02\/fabrica-gaseosas2.jpg\" alt=\"fabrica-gaseosas2\" width=\"500\" \/><\/a><\/p>\n<p>Grandas de Salime cunt\u00f3u coa s\u00faa propia f\u00e1brica de gaseosas, <em>La Grandalesa<\/em>, da que procede parte da maquinaria que s\u2019esp\u00f3n na sala.<\/p>\n<p style=\"text-align: center;\"><a href=\"https:\/\/www.museodegrandas.es\/wp-content\/uploads\/2014\/02\/fabrica-gaseosas.jpg\"><img class=\"wp-image-1295 aligncenter\" src=\"https:\/\/www.museodegrandas.es\/wp-content\/uploads\/2014\/02\/fabrica-gaseosas.jpg\" alt=\"fabrica-gaseosas\" width=\"500\" \/><\/a><\/p>\n<p><!--:--><\/p>\n","protected":false},"excerpt":{"rendered":"<p>As augas carbonatadas efervescentes eran apreciadas dende antigo polas s\u00faas propiedades ben\u00e9ficas. Os refrescos modernos tuveron a s\u00faa orixe nas farmacias, unde os boticarios ama\u00f1aban as s\u00faas propias bebidas como romedio p\u2019aliviar a acidez ou os malestares estomacales. A demanda cada vez m\u00e1is grande d\u2019estos productos y os avances nas t\u00e9cnicas de carbonataci\u00f3n e d\u2019encorchao [&hellip;]<\/p>\n","protected":false},"author":2,"featured_media":0,"parent":7248,"menu_order":0,"comment_status":"closed","ping_status":"closed","template":"","meta":{"_et_pb_use_builder":"","_et_pb_old_content":"","_et_gb_content_width":""},"_links":{"self":[{"href":"https:\/\/www.museodegrandas.es\/as\/wp-json\/wp\/v2\/pages\/7382"}],"collection":[{"href":"https:\/\/www.museodegrandas.es\/as\/wp-json\/wp\/v2\/pages"}],"about":[{"href":"https:\/\/www.museodegrandas.es\/as\/wp-json\/wp\/v2\/types\/page"}],"author":[{"embeddable":true,"href":"https:\/\/www.museodegrandas.es\/as\/wp-json\/wp\/v2\/users\/2"}],"replies":[{"embeddable":true,"href":"https:\/\/www.museodegrandas.es\/as\/wp-json\/wp\/v2\/comments?post=7382"}],"version-history":[{"count":1,"href":"https:\/\/www.museodegrandas.es\/as\/wp-json\/wp\/v2\/pages\/7382\/revisions"}],"predecessor-version":[{"id":7383,"href":"https:\/\/www.museodegrandas.es\/as\/wp-json\/wp\/v2\/pages\/7382\/revisions\/7383"}],"up":[{"embeddable":true,"href":"https:\/\/www.museodegrandas.es\/as\/wp-json\/wp\/v2\/pages\/7248"}],"wp:attachment":[{"href":"https:\/\/www.museodegrandas.es\/as\/wp-json\/wp\/v2\/media?parent=7382"}],"curies":[{"name":"wp","href":"https:\/\/api.w.org\/{rel}","templated":true}]}}