

{"id":7380,"date":"2022-05-03T13:18:37","date_gmt":"2022-05-03T13:18:37","guid":{"rendered":"https:\/\/www.museodegrandas.es\/el-museo\/15-a-casoa\/15-13-madrenas-galochas-y-zocas\/"},"modified":"2022-05-03T13:18:37","modified_gmt":"2022-05-03T13:18:37","slug":"15-13-madrenas-galochas-y-zocas","status":"publish","type":"page","link":"https:\/\/www.museodegrandas.es\/as\/el-museo\/15-a-casoa\/15-13-madrenas-galochas-y-zocas\/","title":{"rendered":"15.13.- Madre\u00f1as, galochas y zocas"},"content":{"rendered":"<p>El calzao de madera era el zapato habitual del labrador. A s\u00faa fabricaci\u00f3n requer\u00eda \u00faa t\u00e9cnica precisa que desenvolv\u00edan os <em>galocheiros<\/em>, artesanos especialistas nel oficio. Forman parte dos sous tarecos el banco de traballo, a brosa, as axolas planas e de copa, os tarabelos, as gubias e legras ou el <em>raseiro<\/em>, \u00faa cuitela larga con dous mangos que s\u2019usaba pa desbastar a superficie esterna das pezas.<\/p>\n<p style=\"text-align: center;\">\u00a0<a href=\"https:\/\/www.museodegrandas.es\/wp-content\/uploads\/2014\/02\/calzado.jpg\"><img class=\" wp-image-1284 aligncenter\" src=\"https:\/\/www.museodegrandas.es\/wp-content\/uploads\/2014\/02\/calzado.jpg\" alt=\"calzado\" width=\"500\" \/><\/a><\/p>\n<p>El n\u00facleo da colecci\u00f3n de madre\u00f1as, galochas e zocas que s\u2019amostra ingres\u00f3ula nel Museo en 1988 D. Alfonso Fern\u00e1ndez Canteli, autor del estudio monogr\u00e1fico <em>La madre\u00f1a: tipolog\u00eda y distribuci\u00f3n en el norte espa\u00f1ol<\/em>, publicao en 1987, qu\u2019a s\u00faa clasificaci\u00f3n constituye a referencia seguida na esposici\u00f3n. As pezas proceden d\u2019Asturias, Galicia, Li\u00f3n, Cantabria y en menor medida d\u2019outras rex\u00f3is da Pen\u00ednsula Ib\u00e9rica y Europa. Tan estensa como a s\u00faa implantaci\u00f3n xeogr\u00e1fica son os muitos modelos e versi\u00f3is de calzaos que se fabricaban en madera, con variaci\u00f3is qu\u2019afectan \u00e1 s\u00faa denominaci\u00f3n, morfolox\u00eda, acabaos e decoraci\u00f3n.<\/p>\n<p style=\"text-align: center;\"><a href=\"https:\/\/www.museodegrandas.es\/wp-content\/uploads\/2014\/02\/calzado2.jpg\"><img class=\"wp-image-1285 aligncenter\" src=\"https:\/\/www.museodegrandas.es\/wp-content\/uploads\/2014\/02\/calzado2.jpg\" alt=\"calzado2\" width=\"500\" \/><\/a><\/p>\n<p><!--:--><\/p>\n","protected":false},"excerpt":{"rendered":"<p>El calzao de madera era el zapato habitual del labrador. A s\u00faa fabricaci\u00f3n requer\u00eda \u00faa t\u00e9cnica precisa que desenvolv\u00edan os galocheiros, artesanos especialistas nel oficio. Forman parte dos sous tarecos el banco de traballo, a brosa, as axolas planas e de copa, os tarabelos, as gubias e legras ou el raseiro, \u00faa cuitela larga con [&hellip;]<\/p>\n","protected":false},"author":2,"featured_media":0,"parent":7336,"menu_order":0,"comment_status":"closed","ping_status":"closed","template":"","meta":{"_et_pb_use_builder":"","_et_pb_old_content":"","_et_gb_content_width":""},"_links":{"self":[{"href":"https:\/\/www.museodegrandas.es\/as\/wp-json\/wp\/v2\/pages\/7380"}],"collection":[{"href":"https:\/\/www.museodegrandas.es\/as\/wp-json\/wp\/v2\/pages"}],"about":[{"href":"https:\/\/www.museodegrandas.es\/as\/wp-json\/wp\/v2\/types\/page"}],"author":[{"embeddable":true,"href":"https:\/\/www.museodegrandas.es\/as\/wp-json\/wp\/v2\/users\/2"}],"replies":[{"embeddable":true,"href":"https:\/\/www.museodegrandas.es\/as\/wp-json\/wp\/v2\/comments?post=7380"}],"version-history":[{"count":0,"href":"https:\/\/www.museodegrandas.es\/as\/wp-json\/wp\/v2\/pages\/7380\/revisions"}],"up":[{"embeddable":true,"href":"https:\/\/www.museodegrandas.es\/as\/wp-json\/wp\/v2\/pages\/7336"}],"wp:attachment":[{"href":"https:\/\/www.museodegrandas.es\/as\/wp-json\/wp\/v2\/media?parent=7380"}],"curies":[{"name":"wp","href":"https:\/\/api.w.org\/{rel}","templated":true}]}}