

{"id":7379,"date":"2022-05-03T13:18:07","date_gmt":"2022-05-03T13:18:07","guid":{"rendered":"https:\/\/www.museodegrandas.es\/horarios-y-tarifas\/"},"modified":"2026-03-04T11:09:03","modified_gmt":"2026-03-04T11:09:03","slug":"horarios-y-tarifas","status":"publish","type":"page","link":"https:\/\/www.museodegrandas.es\/as\/horarios-y-tarifas\/","title":{"rendered":"Horarios y tarifas"},"content":{"rendered":"<h2 style=\"text-align: center;\">HORARIOS<\/h2>\n<hr \/>\n<h3><\/h3>\n<h3>De xeneiro a abril e de outubre a decembre del 2026<\/h3>\n<ul>\n<li>Martes a venres de 11:00 a 14:00 e de 16:00 a 18:30 horas.<\/li>\n<li>S\u00e1bados de 11:00 a 14:30 e 16:00 a 18:30 horas.<\/li>\n<li>Domingos e festivos (1 de noviembre y 6 y 8 de decembre) de 11:00 a 15:00 horas<\/li>\n<li>L\u00fais pechao. 12 de outubre pechao.<\/li>\n<li><strong>Pechao<\/strong>: 1 y 6 de xeneiro; 24, 25 e 31 de decembre.<\/li>\n<li><strong>Horario especial Semana Santa<\/strong> (de xoves a s\u00e1bado), de 11:00 a 14:30 e de 16:00 a 19:30 horas.<\/li>\n<\/ul>\n<p>&nbsp;<\/p>\n<h3>De mayo a setembre del 2026<\/h3>\n<ul>\n<li>Martes a s\u00e1bado de 11:00 a 14:30 e 16:00 a 19:30 horas.<\/li>\n<li>Domingos e festivos (1 de mayo, 15 de agosto e 8 setembre): de 11:00 a 15:00 horas.<\/li>\n<li>L\u00fais pechao. Pechao 3 de agosto e 7 de setembre.<\/li>\n<\/ul>\n<h2><\/h2>\n<h2 style=\"text-align: center;\">TARIFAS<\/h2>\n<hr \/>\n<h3><\/h3>\n<h3>General: 1,50 \u20ac<\/h3>\n<h3>Ni\u00f1os\/as de 6 a 12 a\u00f1os: 0,30 \u20ac<\/h3>\n<h3>Reducida: 0,75 \u20ac<\/h3>\n<ul>\n<li style=\"list-style-type: none;\">\n<ul>\n<li>Grupos a partir de 15 personas.<\/li>\n<li>Familia numerosa.<\/li>\n<li>Socios del\u00a0<a href=\"http:\/\/www.clubculturaasturias.com\/\">Club Cultura Asturias<\/a>, el\u00a0<a href=\"https:\/\/www.laboralciudaddelacultura.com\/carnet-escolar\">Carnet escolar<\/a>\u00a0y el\u00a0<a href=\"https:\/\/www.turismoasturias.es\/pasaporte-cultural\">Pasaporte Cultural.<\/a><\/li>\n<li>Al presentar a entrada del <a href=\"http:\/\/www.museojurasicoasturias.com\/\">Museo del Xur\u00e1sico d\u2019Asturias<\/a>, del\u00a0<a href=\"http:\/\/www.parquedelaprehistoria.es\/\">Parque da Prehistoria de Teberga<\/a>, del\u00a0<a href=\"http:\/\/www.centrodearterupestredetitobustillo.com\/\">Centro d\u2019Arte Rupestre de Tito Bustillo<\/a> e de <a href=\"http:\/\/www.laboralciudaddelacultura.com\/\">Llaboral Ciud\u00e1 da Cultura<\/a><\/li>\n<li>Outros colectivos con desconto:<\/li>\n<li><a href=\"https:\/\/juventud.asturias.es\/carnejoven\">Carne Joven Europeo<\/a>,\u00a0<a href=\"https:\/\/reaj.com\/\">Carnet Red Espa\u00f1ola de Albergues Juveniles,\u00a0<\/a><a href=\"https:\/\/www.elclubdemicaja.es\/\">Club Infantil de Caja Rural,\u00a0<\/a><a href=\"https:\/\/www.euro6000.com\/es\/descuentos\/\">Cup\u00f3n de descuento EURO 6000.<\/a><\/li>\n<\/ul>\n<\/li>\n<\/ul>\n<h3>Gratuita:<\/h3>\n<ul>\n<li style=\"list-style-type: none;\">\n<ul>\n<li>De 0 a 5 a\u00f1os.<\/li>\n<li>Todos los martes de a\u00f1o.<\/li>\n<li>Grupos escolares con reserva previa.<\/li>\n<li>18 de mayo, D\u00eda Internacional de los Museos.<\/li>\n<li>Previa acreditaci\u00f3n:\n<ul>\n<li>Gu\u00edas tur\u00edsticos profesionales.<\/li>\n<li>Desempleados.<\/li>\n<li>Vecinos del concejo de Grandas de Salime.<\/li>\n<li>Profesores.<\/li>\n<li>Miembros de las siguientes entidades: <a href=\"https:\/\/redmeda.com\/\" target=\"_blank\" rel=\"noopener\">Red de Museos Etnogr\u00e1ficos de Asturias (REDMEDA)<\/a>, <a href=\"https:\/\/icom.museum\/es\/\" target=\"_blank\" rel=\"noopener\">Consejo Internacional de Museos (ICOM)<\/a>, Asociaci\u00f3n Profesional de Muse\u00f3logos de Espa\u00f1a (APME), <a href=\"https:\/\/www.anabad.org\/\" target=\"_blank\" rel=\"noopener\">Asociaci\u00f3n Nacional de Archiveros, Bibliotecarios y Muse\u00f3logos (ANABAD)<\/a> y <a href=\"https:\/\/www.museologia.net\/\" target=\"_blank\" rel=\"noopener\">Asociaci\u00f3n Espa\u00f1ola de Muse\u00f3logos (AEM)<\/a>.<\/li>\n<\/ul>\n<\/li>\n<\/ul>\n<\/li>\n<\/ul>\n<hr style=\"padding-left: 40px;\" \/>\n<p style=\"padding-left: 40px;\">\n","protected":false},"excerpt":{"rendered":"<p>HORARIOS De xeneiro a abril e de outubre a decembre del 2026 Martes a venres de 11:00 a 14:00 e de 16:00 a 18:30 horas. S\u00e1bados de 11:00 a 14:30 e 16:00 a 18:30 horas. Domingos e festivos (1 de noviembre y 6 y 8 de decembre) de 11:00 a 15:00 horas L\u00fais pechao. 12 [&hellip;]<\/p>\n","protected":false},"author":2,"featured_media":0,"parent":0,"menu_order":0,"comment_status":"closed","ping_status":"closed","template":"","meta":{"_et_pb_use_builder":"off","_et_pb_old_content":"","_et_gb_content_width":""},"_links":{"self":[{"href":"https:\/\/www.museodegrandas.es\/as\/wp-json\/wp\/v2\/pages\/7379"}],"collection":[{"href":"https:\/\/www.museodegrandas.es\/as\/wp-json\/wp\/v2\/pages"}],"about":[{"href":"https:\/\/www.museodegrandas.es\/as\/wp-json\/wp\/v2\/types\/page"}],"author":[{"embeddable":true,"href":"https:\/\/www.museodegrandas.es\/as\/wp-json\/wp\/v2\/users\/2"}],"replies":[{"embeddable":true,"href":"https:\/\/www.museodegrandas.es\/as\/wp-json\/wp\/v2\/comments?post=7379"}],"version-history":[{"count":15,"href":"https:\/\/www.museodegrandas.es\/as\/wp-json\/wp\/v2\/pages\/7379\/revisions"}],"predecessor-version":[{"id":11327,"href":"https:\/\/www.museodegrandas.es\/as\/wp-json\/wp\/v2\/pages\/7379\/revisions\/11327"}],"wp:attachment":[{"href":"https:\/\/www.museodegrandas.es\/as\/wp-json\/wp\/v2\/media?parent=7379"}],"curies":[{"name":"wp","href":"https:\/\/api.w.org\/{rel}","templated":true}]}}