

{"id":7377,"date":"2022-05-03T13:17:12","date_gmt":"2022-05-03T13:17:12","guid":{"rendered":"https:\/\/www.museodegrandas.es\/el-museo\/15-a-casoa\/15-12-pesos-e-medidas\/"},"modified":"2022-05-03T13:17:12","modified_gmt":"2022-05-03T13:17:12","slug":"15-12-pesos-e-medidas","status":"publish","type":"page","link":"https:\/\/www.museodegrandas.es\/as\/el-museo\/15-a-casoa\/15-12-pesos-e-medidas\/","title":{"rendered":"15.12.- Pesos e medidas"},"content":{"rendered":"<p>Hasta el siglo XIX os pesos e medidas de cada provincia, partido xudicial ou concello eran diferentes. A mediaos d\u2019esa centuria imp\u00f3nse por lei el uso del sistema m\u00e9trico decimal en todo el Estao, coa finalid\u00e1 d\u2019unificar os criterios usaos nas transacci\u00f3is comerciales. As\u00ed e todo, nel medio rural seguiron us\u00e1ndose os pesos e medidas vellos qu\u2019inda siguen hoi.<\/p>\n<p><a href=\"https:\/\/www.museodegrandas.es\/wp-content\/uploads\/2014\/02\/pesos-medidas.jpg\"><img class=\"wp-image-1279 aligncenter\" src=\"https:\/\/www.museodegrandas.es\/wp-content\/uploads\/2014\/02\/pesos-medidas.jpg\" alt=\"pesos-medidas\" width=\"500\" \/><\/a><\/p>\n<p>En 1852, as medidas en uso nel partido de Grandas de Salime eran estas:<\/p>\n<ul>\n<li>Lonxit\u00fa: vara (0,85m), cuarta (0,21m) e pulgada (0,02m)<\/li>\n<li>Capacid\u00e1 p\u2019\u00e1ridos: a fanega (48 kg), el ferrao (12 kg) y el tego (6 kg)<\/li>\n<li>Capacid\u00e1 pa l\u00edquidos: a canada (4,56 l), el cuartillo (0,57 l) y el cuarter\u00f3n (0,14 l)<\/li>\n<li>Medidas de peso: el quintal (57,5 kg), a arroba (14,3 kg), a libra (0,57 kg) y a onza (0,028 kg)<\/li>\n<li>Medidas agrarias e superficie: a fanega de terra (7,86 \u00e1reas), a vara cuadrada (0,73 m) y a cuarta cuadrada (0,46 m).<\/li>\n<\/ul>\n<p>Na sala esp\u00f3inse balanzas, b\u00e1sculas, romanas, b\u00e1sculas dinamom\u00e9tricas, pesas e recipientes de medidas diferentes.<\/p>\n","protected":false},"excerpt":{"rendered":"<p>Hasta el siglo XIX os pesos e medidas de cada provincia, partido xudicial ou concello eran diferentes. A mediaos d\u2019esa centuria imp\u00f3nse por lei el uso del sistema m\u00e9trico decimal en todo el Estao, coa finalid\u00e1 d\u2019unificar os criterios usaos nas transacci\u00f3is comerciales. As\u00ed e todo, nel medio rural seguiron us\u00e1ndose os pesos e medidas [&hellip;]<\/p>\n","protected":false},"author":2,"featured_media":0,"parent":7336,"menu_order":0,"comment_status":"closed","ping_status":"closed","template":"","meta":{"_et_pb_use_builder":"","_et_pb_old_content":"","_et_gb_content_width":""},"_links":{"self":[{"href":"https:\/\/www.museodegrandas.es\/as\/wp-json\/wp\/v2\/pages\/7377"}],"collection":[{"href":"https:\/\/www.museodegrandas.es\/as\/wp-json\/wp\/v2\/pages"}],"about":[{"href":"https:\/\/www.museodegrandas.es\/as\/wp-json\/wp\/v2\/types\/page"}],"author":[{"embeddable":true,"href":"https:\/\/www.museodegrandas.es\/as\/wp-json\/wp\/v2\/users\/2"}],"replies":[{"embeddable":true,"href":"https:\/\/www.museodegrandas.es\/as\/wp-json\/wp\/v2\/comments?post=7377"}],"version-history":[{"count":0,"href":"https:\/\/www.museodegrandas.es\/as\/wp-json\/wp\/v2\/pages\/7377\/revisions"}],"up":[{"embeddable":true,"href":"https:\/\/www.museodegrandas.es\/as\/wp-json\/wp\/v2\/pages\/7336"}],"wp:attachment":[{"href":"https:\/\/www.museodegrandas.es\/as\/wp-json\/wp\/v2\/media?parent=7377"}],"curies":[{"name":"wp","href":"https:\/\/api.w.org\/{rel}","templated":true}]}}