

{"id":7371,"date":"2022-05-03T13:12:52","date_gmt":"2022-05-03T13:12:52","guid":{"rendered":"https:\/\/www.museodegrandas.es\/localizacion-e-contacto\/"},"modified":"2022-10-31T16:31:57","modified_gmt":"2022-10-31T16:31:57","slug":"localizacion-e-contacto","status":"publish","type":"page","link":"https:\/\/www.museodegrandas.es\/as\/localizacion-e-contacto\/","title":{"rendered":"Localizaci\u00f3n e Contacto"},"content":{"rendered":"<p>[et_pb_section fb_built=&#8221;1&#8243; admin_label=&#8221;section&#8221; _builder_version=&#8221;4.16&#8243; global_colors_info=&#8221;{}&#8221;][et_pb_row admin_label=&#8221;row&#8221; _builder_version=&#8221;4.16&#8243; background_size=&#8221;initial&#8221; background_position=&#8221;top_left&#8221; background_repeat=&#8221;repeat&#8221; global_colors_info=&#8221;{}&#8221;][et_pb_column type=&#8221;4_4&#8243; _builder_version=&#8221;4.16&#8243; custom_padding=&#8221;|||&#8221; global_colors_info=&#8221;{}&#8221; custom_padding__hover=&#8221;|||&#8221;][et_pb_text admin_label=&#8221;Text&#8221; _builder_version=&#8221;4.16&#8243; background_size=&#8221;initial&#8221; background_position=&#8221;top_left&#8221; background_repeat=&#8221;repeat&#8221; global_colors_info=&#8221;{}&#8221;]<\/p>\n<h2>C\u00f3mo llegar:<\/h2>\n<hr \/>\n<h3><\/h3>\n<h3>Por carretera:<\/h3>\n<h5>Dende Uvi\u00e9u:<\/h5>\n<p style=\"padding-left: 40px;\">Coller a A-63, direcci\u00f3n Grau-La Espina, hasta salida 28. Coller a AS-15 direcci\u00f3n Cangas del Narcea e seguir hasta Pontelinfiernu. Dende al\u00ed, seguir a AS-14 hasta Grandas de Salime.<\/p>\n<h5>Dende Xix\u00f3n:<\/h5>\n<h6 style=\"padding-left: 40px;\"><span style=\"text-decoration: underline;\">Opci\u00f3n 1. Por Bual<\/span><\/h6>\n<p style=\"padding-left: 80px;\">Coller a A-8, direcci\u00f3n A Coru\u00f1a. Na salida 498, coller a N-632 hasta Navia. Desde Navia coller a AS-12 hasta Grandas de Salime.<\/p>\n<h6 style=\"padding-left: 40px;\"><span style=\"text-decoration: underline;\">Opci\u00f3n 2. Pola Veiga<\/span><\/h6>\n<p style=\"padding-left: 80px;\">Coller a A-8, direcci\u00f3n A Coru\u00f1a. Na salida 484, coller a N-640 hasta A Veiga. Dende A Veiga coller a AS-11 hasta A Garganta. Seguir pola AS-13 hasta Pez\u00f3s e, dende al\u00ed, pola AS-12 hasta Grandas de Salime.<\/p>\n<h5>Dende Lugo:<\/h5>\n<p style=\"padding-left: 40px;\">Carretera LU-530 hasta A Fonsagrada. Dende al\u00ed, coller a AS-28 hasta Grandas de Salime.<\/p>\n<h2><\/h2>\n<h3>En Autob\u00fas de linia regular:<\/h3>\n<p>En autob\u00fas de linia regular:<\/p>\n<p style=\"padding-left: 40px;\">Linia Navia-Grandas de Salime. M\u00e1is informaci\u00f3n en h<a href=\"http:\/\/www.her-vei.es\/autocares-luarca-bus-s-l\">ttp:\/\/www.her-vei.es\/autocares-luarca-bus-s-l<\/a><\/p>\n<p style=\"padding-left: 40px;\">Linia Uvi\u00e9u-Grandas de Salime. M\u00e1is informaci\u00f3n en <a href=\"http:\/\/www.alsa.es\/\">http:\/\/www.alsa.es\/<\/a><\/p>\n<p style=\"padding-left: 40px;\">\n<p>[\/et_pb_text][\/et_pb_column][\/et_pb_row][\/et_pb_section]<\/p>\n","protected":false},"excerpt":{"rendered":"<p>C\u00f3mo llegar: Por carretera: Dende Uvi\u00e9u: Coller a A-63, direcci\u00f3n Grau-La Espina, hasta salida 28. Coller a AS-15 direcci\u00f3n Cangas del Narcea e seguir hasta Pontelinfiernu. Dende al\u00ed, seguir a AS-14 hasta Grandas de Salime. Dende Xix\u00f3n: Opci\u00f3n 1. Por Bual Coller a A-8, direcci\u00f3n A Coru\u00f1a. Na salida 498, coller a N-632 hasta Navia. [&hellip;]<\/p>\n","protected":false},"author":2,"featured_media":0,"parent":0,"menu_order":5,"comment_status":"open","ping_status":"closed","template":"","meta":{"_et_pb_use_builder":"on","_et_pb_old_content":"","_et_gb_content_width":""},"_links":{"self":[{"href":"https:\/\/www.museodegrandas.es\/as\/wp-json\/wp\/v2\/pages\/7371"}],"collection":[{"href":"https:\/\/www.museodegrandas.es\/as\/wp-json\/wp\/v2\/pages"}],"about":[{"href":"https:\/\/www.museodegrandas.es\/as\/wp-json\/wp\/v2\/types\/page"}],"author":[{"embeddable":true,"href":"https:\/\/www.museodegrandas.es\/as\/wp-json\/wp\/v2\/users\/2"}],"replies":[{"embeddable":true,"href":"https:\/\/www.museodegrandas.es\/as\/wp-json\/wp\/v2\/comments?post=7371"}],"version-history":[{"count":32,"href":"https:\/\/www.museodegrandas.es\/as\/wp-json\/wp\/v2\/pages\/7371\/revisions"}],"predecessor-version":[{"id":9302,"href":"https:\/\/www.museodegrandas.es\/as\/wp-json\/wp\/v2\/pages\/7371\/revisions\/9302"}],"wp:attachment":[{"href":"https:\/\/www.museodegrandas.es\/as\/wp-json\/wp\/v2\/media?parent=7371"}],"curies":[{"name":"wp","href":"https:\/\/api.w.org\/{rel}","templated":true}]}}