

{"id":7368,"date":"2022-05-03T13:11:49","date_gmt":"2022-05-03T13:11:49","guid":{"rendered":"https:\/\/www.museodegrandas.es\/visitas\/visitas-individuales\/"},"modified":"2025-03-03T11:19:24","modified_gmt":"2025-03-03T11:19:24","slug":"visitas-individuales","status":"publish","type":"page","link":"https:\/\/www.museodegrandas.es\/as\/visitas\/visitas-individuales\/","title":{"rendered":"Visitas individuales"},"content":{"rendered":"<ul>\n<li>A visita individual nun precisa reserva previa. P\u00f3dese adquirir a entrada online al trav\u00e9s del siguiente enlace: <a href=\"https:\/\/museodegrandas.sacatuentrada.es\/\">Compra d&#8217;entradas<\/a><\/li>\n<li>A visita \u00e9 libre. Na recepci\u00f3n del Museo, coa entrada, ap\u00farrese \u00faa gu\u00eda de mao dispo\u00f1ible en espa\u00f1ol, ingl\u00e9s, franc\u00e9s e galego-asturiano. Antias d\u2019empezar a visita, personal del Museo recibe a os visitantes y ofrece \u00faas orientaci\u00f3is b\u00e1sicas sobre a naturaleza del centro, as s\u00faas colecci\u00f3is y el recorrido aconsellao.<\/li>\n<li><strong>8 e 22 de marzo, 12 de abril del 2024, \u00e1s 11:00 horas<\/strong>\u00a0fair\u00e1nse\u00a0<strong>visitas guiadas \u00e1 exposici\u00f3n permanente,<\/strong><strong>\u00a0<\/strong>de baldre coa entrada del Museo. Pa participar \u00e9 imprescindible comprar a entrada al Museo escollendo a fecha da visita y el hora correspondente (11:00 horas) neste enlace:\u00a0Visita guiada.<\/li>\n<\/ul>\n<p>Pa qu\u2019a s\u00faa estancia resulte \u00faa boa esperiencia te\u00f1a en conta estas <strong>recomendaci\u00f3is<\/strong>:<\/p>\n<ul>\n<li>A duraci\u00f3n calculada da visita \u00e9 d\u2019\u00faa hora e media. Pa ser ben, hab\u00eda qu\u2019ama\u00f1ar el viaxe con antelaci\u00f3n y entrar al Museo con tempo abondo pa poder disfrutar el recorrido sin pr\u00e9sa.<\/li>\n<\/ul>\n<ul>\n<li>Os guarda-gu\u00edas del centro t\u00e1n \u00e1 s\u00faa disposici\u00f3n p\u2019atender cualquera duda ou circunstancia que se produza mentres ta nel Museo.<\/li>\n<\/ul>\n<ul>\n<li>\u00c9 aconsellable seguir el recorrido indicao pa garantizar \u00faa visita completa de todas as instalaci\u00f3is.<\/li>\n<\/ul>\n<ul>\n<li>Consulte os <a href=\"https:\/\/www.museodegrandas.es\/as\/horarios-y-tarifas\/\">horarios e tarifas<\/a> vixentes.<\/li>\n<\/ul>\n<p><a href=\"https:\/\/www.museodegrandas.es\/wp-content\/uploads\/2014\/03\/2.VIS-INDIVDUAL_SRA.jpg\"><img loading=\"lazy\" class=\"aligncenter wp-image-6407\" src=\"https:\/\/www.museodegrandas.es\/wp-content\/uploads\/2014\/03\/2.VIS-INDIVDUAL_SRA.jpg\" alt=\"\" width=\"500\" height=\"507\" \/><\/a><\/p>\n<p>&nbsp;<\/p>\n","protected":false},"excerpt":{"rendered":"<p>A visita individual nun precisa reserva previa. P\u00f3dese adquirir a entrada online al trav\u00e9s del siguiente enlace: Compra d&#8217;entradas A visita \u00e9 libre. Na recepci\u00f3n del Museo, coa entrada, ap\u00farrese \u00faa gu\u00eda de mao dispo\u00f1ible en espa\u00f1ol, ingl\u00e9s, franc\u00e9s e galego-asturiano. Antias d\u2019empezar a visita, personal del Museo recibe a os visitantes y ofrece \u00faas [&hellip;]<\/p>\n","protected":false},"author":2,"featured_media":0,"parent":7359,"menu_order":0,"comment_status":"closed","ping_status":"closed","template":"","meta":{"_et_pb_use_builder":"","_et_pb_old_content":"","_et_gb_content_width":""},"_links":{"self":[{"href":"https:\/\/www.museodegrandas.es\/as\/wp-json\/wp\/v2\/pages\/7368"}],"collection":[{"href":"https:\/\/www.museodegrandas.es\/as\/wp-json\/wp\/v2\/pages"}],"about":[{"href":"https:\/\/www.museodegrandas.es\/as\/wp-json\/wp\/v2\/types\/page"}],"author":[{"embeddable":true,"href":"https:\/\/www.museodegrandas.es\/as\/wp-json\/wp\/v2\/users\/2"}],"replies":[{"embeddable":true,"href":"https:\/\/www.museodegrandas.es\/as\/wp-json\/wp\/v2\/comments?post=7368"}],"version-history":[{"count":10,"href":"https:\/\/www.museodegrandas.es\/as\/wp-json\/wp\/v2\/pages\/7368\/revisions"}],"predecessor-version":[{"id":10882,"href":"https:\/\/www.museodegrandas.es\/as\/wp-json\/wp\/v2\/pages\/7368\/revisions\/10882"}],"up":[{"embeddable":true,"href":"https:\/\/www.museodegrandas.es\/as\/wp-json\/wp\/v2\/pages\/7359"}],"wp:attachment":[{"href":"https:\/\/www.museodegrandas.es\/as\/wp-json\/wp\/v2\/media?parent=7368"}],"curies":[{"name":"wp","href":"https:\/\/api.w.org\/{rel}","templated":true}]}}