

{"id":7366,"date":"2022-05-03T13:10:19","date_gmt":"2022-05-03T13:10:19","guid":{"rendered":"https:\/\/www.museodegrandas.es\/visitas\/visitas-escolares\/"},"modified":"2022-09-02T14:01:37","modified_gmt":"2022-09-02T14:01:37","slug":"visitas-escolares","status":"publish","type":"page","link":"https:\/\/www.museodegrandas.es\/as\/visitas\/visitas-escolares\/","title":{"rendered":"Visitas escolares"},"content":{"rendered":"<p style=\"text-align: center;\"><strong><a href=\"https:\/\/www.museodegrandas.es\/wp-content\/uploads\/2022\/08\/Guia-escolar-Grandas-2022-23.pdf\">Gu\u00eda escolar Grandas 2022-23<\/a><\/strong><\/p>\n<p>&nbsp;<\/p>\n<h2><span style=\"color: #800000;\">Antias de visitar el Museo\u2026<\/span><\/h2>\n<p>&nbsp;<\/p>\n<p><strong>Xornada de Portas Abertas pa profesores e monitores de centros educativos<\/strong><\/p>\n<p><strong>7 d\u2019outubre<\/strong> del 2022 e <strong>3 de marzo<\/strong> del 2023. \u00c1s 16:00 horas. \u00c1s <strong>16:00 horas<\/strong><\/p>\n<p>Propu\u00e9mosche esta visita de toma de contacto pa conocer el espacio y as s\u00faas actividades.<\/p>\n<p>C\u00f3mo participar: esta activid\u00e1 \u00e9 de bladre e precisa reserva previa al trav\u00e9s d\u2019este enlace: <strong>Reserva JPA<\/strong>.<\/p>\n<p>&nbsp;<\/p>\n<h2><span style=\"color: #800000;\">C\u00f3mo visitar el Museo presencialmente<\/span><\/h2>\n<p>Os grupos escolares poden escoller entre alg\u00faas alternativas pa conocer os contidos del Museo. As propostas nun se poden xuntar, nun podendo faerse m\u00e1is d\u2019\u00faa por grupo escolar e xornada.<\/p>\n<h3><\/h3>\n<h3>Visita guiada completa<\/h3>\n<p>El mellor xeito de conocer el Museo. Visita d\u2019\u00faa hora a toda a esposici\u00f3n permanente, axeitada al nivel educativo de cada grupo. Un recorrido integral unde conocer a forma de vida das comunidades labradoras, as s\u00faas actividades de cadald\u00eda, labores, oficios, tecnolox\u00eda, ocio\u2026.<\/p>\n<p>Activid\u00e1 de <strong>baldre<\/strong> en castellano.<\/p>\n<h3><\/h3>\n<h3>Os almac\u00e9is da casa labradora: horros, paneras e cabazos<\/h3>\n<p>Visita <strong>tem\u00e1tica<\/strong> guiada de 45 minutos de duraci\u00f3n dirixida a todos os p\u00fablicos sobre as estructuras d\u2019almacenamento tradicionales, tomando como base el horro, a panera y el cabazo del Museo. En acabando a visita, vaise dar al alumnao cadas\u00f3u recortable pa faer un horro col qu\u2019han poder reforzar nel aula os conocementos adquiridos.<\/p>\n<p>Activid\u00e1 de <strong>baldre<\/strong> en castellano (baxo petici\u00f3n y dependendo da dispo\u00f1ibilid\u00e1, pode realizarse en eonaviego).<\/p>\n<h3><\/h3>\n<h3>Os inxenios hidr\u00e1ulicos: el mol\u00edn farineiro<\/h3>\n<p>Visita <strong>tem\u00e1tica<\/strong> guiada de 45 minutos de duraci\u00f3n dirixida a todos os ciclos. El alumnao vai conocer el xeito d\u2019aprovetar el auga como forza motriz. Imos parar nel mol\u00edn hidr\u00e1ulico farineiro del Museo, qu\u2019han poder ver funcionando, y imos revisar a importancia del pan p\u00e1 comunid\u00e1 labradora e todos os procesos necesarios p\u00e1 s\u00faa elaboraci\u00f3n, dende semar el cereal al producto final.<\/p>\n<p>Activid\u00e1 de baldre en castellano (baxo petici\u00f3n y dependendo da dispo\u00f1ibilid\u00e1, pode realizarse en eonaviego).<\/p>\n<h3><\/h3>\n<h3>A madera y os sus usos: demostraci\u00f3is de torner\u00eda<\/h3>\n<p>Visita tem\u00e1tica + activid\u00e1, d\u2019\u00faa hora de duraci\u00f3n, pa todos os ciclos educativos. El alumnao vai aprender a diferenciar as principales clases de madera, cu\u00e1les eran os sous usos y os principales oficios que naceron de resultas da s\u00faa manipulaci\u00f3n e trasformaci\u00f3n Incluye recorrido esplicativo da Sala da Madera da Casa Rectoral, xogo participativo d\u2019identificaci\u00f3n de clases de madera e demostraci\u00f3n esplicativa del funcionamento del torno de media volta.<\/p>\n<p>Activid\u00e1 de baldre en castellano (baxo petici\u00f3n y dependendo da dispo\u00f1ibilid\u00e1, pode realizarse en eonaviego) dispo\u00f1ible de m\u00e9rcoles a venres.<\/p>\n<h3><\/h3>\n<h3>Yincana<\/h3>\n<p>Un xeito diferente de conocer el Museo coa superaci\u00f3n d\u2019alg\u00fas retos qu\u2019han faer qu\u2019el alumnao te\u00f1a que realizar alg\u00fan labor ou atopar obxetos espostos nel Museo.<\/p>\n<p>Activid\u00e1 de <strong>baldre<\/strong> en castellano dirixida a Educaci\u00f3n Primaria e con \u00faa duraci\u00f3n de 45-60 minutos. <em>Dispo\u00f1ible a partir de marzo<\/em>.<\/p>\n<h3><\/h3>\n<h3>Actividades personalizadas<\/h3>\n<p>Baxo demanda dise\u00f1amos actividades personalizadas axeitadas \u00e1 materia e contidos que nos propo\u00f1an os centros.<\/p>\n<h4>__________<\/h4>\n<h4><strong>Informaci\u00f3n importante:<\/strong><\/h4>\n<ul>\n<li>Has atopar el detalle de todas estas propostas na <strong><a href=\"https:\/\/www.museodegrandas.es\/wp-content\/uploads\/2022\/08\/Guia-escolar-Grandas-2022-23.pdf\">Gu\u00eda escolar Grandas 2022-23<\/a><\/strong>.<\/li>\n<li>\u2022 Nel caso das actividades presenciales, as alternativas propostas nun se poden xuntar, nun podendo faerse m\u00e1is d\u2019\u00faa por grupo escolar e xornada.<\/li>\n<li>\u2022 Actividades dispo\u00f1ibles de <strong>m\u00e9rcoles a venres<\/strong> en horario de ma\u00f1\u00e1.<\/li>\n<li>\u2022 Baxo petici\u00f3n, e sempre que fora posible, poder\u00edan axustarse outras fechas y\/ou horarios axeitaos \u00e1s necesidades del centro educativo.<\/li>\n<li>Imprescindible <strong>reserva previa<\/strong> con alomenos 48 horas d\u2019antelaci\u00f3n.<\/li>\n<li>\u2022 Se el grupo escolar supera a capacid\u00e1 da visita ou activid\u00e1 seleccionada, recom\u00e9ndase contactar col Museo. El noso personal vai estudiar as alternativas posibles pa que todo el grupo poda faer a activid\u00e1<\/li>\n<li>\u2022 Acons\u00e9llase preparaci\u00f3n previa nel aula.<\/li>\n<li>Podemos facilitar presuposto de trasporte dende el sou lugar d\u2019orixe<\/li>\n<\/ul>\n<p>&nbsp;<\/p>\n<h2><span style=\"color: #800000;\">El Museo dende el aula<\/span><\/h2>\n<p>El Museo ofrece a posibilid\u00e1 de traballar dende el aula os sous contidos en colaboraci\u00f3n on-line cos sous t\u00e9cnicos.<\/p>\n<p><strong>As cartas da memoria: aprendendo a investigar el Patrimonio inmaterial<\/strong><\/p>\n<p>Al trav\u00e9s d\u2019esta proposta, el alumnao (5.\u00ba e 6.\u00ba de Primaria y ESO) vai aprender a reconocer ese patrimonio e vaise convertir en investigador del Museo axudando de xeito activo a aumentar os nosos conocementos sobre as xeneraci\u00f3is que nos precederon. Faise en varias fases: visualizaci\u00f3n nel Aula del v\u00eddeo \u201cMemorias da nosa terra\u201d Jos\u00e9 Blanco \u00c1lvarez. galocheiro; conexi\u00f3n v\u00eda Teams cos t\u00e9cnicos del Museo e realizaci\u00f3n d\u2019entrevistas, posta en com\u00fan nel aula e conexi\u00f3n v\u00eda Teams pa compartir as conclusi\u00f3is das entrevistas.<\/p>\n<p>&nbsp;<\/p>\n<h2><span style=\"color: #800000;\">Material did\u00e1ctico<\/span><\/h2>\n<p>El Museo disp\u00f3n de d\u00faas l\u00e1minas recortables coas que poder montar un <a href=\"https:\/\/www.museodegrandas.es\/wp-content\/uploads\/2022\/08\/Recortable-horreo.pdf\">horro<\/a> ou un <strong>carro<\/strong> del pa\u00eds. Un xeito de conocer constru\u00edndo dous dos elementos m\u00e1is caracter\u00edsticos das casas labradoras.<\/p>\n<p>&nbsp;<\/p>\n<h2><span style=\"color: #800000;\">Visitas accesibles<\/span><\/h2>\n<p>Contacta con nosoutros e xuntos imos axeitar a visita \u00e1s necesidades del tou grupo se ten alg\u00faa clas de diversid\u00e1 funcional.<\/p>\n<p>&nbsp;<\/p>\n<h2><span style=\"color: #800000;\">Xestiona a t\u00faa reserva<\/span><\/h2>\n<p>As reservas p\u00f3dense tramitar por varias v\u00edas:<\/p>\n<ul>\n<li>e\u2022 nos tel\u00e9fonos <strong>902 306 600 \u2013 985 185 860<\/strong>. Neste tel\u00e9fono tam\u00e9n imos resolver todas as dudas que te\u00f1as al pensar a t\u00faa visita al Museo.<\/li>\n<li>\u2022 al trav\u00e9s del mail <strong>reservas@turismoycultura.asturias.es<\/strong> mandando formulario de reserva.<\/li>\n<li>online. <em>D\u2019aqu\u00ed a pouco<\/em>.<\/li>\n<\/ul>\n","protected":false},"excerpt":{"rendered":"<p>Gu\u00eda escolar Grandas 2022-23 &nbsp; Antias de visitar el Museo\u2026 &nbsp; Xornada de Portas Abertas pa profesores e monitores de centros educativos 7 d\u2019outubre del 2022 e 3 de marzo del 2023. \u00c1s 16:00 horas. \u00c1s 16:00 horas Propu\u00e9mosche esta visita de toma de contacto pa conocer el espacio y as s\u00faas actividades. C\u00f3mo participar: [&hellip;]<\/p>\n","protected":false},"author":2,"featured_media":0,"parent":7359,"menu_order":0,"comment_status":"closed","ping_status":"closed","template":"","meta":{"_et_pb_use_builder":"","_et_pb_old_content":"","_et_gb_content_width":""},"_links":{"self":[{"href":"https:\/\/www.museodegrandas.es\/as\/wp-json\/wp\/v2\/pages\/7366"}],"collection":[{"href":"https:\/\/www.museodegrandas.es\/as\/wp-json\/wp\/v2\/pages"}],"about":[{"href":"https:\/\/www.museodegrandas.es\/as\/wp-json\/wp\/v2\/types\/page"}],"author":[{"embeddable":true,"href":"https:\/\/www.museodegrandas.es\/as\/wp-json\/wp\/v2\/users\/2"}],"replies":[{"embeddable":true,"href":"https:\/\/www.museodegrandas.es\/as\/wp-json\/wp\/v2\/comments?post=7366"}],"version-history":[{"count":3,"href":"https:\/\/www.museodegrandas.es\/as\/wp-json\/wp\/v2\/pages\/7366\/revisions"}],"predecessor-version":[{"id":9170,"href":"https:\/\/www.museodegrandas.es\/as\/wp-json\/wp\/v2\/pages\/7366\/revisions\/9170"}],"up":[{"embeddable":true,"href":"https:\/\/www.museodegrandas.es\/as\/wp-json\/wp\/v2\/pages\/7359"}],"wp:attachment":[{"href":"https:\/\/www.museodegrandas.es\/as\/wp-json\/wp\/v2\/media?parent=7366"}],"curies":[{"name":"wp","href":"https:\/\/api.w.org\/{rel}","templated":true}]}}