

{"id":7364,"date":"2022-05-03T13:09:31","date_gmt":"2022-05-03T13:09:31","guid":{"rendered":"https:\/\/www.museodegrandas.es\/visitas\/visitas-de-grupo\/"},"modified":"2026-01-15T11:27:50","modified_gmt":"2026-01-15T11:27:50","slug":"visitas-de-grupo","status":"publish","type":"page","link":"https:\/\/www.museodegrandas.es\/as\/visitas\/visitas-de-grupo\/","title":{"rendered":"Visitas de grupo"},"content":{"rendered":"<ul>\n<li>Consid\u00e9rase grupo el conxunto de 15 ou m\u00e1is visitantes.<\/li>\n<li>Pa poder disfrutar dos descontos e ventaxas qu\u2019ofrece esta modalid\u00e1 \u00e9 imprescindible faer \u00faa reserva previa e confirmala con, alomenos, 24 horas d\u2019antelaci\u00f3n. Poden faer a reserva al trav\u00e9s del correo electr\u00f3nico\u00a0<a href=\"mailto:museodegrandas@turismoycultura.asturias.es\" target=\"_blank\" rel=\"noopener\">museodegrandas@turismoycultura.asturias.es<\/a> ou v\u00eda telef\u00f3nica nel n\u00famaro 985 627 243.<\/li>\n<\/ul>\n<ul>\n<li>A reserva axuda al Museo a conocer en tempo el n\u00famaro de participantes y as s\u00faas espectativas de visita, axeitando os servicios del centro \u00e1s s\u00faas necesidades. Se el n\u00famaro d\u2019integrantes lo aconsella, na recepci\u00f3n del Museo ha reorganizarse el grupo facilitando un acceso escalonao al centro que garantice \u00faa visita c\u00f3moda pa todos os participantes.<\/li>\n<\/ul>\n<ul>\n<li>A visita \u00e9 libre. Coa entrada, ap\u00farrese \u00faa gu\u00eda de mao dispo\u00f1ible en espa\u00f1ol, ingl\u00e9s, franc\u00e9s e galego-asturiano. Un guarda-gu\u00eda del Museo vai acompa\u00f1ar al grupo mentres \u00e9 el recorrido p\u2019aclarar as dudas que puideran producirse na visita.<\/li>\n<\/ul>\n<p>Pa qu\u2019a estancia resulte \u00faa boa esperiencia acons\u00e9llase ter en conta estas <strong>recomendaci\u00f3is<\/strong>:<\/p>\n<ul>\n<li>A duraci\u00f3n calculada da visita \u00e9 d\u2019\u00faa hora e media. Pa ser ben, hab\u00eda qu\u2019ama\u00f1ar el viaxe con antelaci\u00f3n y entrar al Museo con tempo abondo pa poder disfrutar el recorrido sin pr\u00e9sa. Se el grupo pasa dos vinte integrantes \u00e9 necesario considerar el tempo amecido derivao del acceso escalonao al centro. Consulte cualquera duda cuando faga a reserva.<\/li>\n<\/ul>\n<ul>\n<li>Os guarda-gu\u00edas del centro t\u00e1n \u00e1 s\u00faa disposici\u00f3n p\u2019atender cualquera duda ou circunstancia que se produza mentres ta nel Museo.<\/li>\n<\/ul>\n<ul>\n<li>\u00c9 aconsellable seguir el recorrido indicao pa garantizar \u00faa visita completa de todas as instalaci\u00f3is.<\/li>\n<\/ul>\n<ul>\n<li>Consulte os <a href=\"https:\/\/www.museodegrandas.es\/as\/horarios-y-tarifas\/\">horarios e tarifas<\/a> vixentes.<\/li>\n<\/ul>\n<p><a href=\"https:\/\/www.museodegrandas.es\/wp-content\/uploads\/2014\/03\/4.VIS-GRUPO_SHG.jpg\"><img loading=\"lazy\" class=\"aligncenter wp-image-6409\" src=\"https:\/\/www.museodegrandas.es\/wp-content\/uploads\/2014\/03\/4.VIS-GRUPO_SHG.jpg\" alt=\"\" width=\"500\" height=\"492\" \/><\/a><\/p>\n","protected":false},"excerpt":{"rendered":"<p>Consid\u00e9rase grupo el conxunto de 15 ou m\u00e1is visitantes. Pa poder disfrutar dos descontos e ventaxas qu\u2019ofrece esta modalid\u00e1 \u00e9 imprescindible faer \u00faa reserva previa e confirmala con, alomenos, 24 horas d\u2019antelaci\u00f3n. Poden faer a reserva al trav\u00e9s del correo electr\u00f3nico\u00a0museodegrandas@turismoycultura.asturias.es ou v\u00eda telef\u00f3nica nel n\u00famaro 985 627 243. A reserva axuda al Museo a [&hellip;]<\/p>\n","protected":false},"author":2,"featured_media":0,"parent":7359,"menu_order":0,"comment_status":"closed","ping_status":"closed","template":"","meta":{"_et_pb_use_builder":"","_et_pb_old_content":"","_et_gb_content_width":""},"_links":{"self":[{"href":"https:\/\/www.museodegrandas.es\/as\/wp-json\/wp\/v2\/pages\/7364"}],"collection":[{"href":"https:\/\/www.museodegrandas.es\/as\/wp-json\/wp\/v2\/pages"}],"about":[{"href":"https:\/\/www.museodegrandas.es\/as\/wp-json\/wp\/v2\/types\/page"}],"author":[{"embeddable":true,"href":"https:\/\/www.museodegrandas.es\/as\/wp-json\/wp\/v2\/users\/2"}],"replies":[{"embeddable":true,"href":"https:\/\/www.museodegrandas.es\/as\/wp-json\/wp\/v2\/comments?post=7364"}],"version-history":[{"count":5,"href":"https:\/\/www.museodegrandas.es\/as\/wp-json\/wp\/v2\/pages\/7364\/revisions"}],"predecessor-version":[{"id":11266,"href":"https:\/\/www.museodegrandas.es\/as\/wp-json\/wp\/v2\/pages\/7364\/revisions\/11266"}],"up":[{"embeddable":true,"href":"https:\/\/www.museodegrandas.es\/as\/wp-json\/wp\/v2\/pages\/7359"}],"wp:attachment":[{"href":"https:\/\/www.museodegrandas.es\/as\/wp-json\/wp\/v2\/media?parent=7364"}],"curies":[{"name":"wp","href":"https:\/\/api.w.org\/{rel}","templated":true}]}}