

{"id":7363,"date":"2022-05-03T13:09:12","date_gmt":"2022-05-03T13:09:12","guid":{"rendered":"https:\/\/www.museodegrandas.es\/visitas\/talleres-y-actividades-especiales-para-escolares\/"},"modified":"2022-05-04T20:37:24","modified_gmt":"2022-05-04T20:37:24","slug":"talleres-y-actividades-especiales-para-escolares","status":"publish","type":"page","link":"https:\/\/www.museodegrandas.es\/as\/visitas\/talleres-y-actividades-especiales-para-escolares\/","title":{"rendered":"Talleres y actividades especiales para escolares"},"content":{"rendered":"<h2>Condiciones generales<\/h2>\n<ul>\n<li>Tanto la entrada como las actividades son gratuitas para grupos escolares con reserva previa.<\/li>\n<li>Para participar se requiere reserva previa con, al menos, 48 horas de antelaci\u00f3n. Pueden realizar la reserva a trav\u00e9s del correo electr\u00f3nico etnogsal@asturias.org o v\u00eda telef\u00f3nica en el n\u00famero 985 627 243.<\/li>\n<li>Los grupos se establecer\u00e1n de forma consensuada con el centro escolar antes de la realizaci\u00f3n de la visita atendiendo tambi\u00e9n, si fuera el caso, a los grupos burbuja y\/u otros condicionantes que pudieran derivarse de los protocolos COVID vigentes.<\/li>\n<li>En caso de que se opte por una visita tem\u00e1tica, taller o actividad especial y sea necesario por razones de aforo dividir la unidad escolar en varios grupos, se recomienda reservar tambi\u00e9n la visita guiada libre con introducci\u00f3n previa para poder alternar las actividades de los grupos sin esperas.<\/li>\n<li>Se puede facilitar presupuesto de transporte desde su lugar de origen.<\/li>\n<\/ul>\n<p>&nbsp;<\/p>\n<p>Estas actividades incluyen la realizaci\u00f3n de un taller did\u00e1ctico o actividad especial que puede combinarse con una visita libre introducida por los gu\u00edas del Museo.<\/p>\n<p>&nbsp;<\/p>\n<h2>La madera y sus usos: demostraci\u00f3n de torner\u00eda<\/h2>\n<p>La madera era una de las materias primas b\u00e1sicas de las sociedades campesinas tradicionales. Presente en las viviendas, el trabajo y la vida cotidiana, dio lugar a multitud de oficios diversos que casi siempre realizaban los propios campesinos, combin\u00e1ndolos con el trabajo en el campo y el cuidado del ganado. En esta actividades, el alumnado aprender\u00e1 a diferenciar los principales tipos de madera que se empleaban, cuales eran sus usos y los principales oficios que se generaron en torno a su manipulaci\u00f3n y transformaci\u00f3n. La actividad concluye con una demostraci\u00f3n del funcionamiento del torno de media vuelta, ingenio para trabajar la madera en el que se fabricaba la vajilla de la casa.<\/p>\n<p><a href=\"https:\/\/www.museodegrandas.es\/wp-content\/uploads\/2021\/09\/madera-750.jpg\"><img loading=\"lazy\" class=\"size-full wp-image-7146 aligncenter\" src=\"https:\/\/www.museodegrandas.es\/wp-content\/uploads\/2021\/09\/madera-750.jpg\" alt=\"\" width=\"750\" height=\"400\" \/><\/a><\/p>\n<p><strong>Dirigido a:<\/strong> todos los niveles educativos.<\/p>\n<p><strong>Participantes:<\/strong> la unidad escolar se dividir\u00e1 en grupos de m\u00e1ximo 10 alumnos que realizar\u00e1n la visita de manera independiente y sucesiva. Cada grupo deber\u00e1 ir acompa\u00f1ado por un profesor. Para poder evaluar la duraci\u00f3n total de la actividad se recomienda configurar los grupos de forma previa a la visita, para lo que se podr\u00e1 contar con el asesoramiento del personal del Museo.<\/p>\n<p><strong>Duraci\u00f3n:<\/strong> 45 min.<\/p>\n<p><strong>Condiciones:<\/strong> actividad gratuita. Imprescindible reserva previa que deber\u00e1 confirmarse con, al menos, 48 horas de antelaci\u00f3n.<\/p>\n<p><strong>Observaciones:<\/strong><\/p>\n<p>\u2022 actividad disponible de mi\u00e9rcoles a viernes.<\/p>\n<p>\u2022 la actividad se realiza en castellano.<\/p>\n<p>&nbsp;<\/p>\n<h2>Yincana<\/h2>\n<p>Una forma diferente de conocer el Museo a trav\u00e9s de la superaci\u00f3n de diversos retos que har\u00e1n que el alumnado tenga que ejecutar alguna tarea o localizar objetos expuestos en el Museo.<\/p>\n<p><a href=\"https:\/\/www.museodegrandas.es\/wp-content\/uploads\/2021\/09\/yincana-750.jpg\"><img loading=\"lazy\" class=\"size-full wp-image-7149 aligncenter\" src=\"https:\/\/www.museodegrandas.es\/wp-content\/uploads\/2021\/09\/yincana-750.jpg\" alt=\"\" width=\"750\" height=\"400\" \/><\/a><\/p>\n<p><strong>Dirigido a:<\/strong> todos los niveles educativos.<\/p>\n<p><strong>Participantes:<\/strong> m\u00e1ximo 15 personas<\/p>\n<p><strong>Duraci\u00f3n:<\/strong> 45 min.<\/p>\n<p><strong>Forma de realizaci\u00f3n:<\/strong><\/p>\n<p>\u2022 Visita introductoria en la que se aproximar\u00e1 al alumnado al modo de vida campesino, centrada en las salas y actividades directamente relacionadas con la infancia y\/o con las tareas que desempe\u00f1aban los menores (cocina lareira, escuela, recados, juguetes).<\/p>\n<p>\u2022 Consecuci\u00f3n de retos a partir de la explicaci\u00f3n recibida.<\/p>\n<p>\u2022 Los retos pueden adecuarse a las necesidades curriculares del grupo, consensuando con el profesorado responsable la tem\u00e1tica m\u00e1s adecuada y trabajando previamente la actividad en el aula.<\/p>\n<p>\u2022 La unidad escolar se subdividir\u00e1 en equipos de no m\u00e1s de 5 alumnos que competir\u00e1n entre ellos en la resoluci\u00f3n de los retos. Habr\u00e1 un profesor responsable de cada equipo.<\/p>\n<p><strong>Condiciones:<\/strong> actividad gratuita. Imprescindible reserva previa que deber\u00e1 confirmarse con, al menos, 48 horas de antelaci\u00f3n.<\/p>\n<p><strong>Observaciones:<\/strong><\/p>\n<p>\u2022 actividad disponible de mi\u00e9rcoles a viernes a partir de marzo.<\/p>\n<p>\u2022 la actividad se realiza en castellano.<\/p>\n<p>&nbsp;<\/p>\n<h2>Actividades personalizadas<\/h2>\n<p>La variedad de tem\u00e1ticas presentes en el Museo y la accesibilidad de sus colecciones, convierten al Museo Etnogr\u00e1fico de Grandas de Salime \u201cPepe el Ferreiro\u201d en un recurso did\u00e1ctico de primer orden con m\u00faltiples posibilidades de adaptaci\u00f3n a las distintas fases del desarrollo curricular del alumnado.<\/p>\n<p>Bajo demanda dise\u00f1amos actividades personalizadas adaptadas a la materia y contenidos que nos propongan los centros.<\/p>\n<p>&nbsp;<\/p>\n<p><a href=\"https:\/\/www.museodegrandas.es\/wp-content\/uploads\/2021\/09\/Guia-escolar-Grandas-2021-22.pdf\" target=\"_blank\" rel=\"noopener\">Descargar Gu\u00eda escolar del Museo curso 2021-2022<\/a><\/p>\n","protected":false},"excerpt":{"rendered":"<p>Condiciones generales Tanto la entrada como las actividades son gratuitas para grupos escolares con reserva previa. Para participar se requiere reserva previa con, al menos, 48 horas de antelaci\u00f3n. Pueden realizar la reserva a trav\u00e9s del correo electr\u00f3nico etnogsal@asturias.org o v\u00eda telef\u00f3nica en el n\u00famero 985 627 243. Los grupos se establecer\u00e1n de forma consensuada [&hellip;]<\/p>\n","protected":false},"author":8,"featured_media":0,"parent":7359,"menu_order":0,"comment_status":"closed","ping_status":"closed","template":"","meta":{"_et_pb_use_builder":"off","_et_pb_old_content":"","_et_gb_content_width":""},"_links":{"self":[{"href":"https:\/\/www.museodegrandas.es\/as\/wp-json\/wp\/v2\/pages\/7363"}],"collection":[{"href":"https:\/\/www.museodegrandas.es\/as\/wp-json\/wp\/v2\/pages"}],"about":[{"href":"https:\/\/www.museodegrandas.es\/as\/wp-json\/wp\/v2\/types\/page"}],"author":[{"embeddable":true,"href":"https:\/\/www.museodegrandas.es\/as\/wp-json\/wp\/v2\/users\/8"}],"replies":[{"embeddable":true,"href":"https:\/\/www.museodegrandas.es\/as\/wp-json\/wp\/v2\/comments?post=7363"}],"version-history":[{"count":1,"href":"https:\/\/www.museodegrandas.es\/as\/wp-json\/wp\/v2\/pages\/7363\/revisions"}],"predecessor-version":[{"id":7778,"href":"https:\/\/www.museodegrandas.es\/as\/wp-json\/wp\/v2\/pages\/7363\/revisions\/7778"}],"up":[{"embeddable":true,"href":"https:\/\/www.museodegrandas.es\/as\/wp-json\/wp\/v2\/pages\/7359"}],"wp:attachment":[{"href":"https:\/\/www.museodegrandas.es\/as\/wp-json\/wp\/v2\/media?parent=7363"}],"curies":[{"name":"wp","href":"https:\/\/api.w.org\/{rel}","templated":true}]}}