

{"id":7361,"date":"2022-05-03T13:08:15","date_gmt":"2022-05-03T13:08:15","guid":{"rendered":"https:\/\/www.museodegrandas.es\/visitas\/investigadores\/"},"modified":"2022-05-03T13:08:15","modified_gmt":"2022-05-03T13:08:15","slug":"investigadores","status":"publish","type":"page","link":"https:\/\/www.museodegrandas.es\/as\/visitas\/investigadores\/","title":{"rendered":"Investigadores"},"content":{"rendered":"<ul>\n<li>\n<ul>\n<li>Os fondos bibliogr\u00e1ficos y a colecci\u00f3n documental del Museo at\u00f3panse nestos momentos en fase de catalogaci\u00f3n.<\/li>\n<\/ul>\n<ul>\n<li>El acceso \u00e1 biblioteca ta restrinxido a investigadores acreditaos que lo soliciten.<\/li>\n<\/ul>\n<ul>\n<li>Os volumes e documentos t\u00e1n dispo\u00f1ibles pa consultalos en sala; nun hai servicio d\u2019empr\u00e9stamo.<\/li>\n<\/ul>\n<ul>\n<li>P\u2019acceder \u00e1 biblioteca \u00e9 imprescindible concertar a visita antias, ben al trav\u00e9s del correo electr\u00f3nico <a href=\"etnogsal@asturias.org\">etnogsal@asturias.org<\/a> ou ben v\u00eda telef\u00f3nica nel n\u00famaro 985 627 243.<\/li>\n<\/ul>\n<\/li>\n<\/ul>\n<p>&nbsp;<\/p>\n<p><a href=\"https:\/\/www.museodegrandas.es\/wp-content\/uploads\/2014\/03\/2-Biblioteca_SHG.jpg\"><img loading=\"lazy\" class=\"aligncenter wp-image-6410\" src=\"https:\/\/www.museodegrandas.es\/wp-content\/uploads\/2014\/03\/2-Biblioteca_SHG.jpg\" alt=\"\" width=\"500\" height=\"500\" \/><\/a><\/p>\n","protected":false},"excerpt":{"rendered":"<p>Os fondos bibliogr\u00e1ficos y a colecci\u00f3n documental del Museo at\u00f3panse nestos momentos en fase de catalogaci\u00f3n. El acceso \u00e1 biblioteca ta restrinxido a investigadores acreditaos que lo soliciten. Os volumes e documentos t\u00e1n dispo\u00f1ibles pa consultalos en sala; nun hai servicio d\u2019empr\u00e9stamo. P\u2019acceder \u00e1 biblioteca \u00e9 imprescindible concertar a visita antias, ben al trav\u00e9s del [&hellip;]<\/p>\n","protected":false},"author":2,"featured_media":0,"parent":7359,"menu_order":0,"comment_status":"closed","ping_status":"closed","template":"","meta":{"_et_pb_use_builder":"","_et_pb_old_content":"","_et_gb_content_width":""},"_links":{"self":[{"href":"https:\/\/www.museodegrandas.es\/as\/wp-json\/wp\/v2\/pages\/7361"}],"collection":[{"href":"https:\/\/www.museodegrandas.es\/as\/wp-json\/wp\/v2\/pages"}],"about":[{"href":"https:\/\/www.museodegrandas.es\/as\/wp-json\/wp\/v2\/types\/page"}],"author":[{"embeddable":true,"href":"https:\/\/www.museodegrandas.es\/as\/wp-json\/wp\/v2\/users\/2"}],"replies":[{"embeddable":true,"href":"https:\/\/www.museodegrandas.es\/as\/wp-json\/wp\/v2\/comments?post=7361"}],"version-history":[{"count":0,"href":"https:\/\/www.museodegrandas.es\/as\/wp-json\/wp\/v2\/pages\/7361\/revisions"}],"up":[{"embeddable":true,"href":"https:\/\/www.museodegrandas.es\/as\/wp-json\/wp\/v2\/pages\/7359"}],"wp:attachment":[{"href":"https:\/\/www.museodegrandas.es\/as\/wp-json\/wp\/v2\/media?parent=7361"}],"curies":[{"name":"wp","href":"https:\/\/api.w.org\/{rel}","templated":true}]}}