

{"id":7354,"date":"2022-05-03T13:05:40","date_gmt":"2022-05-03T13:05:40","guid":{"rendered":"https:\/\/www.museodegrandas.es\/el-museo\/15-a-casoa\/15-09-hospital\/"},"modified":"2022-05-03T13:05:40","modified_gmt":"2022-05-03T13:05:40","slug":"15-09-hospital","status":"publish","type":"page","link":"https:\/\/www.museodegrandas.es\/as\/el-museo\/15-a-casoa\/15-09-hospital\/","title":{"rendered":"15.09.- Hospital"},"content":{"rendered":"<p>A construcci\u00f3n e posta en funcionamento del Salto de Salime a mediaos del siglo XX provoc\u00f3u ben trasformaci\u00f3is n\u00faa socied\u00e1 de base eminentemente rural e trouxo non poucas novedades. El Salto cuntaba con un hospital\u00edn, del que proceden os m\u00e1is dos obxetos da sala, que, anque destinao a os sous traballadores y a atender as muitas incidencias laborales, daba tam\u00e9n servicios privaos a os vec\u00edos.<\/p>\n<p style=\"text-align: center;\"><a href=\"https:\/\/www.museodegrandas.es\/wp-content\/uploads\/2014\/02\/hospitalillo.jpg\"><img class=\"wp-image-1248 aligncenter\" src=\"https:\/\/www.museodegrandas.es\/wp-content\/uploads\/2014\/02\/hospitalillo.jpg\" alt=\"hospitalillo\" width=\"500\" \/><\/a><\/p>\n<p style=\"text-align: center;\"><a href=\"https:\/\/www.museodegrandas.es\/wp-content\/uploads\/2014\/02\/hospitalillo2.jpg\"><img class=\"wp-image-1251 aligncenter\" src=\"https:\/\/www.museodegrandas.es\/wp-content\/uploads\/2014\/02\/hospitalillo2.jpg\" alt=\"hospitalillo2\" width=\"500\" \/><\/a><\/p>\n<p><!--:--><\/p>\n","protected":false},"excerpt":{"rendered":"<p>A construcci\u00f3n e posta en funcionamento del Salto de Salime a mediaos del siglo XX provoc\u00f3u ben trasformaci\u00f3is n\u00faa socied\u00e1 de base eminentemente rural e trouxo non poucas novedades. El Salto cuntaba con un hospital\u00edn, del que proceden os m\u00e1is dos obxetos da sala, que, anque destinao a os sous traballadores y a atender as [&hellip;]<\/p>\n","protected":false},"author":2,"featured_media":0,"parent":7336,"menu_order":0,"comment_status":"closed","ping_status":"closed","template":"","meta":{"_et_pb_use_builder":"","_et_pb_old_content":"","_et_gb_content_width":""},"_links":{"self":[{"href":"https:\/\/www.museodegrandas.es\/as\/wp-json\/wp\/v2\/pages\/7354"}],"collection":[{"href":"https:\/\/www.museodegrandas.es\/as\/wp-json\/wp\/v2\/pages"}],"about":[{"href":"https:\/\/www.museodegrandas.es\/as\/wp-json\/wp\/v2\/types\/page"}],"author":[{"embeddable":true,"href":"https:\/\/www.museodegrandas.es\/as\/wp-json\/wp\/v2\/users\/2"}],"replies":[{"embeddable":true,"href":"https:\/\/www.museodegrandas.es\/as\/wp-json\/wp\/v2\/comments?post=7354"}],"version-history":[{"count":0,"href":"https:\/\/www.museodegrandas.es\/as\/wp-json\/wp\/v2\/pages\/7354\/revisions"}],"up":[{"embeddable":true,"href":"https:\/\/www.museodegrandas.es\/as\/wp-json\/wp\/v2\/pages\/7336"}],"wp:attachment":[{"href":"https:\/\/www.museodegrandas.es\/as\/wp-json\/wp\/v2\/media?parent=7354"}],"curies":[{"name":"wp","href":"https:\/\/api.w.org\/{rel}","templated":true}]}}