

{"id":7352,"date":"2022-05-03T13:04:58","date_gmt":"2022-05-03T13:04:58","guid":{"rendered":"https:\/\/www.museodegrandas.es\/el-museo\/15-a-casoa\/15-08-apicultura\/"},"modified":"2022-05-03T13:04:58","modified_gmt":"2022-05-03T13:04:58","slug":"15-08-apicultura","status":"publish","type":"page","link":"https:\/\/www.museodegrandas.es\/as\/el-museo\/15-a-casoa\/15-08-apicultura\/","title":{"rendered":"15.08.- Apicultura"},"content":{"rendered":"<p>A cr\u00eda d\u2019abellas era \u00faa activid\u00e1 fundamental nos concellos del occidente asturiano. El mel consum\u00edase como alimento, sobre todo nel brao, e tam\u00e9n como melec\u00eda. Am\u00e1is era un regalo apreciao que se brindaba como se\u00f1al de boa vecind\u00e1 e p\u2019agradecer favores. A cera vend\u00edase a os <em>cereiros<\/em> que, procedentes d\u2019Ancares (Li\u00f3n), recorr\u00edan el territorio compr\u00e1ndola polas casas.<\/p>\n<p>Os <em>trobos<\/em> fabric\u00e1banse con un tronco vaciao, cuatro trabas ou corcho, e pu\u00edanse al p\u00e9 das casas e nos cort\u00edos<em>, <\/em>construcci\u00f3is circulares con cercao de pedra pa defender os colmiales dos osos, dos que pode verse un exemplo <strong>nel propio Museo<\/strong>. Na cr\u00eda d\u2019abellas interv\u00e9in, adem\u00e1is dos trobos, ferramentas e tarecos variaos: trobos fabricaos con arna d\u2019escornella (<em>Sorbus aucuparia<\/em>) pa cazar enxames, <em>esmelgadoras<\/em> pa <em>esmelgar<\/em> ou cortar as ceras nel colmial, <em>trobos del mel<\/em> ou troncos vaciaos con base e tapa unde se guarda el mel, prensas pa estrumar e limpar a cera\u2026 Pa fabricar as velas us\u00e1banse moldes bivalvos e recipientes de madera unde se met\u00eda a mecha na cera l\u00edquida.<\/p>\n<p><!--:--><\/p>\n","protected":false},"excerpt":{"rendered":"<p>A cr\u00eda d\u2019abellas era \u00faa activid\u00e1 fundamental nos concellos del occidente asturiano. El mel consum\u00edase como alimento, sobre todo nel brao, e tam\u00e9n como melec\u00eda. Am\u00e1is era un regalo apreciao que se brindaba como se\u00f1al de boa vecind\u00e1 e p\u2019agradecer favores. A cera vend\u00edase a os cereiros que, procedentes d\u2019Ancares (Li\u00f3n), recorr\u00edan el territorio compr\u00e1ndola [&hellip;]<\/p>\n","protected":false},"author":2,"featured_media":0,"parent":7336,"menu_order":0,"comment_status":"closed","ping_status":"closed","template":"","meta":{"_et_pb_use_builder":"","_et_pb_old_content":"","_et_gb_content_width":""},"_links":{"self":[{"href":"https:\/\/www.museodegrandas.es\/as\/wp-json\/wp\/v2\/pages\/7352"}],"collection":[{"href":"https:\/\/www.museodegrandas.es\/as\/wp-json\/wp\/v2\/pages"}],"about":[{"href":"https:\/\/www.museodegrandas.es\/as\/wp-json\/wp\/v2\/types\/page"}],"author":[{"embeddable":true,"href":"https:\/\/www.museodegrandas.es\/as\/wp-json\/wp\/v2\/users\/2"}],"replies":[{"embeddable":true,"href":"https:\/\/www.museodegrandas.es\/as\/wp-json\/wp\/v2\/comments?post=7352"}],"version-history":[{"count":0,"href":"https:\/\/www.museodegrandas.es\/as\/wp-json\/wp\/v2\/pages\/7352\/revisions"}],"up":[{"embeddable":true,"href":"https:\/\/www.museodegrandas.es\/as\/wp-json\/wp\/v2\/pages\/7336"}],"wp:attachment":[{"href":"https:\/\/www.museodegrandas.es\/as\/wp-json\/wp\/v2\/media?parent=7352"}],"curies":[{"name":"wp","href":"https:\/\/api.w.org\/{rel}","templated":true}]}}