

{"id":7350,"date":"2022-05-03T13:03:51","date_gmt":"2022-05-03T13:03:51","guid":{"rendered":"https:\/\/www.museodegrandas.es\/el-museo\/15-a-casoa\/15-07-consulta-del-dentista\/"},"modified":"2022-05-03T13:03:51","modified_gmt":"2022-05-03T13:03:51","slug":"15-07-consulta-del-dentista","status":"publish","type":"page","link":"https:\/\/www.museodegrandas.es\/as\/el-museo\/15-a-casoa\/15-07-consulta-del-dentista\/","title":{"rendered":"15.07.- Consulta del dentista"},"content":{"rendered":"<p>Grandas de Salime cunt\u00f3u con \u00faa cl\u00ednica dentista, instalada na vila por D. Tom\u00e1s Fern\u00e1ndez Linera, natural da localid\u00e1. A presencia escepcional nel \u00e1mbito rural d\u2019un servicio como \u00e9ste atopa a esplicaci\u00f3n na trasformaci\u00f3n econ\u00f3mica e social que sufr\u00edu a contornada como consecuencia da construcci\u00f3n del Salto de Salime.<\/p>\n<p style=\"text-align: center;\"><a href=\"https:\/\/www.museodegrandas.es\/wp-content\/uploads\/2014\/02\/dentista.jpg\"><img class=\"wp-image-1233 aligncenter\" src=\"https:\/\/www.museodegrandas.es\/wp-content\/uploads\/2014\/02\/dentista.jpg\" alt=\"dentista\" width=\"500\" \/><\/a><\/p>\n<p>Nel ano 1960, fecha da s\u00faa posta en funcionamento, hab\u00eda nesta central hidroel\u00e9ctrica us 50 empreaos. Estos traballadores, xunto \u00e1s s\u00faas familias y el resto da poblaci\u00f3n del concello, \u00e1 qu\u2019hai qu\u2019amecer os vec\u00edos dos concellos vec\u00edos dos Ozcos, Ayande, Pez\u00f3s, Eilao en Asturias e Negueira de Mu\u00f1iz en Galicia, constitu\u00edan \u00faa demanda abonda pa garantizar a viabilid\u00e1 del negocio, m\u00e1is cuando pa encontrar outro establecemento aparecido hab\u00eda que desprazarse \u00e1 Veiga, Navia, A Fonsagrada, Tin\u00e9u ou Cangas del Narcea.<\/p>\n<p style=\"text-align: center;\"><a href=\"https:\/\/www.museodegrandas.es\/wp-content\/uploads\/2014\/02\/dentista2.jpg\"><img class=\" wp-image-1234 aligncenter\" src=\"https:\/\/www.museodegrandas.es\/wp-content\/uploads\/2014\/02\/dentista2.jpg\" alt=\"dentista2\" width=\"500\" \/><\/a><\/p>\n<p><!--:--><\/p>\n","protected":false},"excerpt":{"rendered":"<p>Grandas de Salime cunt\u00f3u con \u00faa cl\u00ednica dentista, instalada na vila por D. Tom\u00e1s Fern\u00e1ndez Linera, natural da localid\u00e1. A presencia escepcional nel \u00e1mbito rural d\u2019un servicio como \u00e9ste atopa a esplicaci\u00f3n na trasformaci\u00f3n econ\u00f3mica e social que sufr\u00edu a contornada como consecuencia da construcci\u00f3n del Salto de Salime. Nel ano 1960, fecha da s\u00faa [&hellip;]<\/p>\n","protected":false},"author":2,"featured_media":0,"parent":7336,"menu_order":0,"comment_status":"closed","ping_status":"closed","template":"","meta":{"_et_pb_use_builder":"","_et_pb_old_content":"","_et_gb_content_width":""},"_links":{"self":[{"href":"https:\/\/www.museodegrandas.es\/as\/wp-json\/wp\/v2\/pages\/7350"}],"collection":[{"href":"https:\/\/www.museodegrandas.es\/as\/wp-json\/wp\/v2\/pages"}],"about":[{"href":"https:\/\/www.museodegrandas.es\/as\/wp-json\/wp\/v2\/types\/page"}],"author":[{"embeddable":true,"href":"https:\/\/www.museodegrandas.es\/as\/wp-json\/wp\/v2\/users\/2"}],"replies":[{"embeddable":true,"href":"https:\/\/www.museodegrandas.es\/as\/wp-json\/wp\/v2\/comments?post=7350"}],"version-history":[{"count":0,"href":"https:\/\/www.museodegrandas.es\/as\/wp-json\/wp\/v2\/pages\/7350\/revisions"}],"up":[{"embeddable":true,"href":"https:\/\/www.museodegrandas.es\/as\/wp-json\/wp\/v2\/pages\/7336"}],"wp:attachment":[{"href":"https:\/\/www.museodegrandas.es\/as\/wp-json\/wp\/v2\/media?parent=7350"}],"curies":[{"name":"wp","href":"https:\/\/api.w.org\/{rel}","templated":true}]}}