

{"id":7348,"date":"2022-05-03T13:03:02","date_gmt":"2022-05-03T13:03:02","guid":{"rendered":"https:\/\/www.museodegrandas.es\/el-museo\/15-a-casoa\/15-06-aparellos-de-caza-e-pesca\/"},"modified":"2022-05-03T13:03:02","modified_gmt":"2022-05-03T13:03:02","slug":"15-06-aparellos-de-caza-e-pesca","status":"publish","type":"page","link":"https:\/\/www.museodegrandas.es\/as\/el-museo\/15-a-casoa\/15-06-aparellos-de-caza-e-pesca\/","title":{"rendered":"15.06.- Aparellos de caza e pesca"},"content":{"rendered":"<p>Nel pasillo distribuidor del piso d\u2019enriba da Casoa esp\u00f3inse obxetos y instrumentos relacionaos coa caza y a pesca.<\/p>\n<p style=\"text-align: center;\">\u00a0<a href=\"https:\/\/www.museodegrandas.es\/wp-content\/uploads\/2014\/02\/caza.jpg\"><img class=\"wp-image-1225 aligncenter\" src=\"https:\/\/www.museodegrandas.es\/wp-content\/uploads\/2014\/02\/caza.jpg\" alt=\"caza\" width=\"500\" \/><\/a><\/p>\n<p>Os recursos sacaos da recolecci\u00f3n, a caza y a pesca supu\u00edan un aporte complementario curioso \u00e1 dieta labradora, especialmente relevante nos periodos de fame. A caza practic\u00e1base tam\u00e9n pa controlar as poblaci\u00f3is d\u2019aquelas especies que como raposas, lobos, osos ou xabariles perxudicaban os intereses dos labradores, matando al gao e derramando terras e colmiales.<\/p>\n<p>A activid\u00e1 cinex\u00e9tica era sobre todo pasiva, pensada pa cazar as presas puendo trampas nos sous sitos de paso. Esta era a finalid\u00e1 das <em>trapelas<\/em> pas perdices, dos distintos tipos de <em>gardu\u00f1eiras<\/em> ou dos lazos. Hab\u00eda tam\u00e9n trampas espec\u00edficas pa os ratos, <em>rateiras<\/em> que se pu\u00edan nas casas e nos mol\u00edos. As capturas abord\u00e1banse tam\u00e9n con trampas de m\u00e1is envergadura, alg\u00faas d\u2019elas con \u00faa entid\u00e1 constructiva importante, caso del <em>couso<\/em> e del <em>pesugo<\/em>. El <em>couso<\/em> \u00e9 \u00faa trampa pa lobos que consiste, na s\u00faa modalid\u00e1 m\u00e1is com\u00fan, nun furao grande cercao por \u00faa parede ancha de pedra d\u2019entre dous e tres metros d\u2019altura, rematada con louxas dispostas ama\u00f1ando \u00faa veira interior. Dentro del recinto pu\u00edase \u00faa presa p\u2019atraer al animal, que desque entraba nun daba salido. Os <em>pesugos<\/em> us\u00e1banse nam\u00e1is pa cazar osos e consist\u00edan, seg\u00fan describe Pascual Madoz nel sou <em>Diccionario Geogr\u00e1fico-Hist\u00f3rico<\/em> (1845-1850) al referirse a \u00fan localizao en Armenande (Ayande), <em>\u201cen una larga viga apoyada en una colmena y cubierta con un ramaje espeso, que forma una especie de caseta con solo una entrada, y por donde el oso descubre la colmena: este entra ansioso a apoderarse de aquella, y tan luego como la abraza y hace el esfuerzo natural para separarla de su sitio, se desploman la viga y caseta, quedando el oso a merced del cazador.<\/em><\/p>\n<p style=\"text-align: center;\">\u00a0<a href=\"https:\/\/www.museodegrandas.es\/wp-content\/uploads\/2014\/02\/pesca.jpg\"><img class=\"wp-image-1226 aligncenter\" src=\"https:\/\/www.museodegrandas.es\/wp-content\/uploads\/2014\/02\/pesca.jpg\" alt=\"pesca\" width=\"500\" \/><\/a><\/p>\n<p>Entre as armas de caza poden verse chuzos (lanzas) y \u00faa varied\u00e1 notable d\u2019armas de fougo, acompa\u00f1adas de cornos de p\u00f3lvora, m\u00e1quinas pa cargar cartuchos e moldes pa fabricar postas e balas dos siglos XIX e XX.<\/p>\n<p>Pa defender as colletas das alima\u00f1as, os labradores cuntaban con diversos instrumentos que tornaban os animales, apart\u00e1ndolos das terras col ruido. Entre elos at\u00f3panse as <em>martabelas<\/em>, artiluxo movido pol vento que se pu\u00eda nas terras pa espantar os p\u00e1xaros y os <em>maz\u00f3is <\/em>ou <em>mazapilas<\/em>, accionaos por auga, que s\u2019usaban nas maiceiras e nos colmiales pa tornar xabariles y osos.<\/p>\n<p>A pesca d\u2019anguilas, truitas e salm\u00f3is era \u00faa activid\u00e1 importante que se practicaba sobre todo nos lugares al p\u00e9 del r\u00edo Navia ou <em>r\u00edo grande<\/em> e qu\u2019acab\u00f3u en boa medida cuando a construcci\u00f3n dos saltos de Doiras e Salime fezo inviable a subida dende el mar de salm\u00f3is y anguilas. As capturas fa\u00edanse a mao ou ben recurrindo a redes e trampas ou a \u00fatiles espec\u00edficos como fisgas (arp\u00f3is de tres ou m\u00e1is dentes) e varas.<\/p>\n","protected":false},"excerpt":{"rendered":"<p>Nel pasillo distribuidor del piso d\u2019enriba da Casoa esp\u00f3inse obxetos y instrumentos relacionaos coa caza y a pesca. \u00a0 Os recursos sacaos da recolecci\u00f3n, a caza y a pesca supu\u00edan un aporte complementario curioso \u00e1 dieta labradora, especialmente relevante nos periodos de fame. A caza practic\u00e1base tam\u00e9n pa controlar as poblaci\u00f3is d\u2019aquelas especies que como [&hellip;]<\/p>\n","protected":false},"author":2,"featured_media":0,"parent":7336,"menu_order":0,"comment_status":"closed","ping_status":"closed","template":"","meta":{"_et_pb_use_builder":"","_et_pb_old_content":"","_et_gb_content_width":""},"_links":{"self":[{"href":"https:\/\/www.museodegrandas.es\/as\/wp-json\/wp\/v2\/pages\/7348"}],"collection":[{"href":"https:\/\/www.museodegrandas.es\/as\/wp-json\/wp\/v2\/pages"}],"about":[{"href":"https:\/\/www.museodegrandas.es\/as\/wp-json\/wp\/v2\/types\/page"}],"author":[{"embeddable":true,"href":"https:\/\/www.museodegrandas.es\/as\/wp-json\/wp\/v2\/users\/2"}],"replies":[{"embeddable":true,"href":"https:\/\/www.museodegrandas.es\/as\/wp-json\/wp\/v2\/comments?post=7348"}],"version-history":[{"count":0,"href":"https:\/\/www.museodegrandas.es\/as\/wp-json\/wp\/v2\/pages\/7348\/revisions"}],"up":[{"embeddable":true,"href":"https:\/\/www.museodegrandas.es\/as\/wp-json\/wp\/v2\/pages\/7336"}],"wp:attachment":[{"href":"https:\/\/www.museodegrandas.es\/as\/wp-json\/wp\/v2\/media?parent=7348"}],"curies":[{"name":"wp","href":"https:\/\/api.w.org\/{rel}","templated":true}]}}