

{"id":7346,"date":"2022-05-03T13:02:05","date_gmt":"2022-05-03T13:02:05","guid":{"rendered":"https:\/\/www.museodegrandas.es\/el-museo\/15-a-casoa\/15-05-cocia\/"},"modified":"2022-05-03T13:02:05","modified_gmt":"2022-05-03T13:02:05","slug":"15-05-cocia","status":"publish","type":"page","link":"https:\/\/www.museodegrandas.es\/as\/el-museo\/15-a-casoa\/15-05-cocia\/","title":{"rendered":"15.05.- Coc\u00eda"},"content":{"rendered":"<p>A primeiros del siglo XX, as lareiras vellas como a da Casa Rectoral empezan a cambiarse por un modelo novo de coc\u00eda d\u2019orixe urbana que s\u2019estende tam\u00e9n nel medio rural, anque en muitas das casas del occidente d\u2019Asturias esta sustituci\u00f3n nun se vai dar hasta os anos 40 e 50 del siglo XX.<\/p>\n<p style=\"text-align: center;\"><a href=\"https:\/\/www.museodegrandas.es\/wp-content\/uploads\/2014\/02\/cocina.jpg\"><img class=\"wp-image-1221 aligncenter\" src=\"https:\/\/www.museodegrandas.es\/wp-content\/uploads\/2014\/02\/cocina.jpg\" alt=\"cocina\" width=\"500\" \/><\/a><\/p>\n<p>As coc\u00edas novas incorporan un lume de ferro fundido conocido como <em>coc\u00eda Bilbao<\/em> ou <em>coc\u00eda econ\u00f3mica<\/em> que s\u2019alimenta con le\u00f1a ou carb\u00f3n e ten chiminea. As coc\u00edas siguen sendo el centro de reuni\u00f3n e traballo das casas y el sou foco de calor principal, anque trasforman a traza. Alg\u00faas partes da parede alic\u00e1tanse y el tarr\u00e9n pavim\u00e9ntase con baldosas. Os cambeos afectan tam\u00e9n al mobiliario, al que s\u2019amecen elementos novedosos como grandes mesas ou aparadores.<\/p>\n<p style=\"text-align: center;\"><a href=\"https:\/\/www.museodegrandas.es\/wp-content\/uploads\/2014\/02\/cocina2.jpg\"><img class=\"wp-image-1222 aligncenter\" src=\"https:\/\/www.museodegrandas.es\/wp-content\/uploads\/2014\/02\/cocina2.jpg\" alt=\"cocina2\" width=\"500\" \/><\/a><\/p>\n<p><!--:--><\/p>\n","protected":false},"excerpt":{"rendered":"<p>A primeiros del siglo XX, as lareiras vellas como a da Casa Rectoral empezan a cambiarse por un modelo novo de coc\u00eda d\u2019orixe urbana que s\u2019estende tam\u00e9n nel medio rural, anque en muitas das casas del occidente d\u2019Asturias esta sustituci\u00f3n nun se vai dar hasta os anos 40 e 50 del siglo XX. As coc\u00edas [&hellip;]<\/p>\n","protected":false},"author":2,"featured_media":0,"parent":7336,"menu_order":0,"comment_status":"closed","ping_status":"closed","template":"","meta":{"_et_pb_use_builder":"","_et_pb_old_content":"","_et_gb_content_width":""},"_links":{"self":[{"href":"https:\/\/www.museodegrandas.es\/as\/wp-json\/wp\/v2\/pages\/7346"}],"collection":[{"href":"https:\/\/www.museodegrandas.es\/as\/wp-json\/wp\/v2\/pages"}],"about":[{"href":"https:\/\/www.museodegrandas.es\/as\/wp-json\/wp\/v2\/types\/page"}],"author":[{"embeddable":true,"href":"https:\/\/www.museodegrandas.es\/as\/wp-json\/wp\/v2\/users\/2"}],"replies":[{"embeddable":true,"href":"https:\/\/www.museodegrandas.es\/as\/wp-json\/wp\/v2\/comments?post=7346"}],"version-history":[{"count":0,"href":"https:\/\/www.museodegrandas.es\/as\/wp-json\/wp\/v2\/pages\/7346\/revisions"}],"up":[{"embeddable":true,"href":"https:\/\/www.museodegrandas.es\/as\/wp-json\/wp\/v2\/pages\/7336"}],"wp:attachment":[{"href":"https:\/\/www.museodegrandas.es\/as\/wp-json\/wp\/v2\/media?parent=7346"}],"curies":[{"name":"wp","href":"https:\/\/api.w.org\/{rel}","templated":true}]}}