

{"id":7344,"date":"2022-05-03T13:00:46","date_gmt":"2022-05-03T13:00:46","guid":{"rendered":"https:\/\/www.museodegrandas.es\/el-museo\/15-a-casoa\/15-04-xastreria\/"},"modified":"2022-05-03T13:00:46","modified_gmt":"2022-05-03T13:00:46","slug":"15-04-xastreria","status":"publish","type":"page","link":"https:\/\/www.museodegrandas.es\/as\/el-museo\/15-a-casoa\/15-04-xastreria\/","title":{"rendered":"15.04.- Xastrer\u00eda"},"content":{"rendered":"<p>Cuando a construcci\u00f3n del Salto de Salime entre 1948 e 1953, houbo en Grandas de Salime cinco oficiales xastres, e tres m\u00e1is de Bual y A Fonsagrada, que fa\u00edan roupa pa os centenares de traballadores d\u2019aquela obra. Desque acab\u00f3u \u00e9sta, cuatro seguiron dando os sous servicios hasta el \u00faltimo tercio del siglo XX. El \u00faltimo xastre del concello, D. Antonio V\u00e1zquez Bell\u00f3n, traball\u00f3u hasta 1997, ano en que morr\u00e9u con 82 anos d\u2019ed\u00e1. Del sou establecemento proceden todos os mobles e ferramentas da xastrer\u00eda, adem\u00e1is dos patr\u00f3is y alg\u00faas pezas sin acabar.<\/p>\n<p style=\"text-align: center;\"><a href=\"https:\/\/www.museodegrandas.es\/wp-content\/uploads\/2014\/02\/sastreria.jpg\"><img class=\"wp-image-1162 aligncenter\" src=\"https:\/\/www.museodegrandas.es\/wp-content\/uploads\/2014\/02\/sastreria.jpg\" alt=\"sastreria\" width=\"500\" \/><\/a><\/p>\n<p>A colecci\u00f3n del taller d\u2019este oficio tan vello complet\u00f3use cos tarecos d\u2019outros xastres, como D. Alejandro Rodr\u00edguez e D. Severino Garc\u00eda.<\/p>\n<p style=\"text-align: center;\"><a href=\"https:\/\/www.museodegrandas.es\/wp-content\/uploads\/2014\/02\/sastreria2.jpg\"><img class=\"wp-image-1163 aligncenter\" src=\"https:\/\/www.museodegrandas.es\/wp-content\/uploads\/2014\/02\/sastreria2.jpg\" alt=\"sastreria2\" width=\"500\" \/><\/a><\/p>\n<p><!--:--><\/p>\n","protected":false},"excerpt":{"rendered":"<p>Cuando a construcci\u00f3n del Salto de Salime entre 1948 e 1953, houbo en Grandas de Salime cinco oficiales xastres, e tres m\u00e1is de Bual y A Fonsagrada, que fa\u00edan roupa pa os centenares de traballadores d\u2019aquela obra. Desque acab\u00f3u \u00e9sta, cuatro seguiron dando os sous servicios hasta el \u00faltimo tercio del siglo XX. El \u00faltimo [&hellip;]<\/p>\n","protected":false},"author":2,"featured_media":0,"parent":7336,"menu_order":0,"comment_status":"closed","ping_status":"closed","template":"","meta":{"_et_pb_use_builder":"","_et_pb_old_content":"","_et_gb_content_width":""},"_links":{"self":[{"href":"https:\/\/www.museodegrandas.es\/as\/wp-json\/wp\/v2\/pages\/7344"}],"collection":[{"href":"https:\/\/www.museodegrandas.es\/as\/wp-json\/wp\/v2\/pages"}],"about":[{"href":"https:\/\/www.museodegrandas.es\/as\/wp-json\/wp\/v2\/types\/page"}],"author":[{"embeddable":true,"href":"https:\/\/www.museodegrandas.es\/as\/wp-json\/wp\/v2\/users\/2"}],"replies":[{"embeddable":true,"href":"https:\/\/www.museodegrandas.es\/as\/wp-json\/wp\/v2\/comments?post=7344"}],"version-history":[{"count":0,"href":"https:\/\/www.museodegrandas.es\/as\/wp-json\/wp\/v2\/pages\/7344\/revisions"}],"up":[{"embeddable":true,"href":"https:\/\/www.museodegrandas.es\/as\/wp-json\/wp\/v2\/pages\/7336"}],"wp:attachment":[{"href":"https:\/\/www.museodegrandas.es\/as\/wp-json\/wp\/v2\/media?parent=7344"}],"curies":[{"name":"wp","href":"https:\/\/api.w.org\/{rel}","templated":true}]}}