

{"id":7342,"date":"2022-05-03T12:59:30","date_gmt":"2022-05-03T12:59:30","guid":{"rendered":"https:\/\/www.museodegrandas.es\/el-museo\/15-a-casoa\/15-03-barberia\/"},"modified":"2022-05-03T12:59:30","modified_gmt":"2022-05-03T12:59:30","slug":"15-03-barberia","status":"publish","type":"page","link":"https:\/\/www.museodegrandas.es\/as\/el-museo\/15-a-casoa\/15-03-barberia\/","title":{"rendered":"15.03.- Barber\u00eda"},"content":{"rendered":"<p>En Grandas de Salime houbo d\u00faas barber\u00edas que nun tuveron continuid\u00e1 desque se xubilaron os sous propietarios. A partir dos anos setenta, el servicio pa homes pas\u00f3u a darse nas peluquer\u00edas de muller. Os tarecos e sill\u00f3is de barber\u00eda del Museo perteneceron \u00e1 barber\u00eda \u201cD\u00e1maso\u201d, local aberto por D. D\u00e1maso Villaverde en 1929 que deu servicio hasta 1976. A colecci\u00f3n complet\u00f3use con pezas cedidas pola peluquer\u00eda Escotet, d\u2019Uvi\u00e9u.<\/p>\n<p><a href=\"https:\/\/www.museodegrandas.es\/wp-content\/uploads\/2014\/02\/barberia.jpg\"><img class=\"aligncenter\" src=\"https:\/\/www.museodegrandas.es\/wp-content\/uploads\/2014\/02\/barberia.jpg\" alt=\"barberia\" width=\"500\" \/><\/a><\/p>\n<p>Neste espacio esp\u00f3nse tam\u00e9n \u00faa m\u00e1quina, ben chamadeira e rudimentaria, de faer permanentes adquirida en Somiedu, \u00e1 qu\u2019acompa\u00f1a \u00faa mostra dos instrumentos de peluquer\u00eda de mulleres dos anos 40 e 50.<\/p>\n<p><a href=\"https:\/\/www.museodegrandas.es\/wp-content\/uploads\/2014\/02\/barberia2.jpg\"><img class=\"aligncenter\" src=\"https:\/\/www.museodegrandas.es\/wp-content\/uploads\/2014\/02\/barberia2.jpg\" alt=\"barberia2\" width=\"500\" \/><\/a><!--:--><\/p>\n","protected":false},"excerpt":{"rendered":"<p>En Grandas de Salime houbo d\u00faas barber\u00edas que nun tuveron continuid\u00e1 desque se xubilaron os sous propietarios. A partir dos anos setenta, el servicio pa homes pas\u00f3u a darse nas peluquer\u00edas de muller. Os tarecos e sill\u00f3is de barber\u00eda del Museo perteneceron \u00e1 barber\u00eda \u201cD\u00e1maso\u201d, local aberto por D. D\u00e1maso Villaverde en 1929 que deu [&hellip;]<\/p>\n","protected":false},"author":2,"featured_media":0,"parent":7336,"menu_order":0,"comment_status":"closed","ping_status":"closed","template":"","meta":{"_et_pb_use_builder":"","_et_pb_old_content":"","_et_gb_content_width":""},"_links":{"self":[{"href":"https:\/\/www.museodegrandas.es\/as\/wp-json\/wp\/v2\/pages\/7342"}],"collection":[{"href":"https:\/\/www.museodegrandas.es\/as\/wp-json\/wp\/v2\/pages"}],"about":[{"href":"https:\/\/www.museodegrandas.es\/as\/wp-json\/wp\/v2\/types\/page"}],"author":[{"embeddable":true,"href":"https:\/\/www.museodegrandas.es\/as\/wp-json\/wp\/v2\/users\/2"}],"replies":[{"embeddable":true,"href":"https:\/\/www.museodegrandas.es\/as\/wp-json\/wp\/v2\/comments?post=7342"}],"version-history":[{"count":0,"href":"https:\/\/www.museodegrandas.es\/as\/wp-json\/wp\/v2\/pages\/7342\/revisions"}],"up":[{"embeddable":true,"href":"https:\/\/www.museodegrandas.es\/as\/wp-json\/wp\/v2\/pages\/7336"}],"wp:attachment":[{"href":"https:\/\/www.museodegrandas.es\/as\/wp-json\/wp\/v2\/media?parent=7342"}],"curies":[{"name":"wp","href":"https:\/\/api.w.org\/{rel}","templated":true}]}}