

{"id":7340,"date":"2022-05-03T12:58:38","date_gmt":"2022-05-03T12:58:38","guid":{"rendered":"https:\/\/www.museodegrandas.es\/el-museo\/15-a-casoa\/15-02-comunicaciois\/"},"modified":"2022-05-03T12:58:38","modified_gmt":"2022-05-03T12:58:38","slug":"15-02-comunicaciois","status":"publish","type":"page","link":"https:\/\/www.museodegrandas.es\/as\/el-museo\/15-a-casoa\/15-02-comunicaciois\/","title":{"rendered":"15.02.- Comunicaci\u00f3is"},"content":{"rendered":"<p>Na entrada da Casoa pode verse, a trav\u00e9s d\u2019\u00faa selecci\u00f3n de pezas representativas, a evoluci\u00f3n dos sistemas de comunicaci\u00f3n b\u00e1sicos del mundo rural: correos, telegraf\u00eda e telefon\u00eda.<\/p>\n<p><a href=\"https:\/\/www.museodegrandas.es\/wp-content\/uploads\/2014\/02\/comunicaciones2.jpg\"><img class=\"aligncenter\" src=\"https:\/\/www.museodegrandas.es\/wp-content\/uploads\/2014\/02\/comunicaciones2.jpg\" alt=\"comunicaciones2\" width=\"500\" \/><\/a><\/p>\n<p><a href=\"https:\/\/www.museodegrandas.es\/wp-content\/uploads\/2014\/02\/comunicaciones.jpg\"><img class=\"aligncenter\" src=\"https:\/\/www.museodegrandas.es\/wp-content\/uploads\/2014\/02\/comunicaciones.jpg\" alt=\"comunicaciones\" width=\"300\" \/><\/a><!--:--><\/p>\n","protected":false},"excerpt":{"rendered":"<p>Na entrada da Casoa pode verse, a trav\u00e9s d\u2019\u00faa selecci\u00f3n de pezas representativas, a evoluci\u00f3n dos sistemas de comunicaci\u00f3n b\u00e1sicos del mundo rural: correos, telegraf\u00eda e telefon\u00eda.<\/p>\n","protected":false},"author":2,"featured_media":0,"parent":7336,"menu_order":0,"comment_status":"closed","ping_status":"closed","template":"","meta":{"_et_pb_use_builder":"","_et_pb_old_content":"","_et_gb_content_width":""},"_links":{"self":[{"href":"https:\/\/www.museodegrandas.es\/as\/wp-json\/wp\/v2\/pages\/7340"}],"collection":[{"href":"https:\/\/www.museodegrandas.es\/as\/wp-json\/wp\/v2\/pages"}],"about":[{"href":"https:\/\/www.museodegrandas.es\/as\/wp-json\/wp\/v2\/types\/page"}],"author":[{"embeddable":true,"href":"https:\/\/www.museodegrandas.es\/as\/wp-json\/wp\/v2\/users\/2"}],"replies":[{"embeddable":true,"href":"https:\/\/www.museodegrandas.es\/as\/wp-json\/wp\/v2\/comments?post=7340"}],"version-history":[{"count":0,"href":"https:\/\/www.museodegrandas.es\/as\/wp-json\/wp\/v2\/pages\/7340\/revisions"}],"up":[{"embeddable":true,"href":"https:\/\/www.museodegrandas.es\/as\/wp-json\/wp\/v2\/pages\/7336"}],"wp:attachment":[{"href":"https:\/\/www.museodegrandas.es\/as\/wp-json\/wp\/v2\/media?parent=7340"}],"curies":[{"name":"wp","href":"https:\/\/api.w.org\/{rel}","templated":true}]}}