

{"id":7338,"date":"2022-05-03T12:57:46","date_gmt":"2022-05-03T12:57:46","guid":{"rendered":"https:\/\/www.museodegrandas.es\/el-museo\/15-a-casoa\/15-01-comercio-dultramarinos-e-trastenda\/"},"modified":"2022-05-03T12:57:46","modified_gmt":"2022-05-03T12:57:46","slug":"15-01-comercio-dultramarinos-e-trastenda","status":"publish","type":"page","link":"https:\/\/www.museodegrandas.es\/as\/el-museo\/15-a-casoa\/15-01-comercio-dultramarinos-e-trastenda\/","title":{"rendered":"15.01.- Comercio d\u2019ultramarinos e trastenda"},"content":{"rendered":"<p>Tenda mista aparecida \u00e1s qu\u2019hasta hai ben pouco pod\u00edan verse en vilas e lugares ofrecendo \u00e1 s\u00faa clientela todo tipo de productos. Estos establecementos eran a un tempo ferreter\u00eda, mercer\u00eda, tenda de testiles e calzao, droguer\u00eda, papeler\u00eda, comercio d\u2019alimentos, despacho de bebida e dispensadores de productos tan variopintos como abonos, pensos ou matarratas. Nun eran raros os locales unde se tostaba caf\u00e9 e, mesmamente, se fabricaba chocolate.<\/p>\n<p style=\"text-align: center;\"><a href=\"https:\/\/www.museodegrandas.es\/wp-content\/uploads\/2014\/02\/tienda1.jpg\"><img class=\"aligncenter\" src=\"https:\/\/www.museodegrandas.es\/wp-content\/uploads\/2014\/02\/tienda1.jpg\" alt=\"tienda1\" width=\"500\" \/><\/a><\/p>\n<p>Muitos d\u2019estos comercios eran adem\u00e1is el chigre del lugar, convert\u00edndose en centro de reuni\u00f3n dos vec\u00edos qu\u2019iban ver as novedades, falar ou botar a partida.<\/p>\n<p><a href=\"https:\/\/www.museodegrandas.es\/wp-content\/uploads\/2014\/02\/tienda2.jpg\"><img class=\"aligncenter\" src=\"https:\/\/www.museodegrandas.es\/wp-content\/uploads\/2014\/02\/tienda2.jpg\" alt=\"tienda2\" width=\"500\" \/><\/a><\/p>\n<p>Dende el local da tenda, el amo acced\u00eda directamente \u00e1 trastenda unde s\u2019almacenaba el x\u00e9nero e s\u2019elaboraban alg\u00fas productos.<\/p>\n<p><!--:--><\/p>\n","protected":false},"excerpt":{"rendered":"<p>Tenda mista aparecida \u00e1s qu\u2019hasta hai ben pouco pod\u00edan verse en vilas e lugares ofrecendo \u00e1 s\u00faa clientela todo tipo de productos. Estos establecementos eran a un tempo ferreter\u00eda, mercer\u00eda, tenda de testiles e calzao, droguer\u00eda, papeler\u00eda, comercio d\u2019alimentos, despacho de bebida e dispensadores de productos tan variopintos como abonos, pensos ou matarratas. Nun eran [&hellip;]<\/p>\n","protected":false},"author":2,"featured_media":0,"parent":7336,"menu_order":0,"comment_status":"closed","ping_status":"closed","template":"","meta":{"_et_pb_use_builder":"","_et_pb_old_content":"","_et_gb_content_width":""},"_links":{"self":[{"href":"https:\/\/www.museodegrandas.es\/as\/wp-json\/wp\/v2\/pages\/7338"}],"collection":[{"href":"https:\/\/www.museodegrandas.es\/as\/wp-json\/wp\/v2\/pages"}],"about":[{"href":"https:\/\/www.museodegrandas.es\/as\/wp-json\/wp\/v2\/types\/page"}],"author":[{"embeddable":true,"href":"https:\/\/www.museodegrandas.es\/as\/wp-json\/wp\/v2\/users\/2"}],"replies":[{"embeddable":true,"href":"https:\/\/www.museodegrandas.es\/as\/wp-json\/wp\/v2\/comments?post=7338"}],"version-history":[{"count":0,"href":"https:\/\/www.museodegrandas.es\/as\/wp-json\/wp\/v2\/pages\/7338\/revisions"}],"up":[{"embeddable":true,"href":"https:\/\/www.museodegrandas.es\/as\/wp-json\/wp\/v2\/pages\/7336"}],"wp:attachment":[{"href":"https:\/\/www.museodegrandas.es\/as\/wp-json\/wp\/v2\/media?parent=7338"}],"curies":[{"name":"wp","href":"https:\/\/api.w.org\/{rel}","templated":true}]}}