

{"id":7336,"date":"2022-05-03T12:54:07","date_gmt":"2022-05-03T12:54:07","guid":{"rendered":"https:\/\/www.museodegrandas.es\/el-museo\/15-a-casoa\/"},"modified":"2022-05-03T12:54:07","modified_gmt":"2022-05-03T12:54:07","slug":"15-a-casoa","status":"publish","type":"page","link":"https:\/\/www.museodegrandas.es\/as\/el-museo\/15-a-casoa\/","title":{"rendered":"15.- A casoa"},"content":{"rendered":"<p><!--:es--><a href=\"http:\/\/www.museodegrandas.es\/wp-content\/uploads\/2014\/02\/plano-casona.jpg\"><img loading=\"lazy\" class=\"size-full wp-image-6176 aligncenter\" src=\"http:\/\/www.museodegrandas.es\/wp-content\/uploads\/2014\/02\/plano-casona.jpg\" alt=\"plano-casona\" width=\"599\" height=\"332\" \/><\/a><\/p>\n<p>Edificio inaugurao en 1999 que representa \u00faa <em>casoa<\/em>, vivenda caracter\u00edstica da nobleza rural pequena ou dos labradores m\u00e1is acomodaos qu\u2019hab\u00eda en muitas parroquias asturianas. P\u00e1 s\u00faa construcci\u00f3n us\u00e1ronse materiales orixinarios da casa \u201cEl M\u00e9ndez\u201d (Francos, Pez\u00f3s), constru\u00edda nel siglo XVII. D\u2019ela prov\u00e9n a pedra de canter\u00eda d\u2019arenisca y os marcos da vent\u00e1 esquerda, balc\u00f3n e portas da fachada principal. A vent\u00e1 da dereta foi elaborada pol escultor xapon\u00e9s Tadanori Yamaguchi, n\u00faa colaboraci\u00f3n desinteresada a trav\u00e9s da Escola d\u2019Arte da Universid\u00e1 d\u2019Uvi\u00e9u. El escudo, pertenecente a os \u00c1lvarez Castrill\u00f3n, procede da \u201cCasa de Jos\u00e9 de Pepe\u201d (Sanzo, Pez\u00f3s).<\/p>\n<p><a href=\"https:\/\/www.museodegrandas.es\/wp-content\/uploads\/2014\/02\/casona.jpg\"><img class=\"wp-image-924 aligncenter\" src=\"https:\/\/www.museodegrandas.es\/wp-content\/uploads\/2014\/02\/casona.jpg\" alt=\"casona\" width=\"500\" \/><\/a><!--:--><\/p>\n","protected":false},"excerpt":{"rendered":"<p>Edificio inaugurao en 1999 que representa \u00faa casoa, vivenda caracter\u00edstica da nobleza rural pequena ou dos labradores m\u00e1is acomodaos qu\u2019hab\u00eda en muitas parroquias asturianas. P\u00e1 s\u00faa construcci\u00f3n us\u00e1ronse materiales orixinarios da casa \u201cEl M\u00e9ndez\u201d (Francos, Pez\u00f3s), constru\u00edda nel siglo XVII. D\u2019ela prov\u00e9n a pedra de canter\u00eda d\u2019arenisca y os marcos da vent\u00e1 esquerda, balc\u00f3n e [&hellip;]<\/p>\n","protected":false},"author":2,"featured_media":0,"parent":7248,"menu_order":0,"comment_status":"closed","ping_status":"closed","template":"","meta":{"_et_pb_use_builder":"off","_et_pb_old_content":"","_et_gb_content_width":""},"_links":{"self":[{"href":"https:\/\/www.museodegrandas.es\/as\/wp-json\/wp\/v2\/pages\/7336"}],"collection":[{"href":"https:\/\/www.museodegrandas.es\/as\/wp-json\/wp\/v2\/pages"}],"about":[{"href":"https:\/\/www.museodegrandas.es\/as\/wp-json\/wp\/v2\/types\/page"}],"author":[{"embeddable":true,"href":"https:\/\/www.museodegrandas.es\/as\/wp-json\/wp\/v2\/users\/2"}],"replies":[{"embeddable":true,"href":"https:\/\/www.museodegrandas.es\/as\/wp-json\/wp\/v2\/comments?post=7336"}],"version-history":[{"count":0,"href":"https:\/\/www.museodegrandas.es\/as\/wp-json\/wp\/v2\/pages\/7336\/revisions"}],"up":[{"embeddable":true,"href":"https:\/\/www.museodegrandas.es\/as\/wp-json\/wp\/v2\/pages\/7248"}],"wp:attachment":[{"href":"https:\/\/www.museodegrandas.es\/as\/wp-json\/wp\/v2\/media?parent=7336"}],"curies":[{"name":"wp","href":"https:\/\/api.w.org\/{rel}","templated":true}]}}