

{"id":7334,"date":"2022-05-03T12:53:31","date_gmt":"2022-05-03T12:53:31","guid":{"rendered":"https:\/\/www.museodegrandas.es\/el-museo\/14-cortin\/"},"modified":"2022-05-03T12:53:31","modified_gmt":"2022-05-03T12:53:31","slug":"14-cortin","status":"publish","type":"page","link":"https:\/\/www.museodegrandas.es\/as\/el-museo\/14-cortin\/","title":{"rendered":"14.- Cort\u00edn"},"content":{"rendered":"<p>El <em>cort\u00edn<\/em> \u00e9 \u00faa construcci\u00f3n caracter\u00edstica del occidente asturiano que se documenta tam\u00e9n nas \u00e1reas vec\u00edas de Galicia e Li\u00f3n. Consiste nun zarramento de pedra rematao por \u00faa veira de louxas. Describe \u00faa pranta circular ou ovalada e pode chegar a os tres metros d\u2019altura. A s\u00faa funci\u00f3n \u00e9 defender os colmiales nel monte del lume, el roubo y el ataque del oso. Os cort\u00edos constr\u00fayense en costa, de xeito qu\u2019el desnivel aprov\u00e9tase dentro p\u2019ama\u00f1ar \u00faas repisas seguidas y escalonadas sobre as que se poin os trobos, facilitando d\u2019este xeito a entrada e salida das abellas. Ben veces nun tein porta, pasando dentro por un pasadoiro ou \u00faa escaleira de mao. Polo regular, un cort\u00edn pod\u00eda guardar entre trinta e corenta trobos.<\/p>\n<p><a href=\"https:\/\/www.museodegrandas.es\/wp-content\/uploads\/2014\/02\/cortin.jpg\"><img class=\"aligncenter\" src=\"https:\/\/www.museodegrandas.es\/wp-content\/uploads\/2014\/02\/cortin.jpg\" alt=\"cortin\" width=\"500\" \/><\/a><\/p>\n<p>A situaci\u00f3n dos cort\u00edos escoll\u00edase con muito procuro. As ladeiras t\u00edan que tar orientadas a mediod\u00eda e guardadas dos ventos nord\u00e9s e galego. El monte t\u00eda que ser rico en flora mel\u00edfera, especialmente uces, e dispuer d\u2019un curso d\u2019auga achegao. Pa rematar, hab\u00eda que comprobar que nun houbera nos alredores, a \u00faa cota m\u00e1is baxa, outro cort\u00edn.<\/p>\n<p>Nam\u00e1is as familias m\u00e1is acomodadas pod\u00edan dispuer de varios cort\u00edos. Os m\u00e1is dos labradores t\u00edan \u00fan y os menos podentes compart\u00edan a propied\u00e1, que pod\u00eda chegar a ser de cuatro personas.<\/p>\n","protected":false},"excerpt":{"rendered":"<p>El cort\u00edn \u00e9 \u00faa construcci\u00f3n caracter\u00edstica del occidente asturiano que se documenta tam\u00e9n nas \u00e1reas vec\u00edas de Galicia e Li\u00f3n. Consiste nun zarramento de pedra rematao por \u00faa veira de louxas. Describe \u00faa pranta circular ou ovalada e pode chegar a os tres metros d\u2019altura. A s\u00faa funci\u00f3n \u00e9 defender os colmiales nel monte del [&hellip;]<\/p>\n","protected":false},"author":2,"featured_media":0,"parent":7248,"menu_order":0,"comment_status":"closed","ping_status":"closed","template":"","meta":{"_et_pb_use_builder":"","_et_pb_old_content":"","_et_gb_content_width":""},"_links":{"self":[{"href":"https:\/\/www.museodegrandas.es\/as\/wp-json\/wp\/v2\/pages\/7334"}],"collection":[{"href":"https:\/\/www.museodegrandas.es\/as\/wp-json\/wp\/v2\/pages"}],"about":[{"href":"https:\/\/www.museodegrandas.es\/as\/wp-json\/wp\/v2\/types\/page"}],"author":[{"embeddable":true,"href":"https:\/\/www.museodegrandas.es\/as\/wp-json\/wp\/v2\/users\/2"}],"replies":[{"embeddable":true,"href":"https:\/\/www.museodegrandas.es\/as\/wp-json\/wp\/v2\/comments?post=7334"}],"version-history":[{"count":0,"href":"https:\/\/www.museodegrandas.es\/as\/wp-json\/wp\/v2\/pages\/7334\/revisions"}],"up":[{"embeddable":true,"href":"https:\/\/www.museodegrandas.es\/as\/wp-json\/wp\/v2\/pages\/7248"}],"wp:attachment":[{"href":"https:\/\/www.museodegrandas.es\/as\/wp-json\/wp\/v2\/media?parent=7334"}],"curies":[{"name":"wp","href":"https:\/\/api.w.org\/{rel}","templated":true}]}}