

{"id":7332,"date":"2022-05-03T12:52:19","date_gmt":"2022-05-03T12:52:19","guid":{"rendered":"https:\/\/www.museodegrandas.es\/el-museo\/13-maqueta-de-batan\/"},"modified":"2022-05-03T12:52:19","modified_gmt":"2022-05-03T12:52:19","slug":"13-maqueta-de-batan","status":"publish","type":"page","link":"https:\/\/www.museodegrandas.es\/as\/el-museo\/13-maqueta-de-batan\/","title":{"rendered":"13.- Maqueta de bat\u00e1n"},"content":{"rendered":"<p>Reproducci\u00f3n a escala d\u2019un bat\u00e1n, m\u00e1quina de madera, xeneralmente de carballo, integrada por dous mazos que son impulsaos alternativamente usando a forza del auga trasmitida por \u00faa roda hidr\u00e1ulica. Os bat\u00e1is us\u00e1banse pa mazar, desengrasar y enfurtir os tecidos elaboraos nel telar. Nun periodo de tempo que pod\u00eda superar as 24 horas, os panos maz\u00e1banse r\u00edtmicamente polos mazos del bat\u00e1n hasta trasformarse nun tecido m\u00e1is tupido e compacto. Al requerir enerx\u00eda hidr\u00e1ulica pa funcionar, os bat\u00e1is t\u00e1n normalmente na veira d\u2019alg\u00fan r\u00edo ou regueiro.<\/p>\n<p><a href=\"https:\/\/www.museodegrandas.es\/wp-content\/uploads\/2014\/02\/batan.jpg\"><img loading=\"lazy\" class=\"aligncenter\" src=\"https:\/\/www.museodegrandas.es\/wp-content\/uploads\/2014\/02\/batan.jpg\" alt=\"batan\" width=\"373\" height=\"400\" \/><\/a><!--:--><\/p>\n","protected":false},"excerpt":{"rendered":"<p>Reproducci\u00f3n a escala d\u2019un bat\u00e1n, m\u00e1quina de madera, xeneralmente de carballo, integrada por dous mazos que son impulsaos alternativamente usando a forza del auga trasmitida por \u00faa roda hidr\u00e1ulica. Os bat\u00e1is us\u00e1banse pa mazar, desengrasar y enfurtir os tecidos elaboraos nel telar. Nun periodo de tempo que pod\u00eda superar as 24 horas, os panos maz\u00e1banse [&hellip;]<\/p>\n","protected":false},"author":2,"featured_media":0,"parent":7248,"menu_order":0,"comment_status":"closed","ping_status":"closed","template":"","meta":{"_et_pb_use_builder":"","_et_pb_old_content":"","_et_gb_content_width":""},"_links":{"self":[{"href":"https:\/\/www.museodegrandas.es\/as\/wp-json\/wp\/v2\/pages\/7332"}],"collection":[{"href":"https:\/\/www.museodegrandas.es\/as\/wp-json\/wp\/v2\/pages"}],"about":[{"href":"https:\/\/www.museodegrandas.es\/as\/wp-json\/wp\/v2\/types\/page"}],"author":[{"embeddable":true,"href":"https:\/\/www.museodegrandas.es\/as\/wp-json\/wp\/v2\/users\/2"}],"replies":[{"embeddable":true,"href":"https:\/\/www.museodegrandas.es\/as\/wp-json\/wp\/v2\/comments?post=7332"}],"version-history":[{"count":0,"href":"https:\/\/www.museodegrandas.es\/as\/wp-json\/wp\/v2\/pages\/7332\/revisions"}],"up":[{"embeddable":true,"href":"https:\/\/www.museodegrandas.es\/as\/wp-json\/wp\/v2\/pages\/7248"}],"wp:attachment":[{"href":"https:\/\/www.museodegrandas.es\/as\/wp-json\/wp\/v2\/media?parent=7332"}],"curies":[{"name":"wp","href":"https:\/\/api.w.org\/{rel}","templated":true}]}}