

{"id":7330,"date":"2022-05-03T12:50:44","date_gmt":"2022-05-03T12:50:44","guid":{"rendered":"https:\/\/www.museodegrandas.es\/el-museo\/12-casa-del-molieiro\/"},"modified":"2022-05-03T12:50:44","modified_gmt":"2022-05-03T12:50:44","slug":"12-casa-del-molieiro","status":"publish","type":"page","link":"https:\/\/www.museodegrandas.es\/as\/el-museo\/12-casa-del-molieiro\/","title":{"rendered":"12.- Casa del molieiro"},"content":{"rendered":"<p><!--:es--><a href=\"http:\/\/www.museodegrandas.es\/wp-content\/uploads\/2014\/02\/plano-casa-molinero.jpg\"><img loading=\"lazy\" class=\"size-full wp-image-6175 aligncenter\" src=\"http:\/\/www.museodegrandas.es\/wp-content\/uploads\/2014\/02\/plano-casa-molinero.jpg\" alt=\"plano-casa-molinero\" width=\"296\" height=\"369\" \/><\/a><\/p>\n<p>A Casa del Molieiro \u00e9 \u00faa edificaci\u00f3n contempor\u00e1nea que xunta as caracter\u00edsticas distintivas da arquitectura tradicional da contornada. Tr\u00e1tase d\u2019\u00faa construcci\u00f3n de dous pisos e desv\u00e1n con cuberta de louxa.<\/p>\n<p>A entrada al piso d\u2019embaxo faise pola fachada occidental, a trav\u00e9s d\u2019un port\u00f3n con cargadeiro e guardada da intemperie pol volao da galer\u00eda del piso d\u2019enriba. Este era el espacio unde avezaban a tar as cortes na casa labradora tradicional. El ingreso al piso d\u2019enriba, unde tar\u00eda a casa pa vivir, faise por \u00faa galer\u00eda \u00e1 que s\u2019accede por \u00faas escaleiras integradas nel alzao. As fachadas septentrional y oriental tein as d\u00faas un corredor volao sobre columnas de louxa, outro dos elementos distintivos d\u2019estas casas.<\/p>\n<p><a href=\"https:\/\/www.museodegrandas.es\/wp-content\/uploads\/2014\/02\/casa-del-molinero.jpg\"><img class=\"aligncenter\" src=\"https:\/\/www.museodegrandas.es\/wp-content\/uploads\/2014\/02\/casa-del-molinero.jpg\" alt=\"casa-del-molinero\" width=\"500\" \/><\/a><\/p>\n<p>Nel desv\u00e1n \u00e1brense us meinelos rectangulares coa funci\u00f3n de deixar acceder as palombas. Estas aves cri\u00e1banse pr\u2019aprovetar a carne dos pich\u00f3is y el escremento de palomba. Os pich\u00f3is eran un prato mui apreciao y el sou caldo taba mui recomendao pa enfermos e convalecentes. El escremento us\u00e1base como cuito pas terras. A esplotaci\u00f3n das palombas tuvo alg\u00faa importancia hasta el primeiro tercio del siglo XX y as casas d\u2019alg\u00faa entid\u00e1 cuntaban con palombar nos sous desv\u00e1is. Na finca apegada al Museo pol norte pode contemplarse un palombar exento de pranta circular. Edificaci\u00f3is d\u2019esta envergadura nun foron mui frecuentes en Asturias e sempre eran propied\u00e1 de casas fortes qu\u2019escenificaban a trav\u00e9s d\u2019elas a s\u00faa solvencia e prestixo.<\/p>\n<p style=\"text-align: center;\"><a href=\"https:\/\/www.museodegrandas.es\/wp-content\/uploads\/2014\/02\/exposiciones.jpg\"><img class=\"wp-image-1116 aligncenter\" src=\"https:\/\/www.museodegrandas.es\/wp-content\/uploads\/2014\/02\/exposiciones.jpg\" alt=\"exposiciones\" width=\"500\" \/><\/a><\/p>\n<p>El edificio ta destinao al traballo interno del centro y acolle tam\u00e9n os espacios polivalentes del Museo. Nel piso d\u2019embaxo local\u00edzanse os talleres de carpinter\u00eda e restauraci\u00f3n. Nel piso d\u2019enriba, despachos, almac\u00e9is y as salas pas esposici\u00f3is temporales, eventos e talleres.<\/p>\n<p style=\"text-align: center;\"><a href=\"https:\/\/www.museodegrandas.es\/wp-content\/uploads\/2014\/02\/exposiciones2.jpg\"><img class=\"wp-image-1117 aligncenter\" src=\"https:\/\/www.museodegrandas.es\/wp-content\/uploads\/2014\/02\/exposiciones2.jpg\" alt=\"exposiciones2\" width=\"500\" \/><\/a><\/p>\n<p style=\"text-align: center;\"><a href=\"https:\/\/www.museodegrandas.es\/wp-content\/uploads\/2014\/02\/exposiciones3.jpg\"><img class=\"wp-image-1118 aligncenter\" src=\"https:\/\/www.museodegrandas.es\/wp-content\/uploads\/2014\/02\/exposiciones3.jpg\" alt=\"exposiciones3\" width=\"500\" \/><\/a><\/p>\n<p><!--:--><\/p>\n","protected":false},"excerpt":{"rendered":"<p>A Casa del Molieiro \u00e9 \u00faa edificaci\u00f3n contempor\u00e1nea que xunta as caracter\u00edsticas distintivas da arquitectura tradicional da contornada. Tr\u00e1tase d\u2019\u00faa construcci\u00f3n de dous pisos e desv\u00e1n con cuberta de louxa. A entrada al piso d\u2019embaxo faise pola fachada occidental, a trav\u00e9s d\u2019un port\u00f3n con cargadeiro e guardada da intemperie pol volao da galer\u00eda del piso [&hellip;]<\/p>\n","protected":false},"author":2,"featured_media":0,"parent":7248,"menu_order":0,"comment_status":"closed","ping_status":"closed","template":"","meta":{"_et_pb_use_builder":"","_et_pb_old_content":"","_et_gb_content_width":""},"_links":{"self":[{"href":"https:\/\/www.museodegrandas.es\/as\/wp-json\/wp\/v2\/pages\/7330"}],"collection":[{"href":"https:\/\/www.museodegrandas.es\/as\/wp-json\/wp\/v2\/pages"}],"about":[{"href":"https:\/\/www.museodegrandas.es\/as\/wp-json\/wp\/v2\/types\/page"}],"author":[{"embeddable":true,"href":"https:\/\/www.museodegrandas.es\/as\/wp-json\/wp\/v2\/users\/2"}],"replies":[{"embeddable":true,"href":"https:\/\/www.museodegrandas.es\/as\/wp-json\/wp\/v2\/comments?post=7330"}],"version-history":[{"count":0,"href":"https:\/\/www.museodegrandas.es\/as\/wp-json\/wp\/v2\/pages\/7330\/revisions"}],"up":[{"embeddable":true,"href":"https:\/\/www.museodegrandas.es\/as\/wp-json\/wp\/v2\/pages\/7248"}],"wp:attachment":[{"href":"https:\/\/www.museodegrandas.es\/as\/wp-json\/wp\/v2\/media?parent=7330"}],"curies":[{"name":"wp","href":"https:\/\/api.w.org\/{rel}","templated":true}]}}