

{"id":7328,"date":"2022-05-03T12:49:06","date_gmt":"2022-05-03T12:49:06","guid":{"rendered":"https:\/\/www.museodegrandas.es\/el-museo\/11-eira\/"},"modified":"2022-05-03T12:49:06","modified_gmt":"2022-05-03T12:49:06","slug":"11-eira","status":"publish","type":"page","link":"https:\/\/www.museodegrandas.es\/as\/el-museo\/11-eira\/","title":{"rendered":"11.- Eira"},"content":{"rendered":"<p>Delantre del banzao del mol\u00edn ta a <em>eira<\/em>, espacio aberto enlouxao unde se fa\u00eda a <em>mallega<\/em>, operaci\u00f3n coa que se sacaba el grao de cent\u00e9n y el de trigo, separando el grao da palla.<\/p>\n<p><a href=\"http:\/\/www.museodegrandas.es\/wp-content\/uploads\/2014\/02\/era.jpg\"><img loading=\"lazy\" class=\"alignnone size-full wp-image-883\" src=\"http:\/\/www.museodegrandas.es\/wp-content\/uploads\/2014\/02\/era.jpg\" alt=\"era\" width=\"1000\" height=\"667\" \/><\/a><\/p>\n<p>El procedemento m\u00e1is vello consist\u00eda en mazar as espigas con un <em>mallo<\/em>, instrumento agr\u00edcola formao por dous paos, \u00fan d\u2019elos m\u00e1is largo e delgao, amarraos por cordas ou correas. A peza m\u00e1is larga val\u00eda p\u2019agarrar a ferramenta e movela, mazando r\u00edtmicamente el cereal col m\u00e1is curtio pa separar el grao. Desp\u00f3is avent\u00e1base con <em>vanos<\/em> pa deixalo limpo de \u201cpolvo e palla\u201d. A empezos del siglo XX incorpor\u00e1ronse a esta operaci\u00f3n as malladoras y as aventadoras mec\u00e1nicas.<\/p>\n<p>A mallega fa\u00edase en agosto, desp\u00f3is da sega del cereal y era \u00faa activid\u00e1 que xuntaba \u00faa chea de personas, sendo motivo de reuni\u00f3n de familias e vec\u00edos e de celebraci\u00f3n festiva.<\/p>\n","protected":false},"excerpt":{"rendered":"<p>Delantre del banzao del mol\u00edn ta a eira, espacio aberto enlouxao unde se fa\u00eda a mallega, operaci\u00f3n coa que se sacaba el grao de cent\u00e9n y el de trigo, separando el grao da palla. El procedemento m\u00e1is vello consist\u00eda en mazar as espigas con un mallo, instrumento agr\u00edcola formao por dous paos, \u00fan d\u2019elos m\u00e1is [&hellip;]<\/p>\n","protected":false},"author":2,"featured_media":0,"parent":7248,"menu_order":0,"comment_status":"closed","ping_status":"closed","template":"","meta":{"_et_pb_use_builder":"","_et_pb_old_content":"","_et_gb_content_width":""},"_links":{"self":[{"href":"https:\/\/www.museodegrandas.es\/as\/wp-json\/wp\/v2\/pages\/7328"}],"collection":[{"href":"https:\/\/www.museodegrandas.es\/as\/wp-json\/wp\/v2\/pages"}],"about":[{"href":"https:\/\/www.museodegrandas.es\/as\/wp-json\/wp\/v2\/types\/page"}],"author":[{"embeddable":true,"href":"https:\/\/www.museodegrandas.es\/as\/wp-json\/wp\/v2\/users\/2"}],"replies":[{"embeddable":true,"href":"https:\/\/www.museodegrandas.es\/as\/wp-json\/wp\/v2\/comments?post=7328"}],"version-history":[{"count":0,"href":"https:\/\/www.museodegrandas.es\/as\/wp-json\/wp\/v2\/pages\/7328\/revisions"}],"up":[{"embeddable":true,"href":"https:\/\/www.museodegrandas.es\/as\/wp-json\/wp\/v2\/pages\/7248"}],"wp:attachment":[{"href":"https:\/\/www.museodegrandas.es\/as\/wp-json\/wp\/v2\/media?parent=7328"}],"curies":[{"name":"wp","href":"https:\/\/api.w.org\/{rel}","templated":true}]}}