

{"id":7326,"date":"2022-05-03T12:48:02","date_gmt":"2022-05-03T12:48:02","guid":{"rendered":"https:\/\/www.museodegrandas.es\/el-museo\/10-molin\/"},"modified":"2022-05-03T12:48:02","modified_gmt":"2022-05-03T12:48:02","slug":"10-molin","status":"publish","type":"page","link":"https:\/\/www.museodegrandas.es\/as\/el-museo\/10-molin\/","title":{"rendered":"10.- Mol\u00edn"},"content":{"rendered":"<p>En 1994 constru\u00eduse nel Museo un mol\u00edn hidr\u00e1ulico farineiro que guarda os mecanismos de tres molas distintas. El aporte h\u00eddrico prov\u00e9n del regueir\u00edn que pasa polo recinto del Museo. Pa remediar a falta d\u2019auga nel brao bot\u00f3use mao d\u2019un mecanismo ben inxenioso col qu\u2019\u00faa bomba el\u00e9ctrica impulsa el caudal del acu\u00edfero atopao al escavar os cimentos del mol\u00edn, xenerando un circuito zarrao que lle d\u00e1 a este mol\u00edn a particularid\u00e1 de moverse, contradicindo al famoso refr\u00e1n, con \u201cauga pasada\u201d.<\/p>\n<p><a href=\"https:\/\/www.museodegrandas.es\/wp-content\/uploads\/2014\/02\/molino1.jpg\"><img class=\"aligncenter\" src=\"https:\/\/www.museodegrandas.es\/wp-content\/uploads\/2014\/02\/molino1.jpg\" alt=\"molino1\" width=\"500\" \/><\/a><\/p>\n<p>El <em>banzao<\/em> del mol\u00edn, unde se xunta el auga que move os rodicios, procede de Villaperi (Uvi\u00e9u) e data de 1869. Desmont\u00f3use pedra a pedra e reconstru\u00eduse coa colaboraci\u00f3n da Confederaci\u00f3n Hidrogr\u00e1fica del Norte. As m\u00e1quinas dos mol\u00edos adquir\u00edronse en Valdoria (Siero), Nogueir\u00f3u (Grandas de Salime) e Colada (Ayande) e corresponden a modelos diferentes.<\/p>\n<p><a href=\"https:\/\/www.museodegrandas.es\/wp-content\/uploads\/2014\/02\/molino2.jpg\"><img class=\"aligncenter\" src=\"https:\/\/www.museodegrandas.es\/wp-content\/uploads\/2014\/02\/molino2.jpg\" alt=\"molino2\" width=\"500\" \/><\/a><!--:--><\/p>\n","protected":false},"excerpt":{"rendered":"<p>En 1994 constru\u00eduse nel Museo un mol\u00edn hidr\u00e1ulico farineiro que guarda os mecanismos de tres molas distintas. El aporte h\u00eddrico prov\u00e9n del regueir\u00edn que pasa polo recinto del Museo. Pa remediar a falta d\u2019auga nel brao bot\u00f3use mao d\u2019un mecanismo ben inxenioso col qu\u2019\u00faa bomba el\u00e9ctrica impulsa el caudal del acu\u00edfero atopao al escavar os [&hellip;]<\/p>\n","protected":false},"author":2,"featured_media":0,"parent":7248,"menu_order":0,"comment_status":"closed","ping_status":"closed","template":"","meta":{"_et_pb_use_builder":"","_et_pb_old_content":"","_et_gb_content_width":""},"_links":{"self":[{"href":"https:\/\/www.museodegrandas.es\/as\/wp-json\/wp\/v2\/pages\/7326"}],"collection":[{"href":"https:\/\/www.museodegrandas.es\/as\/wp-json\/wp\/v2\/pages"}],"about":[{"href":"https:\/\/www.museodegrandas.es\/as\/wp-json\/wp\/v2\/types\/page"}],"author":[{"embeddable":true,"href":"https:\/\/www.museodegrandas.es\/as\/wp-json\/wp\/v2\/users\/2"}],"replies":[{"embeddable":true,"href":"https:\/\/www.museodegrandas.es\/as\/wp-json\/wp\/v2\/comments?post=7326"}],"version-history":[{"count":0,"href":"https:\/\/www.museodegrandas.es\/as\/wp-json\/wp\/v2\/pages\/7326\/revisions"}],"up":[{"embeddable":true,"href":"https:\/\/www.museodegrandas.es\/as\/wp-json\/wp\/v2\/pages\/7248"}],"wp:attachment":[{"href":"https:\/\/www.museodegrandas.es\/as\/wp-json\/wp\/v2\/media?parent=7326"}],"curies":[{"name":"wp","href":"https:\/\/api.w.org\/{rel}","templated":true}]}}