

{"id":7322,"date":"2022-05-03T12:46:28","date_gmt":"2022-05-03T12:46:28","guid":{"rendered":"https:\/\/www.museodegrandas.es\/el-museo\/08-pozo\/"},"modified":"2022-05-03T12:46:28","modified_gmt":"2022-05-03T12:46:28","slug":"08-pozo","status":"publish","type":"page","link":"https:\/\/www.museodegrandas.es\/as\/el-museo\/08-pozo\/","title":{"rendered":"08.- Pozo"},"content":{"rendered":"<p>A casa Rectoral dispu\u00eda d\u2019un poc\u00edn del que s\u2019abastec\u00eda. Delimitao por \u00faa estructura de parede de pedra semicircular con \u00faa abertura d\u2019ingreso adintelada e cuberta de louxas, el pozo nun t\u00eda brocal, ama\u00f1\u00e1ndose el acceso con \u00faas escaleiras de pedra flanquiadas por paredes qu\u2019alargan el bordiao del pozo.<\/p>\n<p><a href=\"https:\/\/www.museodegrandas.es\/wp-content\/uploads\/2014\/02\/pozo.jpg\"><img class=\"aligncenter\" src=\"https:\/\/www.museodegrandas.es\/wp-content\/uploads\/2014\/02\/pozo.jpg\" alt=\"pozo\" width=\"500\" \/><\/a><!--:--><\/p>\n","protected":false},"excerpt":{"rendered":"<p>A casa Rectoral dispu\u00eda d\u2019un poc\u00edn del que s\u2019abastec\u00eda. Delimitao por \u00faa estructura de parede de pedra semicircular con \u00faa abertura d\u2019ingreso adintelada e cuberta de louxas, el pozo nun t\u00eda brocal, ama\u00f1\u00e1ndose el acceso con \u00faas escaleiras de pedra flanquiadas por paredes qu\u2019alargan el bordiao del pozo.<\/p>\n","protected":false},"author":2,"featured_media":0,"parent":7248,"menu_order":0,"comment_status":"closed","ping_status":"closed","template":"","meta":{"_et_pb_use_builder":"","_et_pb_old_content":"","_et_gb_content_width":""},"_links":{"self":[{"href":"https:\/\/www.museodegrandas.es\/as\/wp-json\/wp\/v2\/pages\/7322"}],"collection":[{"href":"https:\/\/www.museodegrandas.es\/as\/wp-json\/wp\/v2\/pages"}],"about":[{"href":"https:\/\/www.museodegrandas.es\/as\/wp-json\/wp\/v2\/types\/page"}],"author":[{"embeddable":true,"href":"https:\/\/www.museodegrandas.es\/as\/wp-json\/wp\/v2\/users\/2"}],"replies":[{"embeddable":true,"href":"https:\/\/www.museodegrandas.es\/as\/wp-json\/wp\/v2\/comments?post=7322"}],"version-history":[{"count":0,"href":"https:\/\/www.museodegrandas.es\/as\/wp-json\/wp\/v2\/pages\/7322\/revisions"}],"up":[{"embeddable":true,"href":"https:\/\/www.museodegrandas.es\/as\/wp-json\/wp\/v2\/pages\/7248"}],"wp:attachment":[{"href":"https:\/\/www.museodegrandas.es\/as\/wp-json\/wp\/v2\/media?parent=7322"}],"curies":[{"name":"wp","href":"https:\/\/api.w.org\/{rel}","templated":true}]}}