

{"id":7320,"date":"2022-05-03T12:45:41","date_gmt":"2022-05-03T12:45:41","guid":{"rendered":"https:\/\/www.museodegrandas.es\/el-museo\/07-panera\/"},"modified":"2022-05-03T12:45:41","modified_gmt":"2022-05-03T12:45:41","slug":"07-panera","status":"publish","type":"page","link":"https:\/\/www.museodegrandas.es\/as\/el-museo\/07-panera\/","title":{"rendered":"07.- Panera"},"content":{"rendered":"<p>A panera \u00e9 \u00faa construcci\u00f3n moble de concepci\u00f3n e funcionalid\u00e1 aparecidas \u00e1 <strong>del horro<\/strong>, del que v\u00e9n ser \u00faa versi\u00f3n ampliada. Al aumentar a s\u00faa capacid\u00e1, esta modalid\u00e1 de graneiro desenvolve \u00faa pranta rectangular dando p\u00e9 al incremento del n\u00famaro d\u2019elementos d\u2019apoyo y a \u00faa armadura de cuberta m\u00e1is complexa, que mant\u00e9n as cuatro augas, pero incorpora polo menos \u00faa viga crumal.<\/p>\n<p><a href=\"https:\/\/www.museodegrandas.es\/wp-content\/uploads\/2014\/02\/panera.jpg\"><img class=\"aligncenter\" src=\"https:\/\/www.museodegrandas.es\/wp-content\/uploads\/2014\/02\/panera.jpg\" alt=\"panera\" width=\"500\" \/><\/a><\/p>\n<p>A panera del Museo procede del lugar d\u2019Escanlar, en Ernes (Negueira de Mu\u00f1iz, Galicia) e constru\u00eduse a \u00faltimos del siglo XIX. El exemplar responde \u00e1s caracter\u00edsticas del momento: parede alta de trabas, cuberta de louxa e corredor pequeno nun lao, neste caso orientao al norte. El grao conserv\u00e1base dentro n\u00faas huchas grandes afixadas ou <em>tu\u00f1as<\/em>.<!--:--><\/p>\n","protected":false},"excerpt":{"rendered":"<p>A panera \u00e9 \u00faa construcci\u00f3n moble de concepci\u00f3n e funcionalid\u00e1 aparecidas \u00e1 del horro, del que v\u00e9n ser \u00faa versi\u00f3n ampliada. Al aumentar a s\u00faa capacid\u00e1, esta modalid\u00e1 de graneiro desenvolve \u00faa pranta rectangular dando p\u00e9 al incremento del n\u00famaro d\u2019elementos d\u2019apoyo y a \u00faa armadura de cuberta m\u00e1is complexa, que mant\u00e9n as cuatro augas, [&hellip;]<\/p>\n","protected":false},"author":2,"featured_media":0,"parent":7248,"menu_order":0,"comment_status":"closed","ping_status":"closed","template":"","meta":{"_et_pb_use_builder":"","_et_pb_old_content":"","_et_gb_content_width":""},"_links":{"self":[{"href":"https:\/\/www.museodegrandas.es\/as\/wp-json\/wp\/v2\/pages\/7320"}],"collection":[{"href":"https:\/\/www.museodegrandas.es\/as\/wp-json\/wp\/v2\/pages"}],"about":[{"href":"https:\/\/www.museodegrandas.es\/as\/wp-json\/wp\/v2\/types\/page"}],"author":[{"embeddable":true,"href":"https:\/\/www.museodegrandas.es\/as\/wp-json\/wp\/v2\/users\/2"}],"replies":[{"embeddable":true,"href":"https:\/\/www.museodegrandas.es\/as\/wp-json\/wp\/v2\/comments?post=7320"}],"version-history":[{"count":0,"href":"https:\/\/www.museodegrandas.es\/as\/wp-json\/wp\/v2\/pages\/7320\/revisions"}],"up":[{"embeddable":true,"href":"https:\/\/www.museodegrandas.es\/as\/wp-json\/wp\/v2\/pages\/7248"}],"wp:attachment":[{"href":"https:\/\/www.museodegrandas.es\/as\/wp-json\/wp\/v2\/media?parent=7320"}],"curies":[{"name":"wp","href":"https:\/\/api.w.org\/{rel}","templated":true}]}}