

{"id":7315,"date":"2022-05-03T12:40:34","date_gmt":"2022-05-03T12:40:34","guid":{"rendered":"https:\/\/www.museodegrandas.es\/el-museo\/05-abeirugo\/"},"modified":"2022-05-03T12:40:34","modified_gmt":"2022-05-03T12:40:34","slug":"05-abeirugo","status":"publish","type":"page","link":"https:\/\/www.museodegrandas.es\/as\/el-museo\/05-abeirugo\/","title":{"rendered":"05.- Abeirugo"},"content":{"rendered":"<p>\u00c9 un caban\u00f3n con cuberta d\u2019\u00faa augada que zarra el corral da Casa Rectoral pol oeste. Al tar tan achegao \u00e1 entrada del Museo, aprovet\u00f3use en parte pa puer el punto de recepci\u00f3n de visitantes. Nel espacio restante t\u00e1n alg\u00faas m\u00e1quinas pa traballar a madera, entre elas \u00faa serra ben orixinal adaptada con bedano, tup\u00ed, cepilladora e disco ou \u00faa copiadora de galochas de primeiros del siglo XX.<\/p>\n<p style=\"text-align: center;\"><a href=\"https:\/\/www.museodegrandas.es\/wp-content\/uploads\/2014\/02\/abeirugo.jpg\"><img class=\"wp-image-6187 aligncenter\" src=\"https:\/\/www.museodegrandas.es\/wp-content\/uploads\/2014\/02\/abeirugo.jpg\" alt=\"abeirugo\" width=\"500\" \/><\/a><\/p>\n<p><!--:--><\/p>\n","protected":false},"excerpt":{"rendered":"<p>\u00c9 un caban\u00f3n con cuberta d\u2019\u00faa augada que zarra el corral da Casa Rectoral pol oeste. Al tar tan achegao \u00e1 entrada del Museo, aprovet\u00f3use en parte pa puer el punto de recepci\u00f3n de visitantes. Nel espacio restante t\u00e1n alg\u00faas m\u00e1quinas pa traballar a madera, entre elas \u00faa serra ben orixinal adaptada con bedano, tup\u00ed, [&hellip;]<\/p>\n","protected":false},"author":2,"featured_media":0,"parent":7248,"menu_order":0,"comment_status":"closed","ping_status":"closed","template":"","meta":{"_et_pb_use_builder":"","_et_pb_old_content":"","_et_gb_content_width":""},"_links":{"self":[{"href":"https:\/\/www.museodegrandas.es\/as\/wp-json\/wp\/v2\/pages\/7315"}],"collection":[{"href":"https:\/\/www.museodegrandas.es\/as\/wp-json\/wp\/v2\/pages"}],"about":[{"href":"https:\/\/www.museodegrandas.es\/as\/wp-json\/wp\/v2\/types\/page"}],"author":[{"embeddable":true,"href":"https:\/\/www.museodegrandas.es\/as\/wp-json\/wp\/v2\/users\/2"}],"replies":[{"embeddable":true,"href":"https:\/\/www.museodegrandas.es\/as\/wp-json\/wp\/v2\/comments?post=7315"}],"version-history":[{"count":0,"href":"https:\/\/www.museodegrandas.es\/as\/wp-json\/wp\/v2\/pages\/7315\/revisions"}],"up":[{"embeddable":true,"href":"https:\/\/www.museodegrandas.es\/as\/wp-json\/wp\/v2\/pages\/7248"}],"wp:attachment":[{"href":"https:\/\/www.museodegrandas.es\/as\/wp-json\/wp\/v2\/media?parent=7315"}],"curies":[{"name":"wp","href":"https:\/\/api.w.org\/{rel}","templated":true}]}}