

{"id":7313,"date":"2022-05-03T12:40:02","date_gmt":"2022-05-03T12:40:02","guid":{"rendered":"https:\/\/www.museodegrandas.es\/el-museo\/04-maqueta-de-mazo\/"},"modified":"2022-05-03T12:40:02","modified_gmt":"2022-05-03T12:40:02","slug":"04-maqueta-de-mazo","status":"publish","type":"page","link":"https:\/\/www.museodegrandas.es\/as\/el-museo\/04-maqueta-de-mazo\/","title":{"rendered":"04.- Maqueta de mazo"},"content":{"rendered":"<p>Reproducci\u00f3n a escala d\u2019un mazo hidr\u00e1ulico a partir del mazo del Mazonovo, localizao nel concello vec\u00edn de Santalla d\u2019Ozcos.<\/p>\n<p>A industria del ferro tuvo un gran desenvolvemento nel occidente d\u2019Asturias, sobre todo a partir dos siglos XVII e XVIII en que se xeneraliz\u00f3u el uso da roda hidr\u00e1ulica. El proceso de trasformaci\u00f3n del ferro empezaba nas <em>ferrer\u00edas<\/em>, unde se fund\u00eda el mineral de ferro e s\u2019obt\u00edan \u00faas barras. Estas barras manipul\u00e1banse nos mazos, unde s\u2019espalmaban, adelgadaban ou enanchaban pa poder traballalas y al cabo pasaban al taller del ferreiro, a <em>forxa<\/em>, unde se fabricaban as ferramentas e productos finales. Mazo \u00e9 el nome que recibe tanto el martel\u00f3n pa mazar el ferro como a instalaci\u00f3n unde ta.<\/p>\n","protected":false},"excerpt":{"rendered":"<p>Reproducci\u00f3n a escala d\u2019un mazo hidr\u00e1ulico a partir del mazo del Mazonovo, localizao nel concello vec\u00edn de Santalla d\u2019Ozcos. A industria del ferro tuvo un gran desenvolvemento nel occidente d\u2019Asturias, sobre todo a partir dos siglos XVII e XVIII en que se xeneraliz\u00f3u el uso da roda hidr\u00e1ulica. El proceso de trasformaci\u00f3n del ferro empezaba [&hellip;]<\/p>\n","protected":false},"author":2,"featured_media":0,"parent":7248,"menu_order":0,"comment_status":"closed","ping_status":"closed","template":"","meta":{"_et_pb_use_builder":"","_et_pb_old_content":"","_et_gb_content_width":""},"_links":{"self":[{"href":"https:\/\/www.museodegrandas.es\/as\/wp-json\/wp\/v2\/pages\/7313"}],"collection":[{"href":"https:\/\/www.museodegrandas.es\/as\/wp-json\/wp\/v2\/pages"}],"about":[{"href":"https:\/\/www.museodegrandas.es\/as\/wp-json\/wp\/v2\/types\/page"}],"author":[{"embeddable":true,"href":"https:\/\/www.museodegrandas.es\/as\/wp-json\/wp\/v2\/users\/2"}],"replies":[{"embeddable":true,"href":"https:\/\/www.museodegrandas.es\/as\/wp-json\/wp\/v2\/comments?post=7313"}],"version-history":[{"count":0,"href":"https:\/\/www.museodegrandas.es\/as\/wp-json\/wp\/v2\/pages\/7313\/revisions"}],"up":[{"embeddable":true,"href":"https:\/\/www.museodegrandas.es\/as\/wp-json\/wp\/v2\/pages\/7248"}],"wp:attachment":[{"href":"https:\/\/www.museodegrandas.es\/as\/wp-json\/wp\/v2\/media?parent=7313"}],"curies":[{"name":"wp","href":"https:\/\/api.w.org\/{rel}","templated":true}]}}