

{"id":7309,"date":"2022-05-03T12:37:46","date_gmt":"2022-05-03T12:37:46","guid":{"rendered":"https:\/\/www.museodegrandas.es\/el-museo\/02-a-casa-rectoral\/02-13-sala-de-torneria\/"},"modified":"2022-05-03T12:37:46","modified_gmt":"2022-05-03T12:37:46","slug":"02-13-sala-de-torneria","status":"publish","type":"page","link":"https:\/\/www.museodegrandas.es\/as\/el-museo\/02-a-casa-rectoral\/02-13-sala-de-torneria\/","title":{"rendered":"02.13.- Sala de Torner\u00eda"},"content":{"rendered":"<p>Os pratos e concas das casas labradoras eran cuasemente todos de madera torniada. Nel siglo XVI, Eugenio de Salazar escribe sobre os vec\u00edos de Tormaleo (Ibias)<em>: \u201cEs gente de tanta punta, que comen beben en platos y escudillas de palo por no comer ni beber en platos de Talavera, ni vidrio de Vene\u00e7ia, que dicen que es su\u00e7io y que se haze de barro\u201d<\/em>. M\u00e1is achegaos a nosoutros, os inventarios de beis realizaos nel siglo XIX mencionan muitos recipientes de madera nas casas e poucos de cer\u00e1mica. Nel territorio unde s\u2019inscribe el Museo nun hab\u00eda ning\u00fan centro oleiro y as poucas pezas de barro que s\u2019usaban proced\u00edan de \u1e36\u1e37amas del Mouru (Cangas del Narcea), Castilla e, sobre todo, Galicia.<\/p>\n<p style=\"text-align: center;\">\u00a0<a href=\"https:\/\/www.museodegrandas.es\/wp-content\/uploads\/2014\/02\/torneria2.jpg\"><img loading=\"lazy\" class=\"wp-image-1154 alignnone\" src=\"https:\/\/www.museodegrandas.es\/wp-content\/uploads\/2014\/02\/torneria2.jpg\" alt=\"torneria2\" width=\"502\" height=\"335\" \/><\/a><\/p>\n<p>El torno que s\u2019usaba p\u00e1 madera era de pedal e media volta. Tr\u00e1tase d\u2019\u00faa m\u00e1quina sinxela que deixaba a os torneiros d\u2019A Estierna y El Vau (Ibias) trasladarse temporalmente a Li\u00f3n, Castilla y Estremadura a fabricar cacharros polas casas. A madera usada era a de casta\u00f1eiro, bidueira e salgueira.<\/p>\n<p><a href=\"https:\/\/www.museodegrandas.es\/wp-content\/uploads\/2014\/02\/torneria.jpg\"><img loading=\"lazy\" class=\"aligncenter wp-image-6265\" src=\"https:\/\/www.museodegrandas.es\/wp-content\/uploads\/2014\/02\/torneria.jpg\" alt=\"torner\u00eda\" width=\"500\" height=\"334\" \/><\/a><\/p>\n<p>As formas que se fabricaban eran variadas y abarcaban necesidades diferentes da vida rural. Pa comer y outros usos dom\u00e9sticos hab\u00eda concas, pratos, <em>bacicas<\/em>, <em>trilladeiras<\/em> ou <em>riladeiras<\/em> pa cortar a carne, saleiros e <em>cimbreiras<\/em> pa levar a comida al monte. P\u00e1 matanza hab\u00eda <em>arame\u00f1os<\/em>, <em>maseiras<\/em> ou artesas grandes unde se botaba a carne e s\u2019adobaba. Pa faer manteiga hab\u00eda <em>olas<\/em> ou <em>mazadeiras <\/em>unde se mazaba ou bat\u00eda el leite con \u00faa <em>parafusa<\/em>. Pal vi\u00f1o hab\u00eda embudos pa os trafegos, canadas pa medir, <em>cachos<\/em> pa beber, etc.<\/p>\n<p><!--:--><\/p>\n","protected":false},"excerpt":{"rendered":"<p>Os pratos e concas das casas labradoras eran cuasemente todos de madera torniada. Nel siglo XVI, Eugenio de Salazar escribe sobre os vec\u00edos de Tormaleo (Ibias): \u201cEs gente de tanta punta, que comen beben en platos y escudillas de palo por no comer ni beber en platos de Talavera, ni vidrio de Vene\u00e7ia, que dicen [&hellip;]<\/p>\n","protected":false},"author":2,"featured_media":0,"parent":7249,"menu_order":0,"comment_status":"closed","ping_status":"closed","template":"","meta":{"_et_pb_use_builder":"","_et_pb_old_content":"","_et_gb_content_width":""},"_links":{"self":[{"href":"https:\/\/www.museodegrandas.es\/as\/wp-json\/wp\/v2\/pages\/7309"}],"collection":[{"href":"https:\/\/www.museodegrandas.es\/as\/wp-json\/wp\/v2\/pages"}],"about":[{"href":"https:\/\/www.museodegrandas.es\/as\/wp-json\/wp\/v2\/types\/page"}],"author":[{"embeddable":true,"href":"https:\/\/www.museodegrandas.es\/as\/wp-json\/wp\/v2\/users\/2"}],"replies":[{"embeddable":true,"href":"https:\/\/www.museodegrandas.es\/as\/wp-json\/wp\/v2\/comments?post=7309"}],"version-history":[{"count":0,"href":"https:\/\/www.museodegrandas.es\/as\/wp-json\/wp\/v2\/pages\/7309\/revisions"}],"up":[{"embeddable":true,"href":"https:\/\/www.museodegrandas.es\/as\/wp-json\/wp\/v2\/pages\/7249"}],"wp:attachment":[{"href":"https:\/\/www.museodegrandas.es\/as\/wp-json\/wp\/v2\/media?parent=7309"}],"curies":[{"name":"wp","href":"https:\/\/api.w.org\/{rel}","templated":true}]}}