

{"id":7305,"date":"2022-05-03T12:35:45","date_gmt":"2022-05-03T12:35:45","guid":{"rendered":"https:\/\/www.museodegrandas.es\/el-museo\/02-a-casa-rectoral\/02-12-la-forxa\/"},"modified":"2022-05-03T12:36:22","modified_gmt":"2022-05-03T12:36:22","slug":"02-12-la-forxa","status":"publish","type":"page","link":"https:\/\/www.museodegrandas.es\/as\/el-museo\/02-a-casa-rectoral\/02-12-la-forxa\/","title":{"rendered":"02.12.- La forxa"},"content":{"rendered":"<p>A forxa \u00e9 el taller del ferreiro e nela son elementos imprescindibles a mesa de traballo, posta sempre al p\u00e9 d\u2019\u00faa vent\u00e1, y a forxa propiamente dita. Integran a forxa un <em>regazal<\/em>, cax\u00f3n de madera e louxas chen de barro unde se prende el lume con carb\u00f3n vexetal, y un barqu\u00edn manual que mete aire nel regazal pa enfougar el lume. Al lao da forxa ta un pil\u00f3n con auga pa trempar el ferro y un par d\u2019incres: \u00faa maciza, <em>a incre de ferro<\/em> y outra m\u00e1is delgada, <em>a incre de faer argolas<\/em>.<\/p>\n<p style=\"text-align: center;\"><a href=\"https:\/\/www.museodegrandas.es\/wp-content\/uploads\/2014\/02\/fragua.jpg\"><img class=\"wp-image-1119 aligncenter\" src=\"https:\/\/www.museodegrandas.es\/wp-content\/uploads\/2014\/02\/fragua.jpg\" alt=\"fragua\" width=\"500\" \/><\/a><\/p>\n<p>El instrumental del ferreiro \u00e9 amplio e variao y incluye, entre outras ferramentas, <em>parafusas<\/em> pa taladrar el ferro, tenaces, <em>craveiras<\/em> pa faer cravos, torno, taladros ou curvadoras pas guarnici\u00f3is e palmel\u00f3is das rodas del carro del pa\u00eds. P\u00e1 fabricaci\u00f3n d\u2019estas \u00faltimas era necesaria a participaci\u00f3n d\u2019un carpinteiro ou ben d\u2019\u00faa persona con conocemento das t\u00e9cnicas dos dous oficios.<\/p>\n<p><a href=\"https:\/\/www.museodegrandas.es\/wp-content\/uploads\/2014\/02\/fragua2.jpg\"><img class=\"wp-image-1120 aligncenter\" src=\"https:\/\/www.museodegrandas.es\/wp-content\/uploads\/2014\/02\/fragua2.jpg\" alt=\"fragua2\" width=\"500\" \/><\/a><\/p>\n<p>\u00c1 fabricaci\u00f3n de ferramentas d\u2019usos e tipolox\u00edas variadas, suman os ferreiros d\u00faas actividades fundamentales nel mundo rural: ferrar as vacas y os cabalos, y afilar y ama\u00f1ar as ferramentas agr\u00edcolas.<\/p>\n<p style=\"text-align: center;\"><a href=\"https:\/\/www.museodegrandas.es\/wp-content\/uploads\/2014\/02\/fragua3.jpg\"><img class=\"wp-image-1121 aligncenter\" src=\"https:\/\/www.museodegrandas.es\/wp-content\/uploads\/2014\/02\/fragua3.jpg\" alt=\"fragua3\" width=\"500\" \/><\/a><\/p>\n<p><!--:--><\/p>\n","protected":false},"excerpt":{"rendered":"<p>A forxa \u00e9 el taller del ferreiro e nela son elementos imprescindibles a mesa de traballo, posta sempre al p\u00e9 d\u2019\u00faa vent\u00e1, y a forxa propiamente dita. Integran a forxa un regazal, cax\u00f3n de madera e louxas chen de barro unde se prende el lume con carb\u00f3n vexetal, y un barqu\u00edn manual que mete aire [&hellip;]<\/p>\n","protected":false},"author":2,"featured_media":0,"parent":7249,"menu_order":0,"comment_status":"closed","ping_status":"closed","template":"","meta":{"_et_pb_use_builder":"","_et_pb_old_content":"","_et_gb_content_width":""},"_links":{"self":[{"href":"https:\/\/www.museodegrandas.es\/as\/wp-json\/wp\/v2\/pages\/7305"}],"collection":[{"href":"https:\/\/www.museodegrandas.es\/as\/wp-json\/wp\/v2\/pages"}],"about":[{"href":"https:\/\/www.museodegrandas.es\/as\/wp-json\/wp\/v2\/types\/page"}],"author":[{"embeddable":true,"href":"https:\/\/www.museodegrandas.es\/as\/wp-json\/wp\/v2\/users\/2"}],"replies":[{"embeddable":true,"href":"https:\/\/www.museodegrandas.es\/as\/wp-json\/wp\/v2\/comments?post=7305"}],"version-history":[{"count":1,"href":"https:\/\/www.museodegrandas.es\/as\/wp-json\/wp\/v2\/pages\/7305\/revisions"}],"predecessor-version":[{"id":7307,"href":"https:\/\/www.museodegrandas.es\/as\/wp-json\/wp\/v2\/pages\/7305\/revisions\/7307"}],"up":[{"embeddable":true,"href":"https:\/\/www.museodegrandas.es\/as\/wp-json\/wp\/v2\/pages\/7249"}],"wp:attachment":[{"href":"https:\/\/www.museodegrandas.es\/as\/wp-json\/wp\/v2\/media?parent=7305"}],"curies":[{"name":"wp","href":"https:\/\/api.w.org\/{rel}","templated":true}]}}