

{"id":7302,"date":"2022-05-03T12:33:12","date_gmt":"2022-05-03T12:33:12","guid":{"rendered":"https:\/\/www.museodegrandas.es\/el-museo\/02-a-casa-rectoral\/02-11-sala-de-la-madera\/"},"modified":"2022-05-03T12:33:12","modified_gmt":"2022-05-03T12:33:12","slug":"02-11-sala-de-la-madera","status":"publish","type":"page","link":"https:\/\/www.museodegrandas.es\/as\/el-museo\/02-a-casa-rectoral\/02-11-sala-de-la-madera\/","title":{"rendered":"02.11.- Sala de la madera"},"content":{"rendered":"<p>El car\u00e1cter aut\u00e1rquico da econom\u00eda del mundo rural y a pouca capacid\u00e1 adquisitiva dos labradores nun resultaban un gran est\u00edmulo pa desenvolver actividades non agr\u00edcolas. Entre os poucos oficios consolidaos atop\u00e1banse aquelos qu\u2019usaban a madera como materia prima de traballo.<\/p>\n<p>\u00daa das actividades con carta de naturaleza propia era a dos serradores, que tumbaban el \u00e1rbol nel monte coa brosa ou tronzador e proces\u00e1banla serr\u00e1ndola con \u00faa serra d\u2019aire ou \u00faa serra portuguesa.<\/p>\n<p style=\"text-align: center;\">\u00a0<a href=\"https:\/\/www.museodegrandas.es\/wp-content\/uploads\/2014\/02\/madera.jpg\"><img class=\"wp-image-1127 aligncenter\" src=\"https:\/\/www.museodegrandas.es\/wp-content\/uploads\/2014\/02\/madera.jpg\" alt=\"madera\" width=\"500\" \/><\/a><\/p>\n<p>Os carpinteiros fabricaban ferramentas agr\u00edcolas e todo tipo de mobiliario dom\u00e9stico, adem\u00e1is d\u2019elementos constructivos como portas, vent\u00e1s ou vigas. Polo com\u00fan, dominaban a t\u00e9cnica d\u2019outros oficios, como el de canteiro ou ferreiro, el que lles deixaba, en muitas ocasi\u00f3is, diversificar el traballo. \u00c9 el caso, por exemplo, de Lulo de Benino, carpinteiro-ferreiro de Bisuyu (Cangas de Narcea) que constru\u00eda un par de rodas de carro por xornada de traballo. Nel taller del carpinteiro nun faltaba nunca el sou banco de traballo nin as ferramentas asociadas al sou oficio: brosas, axolas, cepillos, garlopas, trinchas, serr\u00f3is, serras de marqueter\u00eda, etc.<\/p>\n<p style=\"text-align: center;\">\u00a0<a href=\"https:\/\/www.museodegrandas.es\/wp-content\/uploads\/2014\/02\/cesteria.jpg\"><img class=\"wp-image-1106 aligncenter\" src=\"https:\/\/www.museodegrandas.es\/wp-content\/uploads\/2014\/02\/cesteria.jpg\" alt=\"cesteria\" width=\"500\" \/><\/a><\/p>\n<p>As necesidades que cubrir n\u00faa casa labradora deron p\u00e9 al nacemento d\u2019outros oficios espec\u00edficos que cuntaban col sou propio instrumental pa traballar a madera. \u00c9 el caso dos cesteiros, que dispu\u00edan de bancos dise\u00f1aos pa <em>cuitelar<\/em> ou cepillar as <em>costelas<\/em> (tiras de madera coas que se fa\u00edan as cestas), os toneleiros ou os cullareiros, que traballaban con tornos axeitaos pas s\u00faas fabricaci\u00f3is.<\/p>\n<p><!--:--><\/p>\n","protected":false},"excerpt":{"rendered":"<p>El car\u00e1cter aut\u00e1rquico da econom\u00eda del mundo rural y a pouca capacid\u00e1 adquisitiva dos labradores nun resultaban un gran est\u00edmulo pa desenvolver actividades non agr\u00edcolas. Entre os poucos oficios consolidaos atop\u00e1banse aquelos qu\u2019usaban a madera como materia prima de traballo. \u00daa das actividades con carta de naturaleza propia era a dos serradores, que tumbaban el [&hellip;]<\/p>\n","protected":false},"author":2,"featured_media":0,"parent":7249,"menu_order":0,"comment_status":"closed","ping_status":"closed","template":"","meta":{"_et_pb_use_builder":"","_et_pb_old_content":"","_et_gb_content_width":""},"_links":{"self":[{"href":"https:\/\/www.museodegrandas.es\/as\/wp-json\/wp\/v2\/pages\/7302"}],"collection":[{"href":"https:\/\/www.museodegrandas.es\/as\/wp-json\/wp\/v2\/pages"}],"about":[{"href":"https:\/\/www.museodegrandas.es\/as\/wp-json\/wp\/v2\/types\/page"}],"author":[{"embeddable":true,"href":"https:\/\/www.museodegrandas.es\/as\/wp-json\/wp\/v2\/users\/2"}],"replies":[{"embeddable":true,"href":"https:\/\/www.museodegrandas.es\/as\/wp-json\/wp\/v2\/comments?post=7302"}],"version-history":[{"count":0,"href":"https:\/\/www.museodegrandas.es\/as\/wp-json\/wp\/v2\/pages\/7302\/revisions"}],"up":[{"embeddable":true,"href":"https:\/\/www.museodegrandas.es\/as\/wp-json\/wp\/v2\/pages\/7249"}],"wp:attachment":[{"href":"https:\/\/www.museodegrandas.es\/as\/wp-json\/wp\/v2\/media?parent=7302"}],"curies":[{"name":"wp","href":"https:\/\/api.w.org\/{rel}","templated":true}]}}