

{"id":7300,"date":"2022-05-03T12:32:02","date_gmt":"2022-05-03T12:32:02","guid":{"rendered":"https:\/\/www.museodegrandas.es\/el-museo\/02-a-casa-rectoral\/02-10-cantina\/"},"modified":"2022-05-03T12:32:02","modified_gmt":"2022-05-03T12:32:02","slug":"02-10-cantina","status":"publish","type":"page","link":"https:\/\/www.museodegrandas.es\/as\/el-museo\/02-a-casa-rectoral\/02-10-cantina\/","title":{"rendered":"02.10.- Cantina"},"content":{"rendered":"<p>Nos lugares d\u2019alg\u00faa importancia, nas cabeceiras parroquiales e nas ventas ou casas postas na veira dos cam\u00edos reales, instal\u00e1banse tabernas qu\u2019ofrec\u00edan al p\u00fablico bebidas, comestibles derivaos del cocho e productos que nun se fabricaban nas casas como conservas, galletas e caramelos, papel pa escribir e fumar, velas e linternas p\u2019alumar, mistos y, en alg\u00fas casos, tabaco. A hospitalid\u00e1 era norma habitual nas cantinas, sendo non poucas as ocasi\u00f3is nas qu\u2019el forasteiro de paso compart\u00eda a propia comida feita p\u00e1 casa.<\/p>\n<p style=\"text-align: center;\"><a href=\"https:\/\/www.museodegrandas.es\/wp-content\/uploads\/2014\/02\/bodega.jpg\"><img class=\"wp-image-1098 aligncenter\" src=\"https:\/\/www.museodegrandas.es\/wp-content\/uploads\/2014\/02\/bodega.jpg\" alt=\"bodega\" width=\"500\" \/><\/a><\/p>\n<p style=\"text-align: center;\"><a href=\"https:\/\/www.museodegrandas.es\/wp-content\/uploads\/2014\/02\/bodega2.jpg\"><img class=\"wp-image-1099 aligncenter\" src=\"https:\/\/www.museodegrandas.es\/wp-content\/uploads\/2014\/02\/bodega2.jpg\" alt=\"bodega2\" width=\"500\" \/><\/a><\/p>\n<p><!--:--><\/p>\n","protected":false},"excerpt":{"rendered":"<p>Nos lugares d\u2019alg\u00faa importancia, nas cabeceiras parroquiales e nas ventas ou casas postas na veira dos cam\u00edos reales, instal\u00e1banse tabernas qu\u2019ofrec\u00edan al p\u00fablico bebidas, comestibles derivaos del cocho e productos que nun se fabricaban nas casas como conservas, galletas e caramelos, papel pa escribir e fumar, velas e linternas p\u2019alumar, mistos y, en alg\u00fas casos, [&hellip;]<\/p>\n","protected":false},"author":2,"featured_media":0,"parent":7249,"menu_order":0,"comment_status":"closed","ping_status":"closed","template":"","meta":{"_et_pb_use_builder":"","_et_pb_old_content":"","_et_gb_content_width":""},"_links":{"self":[{"href":"https:\/\/www.museodegrandas.es\/as\/wp-json\/wp\/v2\/pages\/7300"}],"collection":[{"href":"https:\/\/www.museodegrandas.es\/as\/wp-json\/wp\/v2\/pages"}],"about":[{"href":"https:\/\/www.museodegrandas.es\/as\/wp-json\/wp\/v2\/types\/page"}],"author":[{"embeddable":true,"href":"https:\/\/www.museodegrandas.es\/as\/wp-json\/wp\/v2\/users\/2"}],"replies":[{"embeddable":true,"href":"https:\/\/www.museodegrandas.es\/as\/wp-json\/wp\/v2\/comments?post=7300"}],"version-history":[{"count":0,"href":"https:\/\/www.museodegrandas.es\/as\/wp-json\/wp\/v2\/pages\/7300\/revisions"}],"up":[{"embeddable":true,"href":"https:\/\/www.museodegrandas.es\/as\/wp-json\/wp\/v2\/pages\/7249"}],"wp:attachment":[{"href":"https:\/\/www.museodegrandas.es\/as\/wp-json\/wp\/v2\/media?parent=7300"}],"curies":[{"name":"wp","href":"https:\/\/api.w.org\/{rel}","templated":true}]}}