

{"id":7296,"date":"2022-05-03T12:28:04","date_gmt":"2022-05-03T12:28:04","guid":{"rendered":"https:\/\/www.museodegrandas.es\/el-museo\/02-a-casa-rectoral\/02-08-taller-de-zapateiro\/"},"modified":"2022-05-03T12:28:04","modified_gmt":"2022-05-03T12:28:04","slug":"02-08-taller-de-zapateiro","status":"publish","type":"page","link":"https:\/\/www.museodegrandas.es\/as\/el-museo\/02-a-casa-rectoral\/02-08-taller-de-zapateiro\/","title":{"rendered":"02.08.- Taller de zapateiro"},"content":{"rendered":"<p>Debaxo da escaleira, nel piso d\u2019embaxo, ta recreao el taller d\u2019un zapateiro coa s\u00faa silla e mesa de traballo, entrambas de pouca altura pa facilitar a precisi\u00f3n del sou labor, os sous tarecos de traballo, m\u00e1quina de coser, formas de varios tama\u00f1os, zapatos en proceso d\u2019elaboraci\u00f3n y \u00faa mostra dos productos acabaos que se ofrec\u00edan al p\u00fablico, entre elos alg\u00fas chanclos de goma qu\u2019exemplifican a adaptaci\u00f3n das formas vellas a os materiales novos.<\/p>\n<p>.<a href=\"https:\/\/www.museodegrandas.es\/wp-content\/uploads\/2014\/02\/zapatero.jpg\"><img class=\"wp-image-1156 aligncenter\" src=\"https:\/\/www.museodegrandas.es\/wp-content\/uploads\/2014\/02\/zapatero.jpg\" alt=\"zapatero\" width=\"500\" \/><\/a><\/p>\n<p>A zapater\u00eda nun \u00e9 un oficio mui vello nestas terras nas qu\u2019el calzao tradicional eran as galochas, madre\u00f1as ou zocas de madera y as abarcas de coiro. A mediaos del siglo XVIII nun hab\u00eda ning\u00fan zapateiro declarao nos concellos d\u2019alredor del Museo. A referencia m\u00e1is achegada ta nel concello de Taramundi, unde se rexistran nove zapateiros traballando en relaci\u00f3n con \u00faa f\u00e1brica de curtidos qu\u2019hab\u00eda al\u00ed. Os primeiros profesionales deberon instalarse nas capitales dos concellos nel siglo XIX, cuando el aumento da capacid\u00e1 econ\u00f3mica dos labradores lles deixa comprar us zapatos pa calzar en d\u00edas se\u00f1alaos.<\/p>\n<p style=\"text-align: center;\"><a href=\"https:\/\/www.museodegrandas.es\/wp-content\/uploads\/2014\/02\/zapatero2.jpg\"><img class=\"wp-image-1157 aligncenter\" src=\"https:\/\/www.museodegrandas.es\/wp-content\/uploads\/2014\/02\/zapatero2.jpg\" alt=\"zapatero2\" width=\"500\" \/><\/a><\/p>\n<p><!--:--><\/p>\n","protected":false},"excerpt":{"rendered":"<p>Debaxo da escaleira, nel piso d\u2019embaxo, ta recreao el taller d\u2019un zapateiro coa s\u00faa silla e mesa de traballo, entrambas de pouca altura pa facilitar a precisi\u00f3n del sou labor, os sous tarecos de traballo, m\u00e1quina de coser, formas de varios tama\u00f1os, zapatos en proceso d\u2019elaboraci\u00f3n y \u00faa mostra dos productos acabaos que se ofrec\u00edan [&hellip;]<\/p>\n","protected":false},"author":2,"featured_media":0,"parent":7249,"menu_order":0,"comment_status":"closed","ping_status":"closed","template":"","meta":{"_et_pb_use_builder":"","_et_pb_old_content":"","_et_gb_content_width":""},"_links":{"self":[{"href":"https:\/\/www.museodegrandas.es\/as\/wp-json\/wp\/v2\/pages\/7296"}],"collection":[{"href":"https:\/\/www.museodegrandas.es\/as\/wp-json\/wp\/v2\/pages"}],"about":[{"href":"https:\/\/www.museodegrandas.es\/as\/wp-json\/wp\/v2\/types\/page"}],"author":[{"embeddable":true,"href":"https:\/\/www.museodegrandas.es\/as\/wp-json\/wp\/v2\/users\/2"}],"replies":[{"embeddable":true,"href":"https:\/\/www.museodegrandas.es\/as\/wp-json\/wp\/v2\/comments?post=7296"}],"version-history":[{"count":0,"href":"https:\/\/www.museodegrandas.es\/as\/wp-json\/wp\/v2\/pages\/7296\/revisions"}],"up":[{"embeddable":true,"href":"https:\/\/www.museodegrandas.es\/as\/wp-json\/wp\/v2\/pages\/7249"}],"wp:attachment":[{"href":"https:\/\/www.museodegrandas.es\/as\/wp-json\/wp\/v2\/media?parent=7296"}],"curies":[{"name":"wp","href":"https:\/\/api.w.org\/{rel}","templated":true}]}}