

{"id":7292,"date":"2022-05-03T12:25:46","date_gmt":"2022-05-03T12:25:46","guid":{"rendered":"https:\/\/www.museodegrandas.es\/el-museo\/02-a-casa-rectoral\/02-06-cuartin\/"},"modified":"2022-05-03T12:25:46","modified_gmt":"2022-05-03T12:25:46","slug":"02-06-cuartin","status":"publish","type":"page","link":"https:\/\/www.museodegrandas.es\/as\/el-museo\/02-a-casa-rectoral\/02-06-cuartin\/","title":{"rendered":"02.06.- Cuart\u00edn"},"content":{"rendered":"<p>Polo com\u00fan, os cuartos pa durmir nas casas labradoras eran poucos e pequenos y el sou mobiliario probe y escaso. A mediaos del siglo XVIII, as m\u00e1is das casas t\u00edan \u00fan ou dous cuartos y hab\u00eda alg\u00faas que nun cuntaban con \u00e9l. A xente d\u2019\u00faa familia durm\u00eda toda nun cuarto ou sala com\u00fan, aga, se era posible, os padres y os abolos. As camas, como a que s\u2019esp\u00f3n, eran camas de <em>relleira<\/em> ou trabas con xerg\u00f3n de follas de ma\u00edz, sabas de lin y \u00faa colcha.<\/p>\n<p><a href=\"https:\/\/www.museodegrandas.es\/wp-content\/uploads\/2014\/02\/Cuartin.jpg\"><img class=\"aligncenter\" src=\"https:\/\/www.museodegrandas.es\/wp-content\/uploads\/2014\/02\/Cuartin.jpg\" alt=\"Cuartin\" width=\"500\" \/><\/a><\/p>\n<p>As huchas, os ba\u00fales y os cofres foron hasta \u00faltimos del siglo XIX cuase el \u00fanico mobiliario da casa. Cuando nun eran abondo pa guardar el axuar testil y a vestimenta, \u00e9sta emporond\u00e1base d\u2019\u00faas varas postas nel fayao dos cuartos.<\/p>\n<p>Destaca neste espacio un <em>bercio<\/em> col fondo de trabas y us furaos nel borde de riba coa funci\u00f3n de deixar acarriar el neno e amarralo pa que nun se destapara ou cayese mentres a madre traballaba na casa ou sal\u00eda pa ir \u00e1 horta ou al horro.<\/p>\n","protected":false},"excerpt":{"rendered":"<p>Polo com\u00fan, os cuartos pa durmir nas casas labradoras eran poucos e pequenos y el sou mobiliario probe y escaso. A mediaos del siglo XVIII, as m\u00e1is das casas t\u00edan \u00fan ou dous cuartos y hab\u00eda alg\u00faas que nun cuntaban con \u00e9l. A xente d\u2019\u00faa familia durm\u00eda toda nun cuarto ou sala com\u00fan, aga, se [&hellip;]<\/p>\n","protected":false},"author":2,"featured_media":0,"parent":7249,"menu_order":0,"comment_status":"closed","ping_status":"closed","template":"","meta":{"_et_pb_use_builder":"","_et_pb_old_content":"","_et_gb_content_width":""},"_links":{"self":[{"href":"https:\/\/www.museodegrandas.es\/as\/wp-json\/wp\/v2\/pages\/7292"}],"collection":[{"href":"https:\/\/www.museodegrandas.es\/as\/wp-json\/wp\/v2\/pages"}],"about":[{"href":"https:\/\/www.museodegrandas.es\/as\/wp-json\/wp\/v2\/types\/page"}],"author":[{"embeddable":true,"href":"https:\/\/www.museodegrandas.es\/as\/wp-json\/wp\/v2\/users\/2"}],"replies":[{"embeddable":true,"href":"https:\/\/www.museodegrandas.es\/as\/wp-json\/wp\/v2\/comments?post=7292"}],"version-history":[{"count":0,"href":"https:\/\/www.museodegrandas.es\/as\/wp-json\/wp\/v2\/pages\/7292\/revisions"}],"up":[{"embeddable":true,"href":"https:\/\/www.museodegrandas.es\/as\/wp-json\/wp\/v2\/pages\/7249"}],"wp:attachment":[{"href":"https:\/\/www.museodegrandas.es\/as\/wp-json\/wp\/v2\/media?parent=7292"}],"curies":[{"name":"wp","href":"https:\/\/api.w.org\/{rel}","templated":true}]}}