

{"id":7289,"date":"2022-05-03T12:17:41","date_gmt":"2022-05-03T12:17:41","guid":{"rendered":"https:\/\/www.museodegrandas.es\/el-museo\/02-a-casa-rectoral\/02-05-galeria\/"},"modified":"2022-05-03T12:17:41","modified_gmt":"2022-05-03T12:17:41","slug":"02-05-galeria","status":"publish","type":"page","link":"https:\/\/www.museodegrandas.es\/as\/el-museo\/02-a-casa-rectoral\/02-05-galeria\/","title":{"rendered":"02.05.- Galer\u00eda"},"content":{"rendered":"<p><!--:es--><a href=\"https:\/\/www.museodegrandas.es\/wp-content\/uploads\/2014\/02\/galeria.jpg\"><img loading=\"lazy\" class=\"alignleft\" src=\"https:\/\/www.museodegrandas.es\/wp-content\/uploads\/2014\/02\/galeria.jpg\" alt=\"galeria\" width=\"267\" height=\"400\" \/><\/a>As galer\u00edas acristaladas incorp\u00f3ranse \u00e1s casas del mundo rural a partir del siglo XIX. Muitos dos corredores antigos zarr\u00e1ronse p\u2019axeitarse \u00e1 moda nova. El zarramento deix\u00f3u diversificar as funci\u00f3is d\u2019estos espacios que, anque tuvesen como uso preferente el almacenamento e secao de productos, trasform\u00e1ronse en muitos casos nun cuarto m\u00e1is da casa. Alg\u00faas galer\u00edas us\u00e1ronse pa durmir ou, como neste caso, destinaronse a actividades que, como a costura, v\u00edanse beneficiadas pola chea de luz e calor que daban.<!--:--><\/p>\n","protected":false},"excerpt":{"rendered":"<p>As galer\u00edas acristaladas incorp\u00f3ranse \u00e1s casas del mundo rural a partir del siglo XIX. Muitos dos corredores antigos zarr\u00e1ronse p\u2019axeitarse \u00e1 moda nova. El zarramento deix\u00f3u diversificar as funci\u00f3is d\u2019estos espacios que, anque tuvesen como uso preferente el almacenamento e secao de productos, trasform\u00e1ronse en muitos casos nun cuarto m\u00e1is da casa. Alg\u00faas galer\u00edas us\u00e1ronse [&hellip;]<\/p>\n","protected":false},"author":2,"featured_media":0,"parent":7249,"menu_order":0,"comment_status":"closed","ping_status":"closed","template":"","meta":{"_et_pb_use_builder":"","_et_pb_old_content":"","_et_gb_content_width":""},"_links":{"self":[{"href":"https:\/\/www.museodegrandas.es\/as\/wp-json\/wp\/v2\/pages\/7289"}],"collection":[{"href":"https:\/\/www.museodegrandas.es\/as\/wp-json\/wp\/v2\/pages"}],"about":[{"href":"https:\/\/www.museodegrandas.es\/as\/wp-json\/wp\/v2\/types\/page"}],"author":[{"embeddable":true,"href":"https:\/\/www.museodegrandas.es\/as\/wp-json\/wp\/v2\/users\/2"}],"replies":[{"embeddable":true,"href":"https:\/\/www.museodegrandas.es\/as\/wp-json\/wp\/v2\/comments?post=7289"}],"version-history":[{"count":0,"href":"https:\/\/www.museodegrandas.es\/as\/wp-json\/wp\/v2\/pages\/7289\/revisions"}],"up":[{"embeddable":true,"href":"https:\/\/www.museodegrandas.es\/as\/wp-json\/wp\/v2\/pages\/7249"}],"wp:attachment":[{"href":"https:\/\/www.museodegrandas.es\/as\/wp-json\/wp\/v2\/media?parent=7289"}],"curies":[{"name":"wp","href":"https:\/\/api.w.org\/{rel}","templated":true}]}}