

{"id":7287,"date":"2022-05-03T12:16:59","date_gmt":"2022-05-03T12:16:59","guid":{"rendered":"https:\/\/www.museodegrandas.es\/el-museo\/02-a-casa-rectoral\/02-04-sala-ou-cuarto\/"},"modified":"2022-05-03T12:16:59","modified_gmt":"2022-05-03T12:16:59","slug":"02-04-sala-ou-cuarto","status":"publish","type":"page","link":"https:\/\/www.museodegrandas.es\/as\/el-museo\/02-a-casa-rectoral\/02-04-sala-ou-cuarto\/","title":{"rendered":"02.04.- Sala ou cuarto"},"content":{"rendered":"<p>A sala ou cuarto era \u00faa estancia de dimensi\u00f3is curiosas destinada a acoller actos sociales relevantes. Nela fa\u00edanse os banquetes dos d\u00edas de festa e tam\u00e9n nela se celebraban bautizos, bodas, enterros e filand\u00f3is.<\/p>\n<p><a href=\"https:\/\/www.museodegrandas.es\/wp-content\/uploads\/2014\/02\/sala.jpg\"><img class=\"aligncenter\" src=\"https:\/\/www.museodegrandas.es\/wp-content\/uploads\/2014\/02\/sala.jpg\" alt=\"sala\" width=\"500\" \/><\/a><\/p>\n<p>Antias del siglo XIX eran mui poucas as casas labradoras que dispu\u00edan de sala. \u00c9 a partir da segunda met\u00e1 del siglo XIX, coa xeneralizaci\u00f3n das casas de dous pisos, cuando empeza a ser com\u00fan ama\u00f1ar este tipo de cuartos nel piso superior. Nestas estancias t\u00e1n el mobiliario y os obxetos novedosos que se van incorporando a os usos rurales tradicionales; elementos de prestixo que las convirten n\u00faas aut\u00e9nticas salas de recepci\u00f3n e representaci\u00f3n. A composici\u00f3n tan grande dos grupos familiares forz\u00f3u el car\u00e1cter polivalente d\u2019estos cuartos, que cumpriron, en muitas ocasi\u00f3is, funci\u00f3is como sito pa durmir.<\/p>\n<p><a href=\"https:\/\/www.museodegrandas.es\/wp-content\/uploads\/2014\/02\/sala2.jpg\"><img class=\"aligncenter\" src=\"https:\/\/www.museodegrandas.es\/wp-content\/uploads\/2014\/02\/sala2.jpg\" alt=\"sala2\" width=\"500\" \/><\/a><!--:--><\/p>\n","protected":false},"excerpt":{"rendered":"<p>A sala ou cuarto era \u00faa estancia de dimensi\u00f3is curiosas destinada a acoller actos sociales relevantes. Nela fa\u00edanse os banquetes dos d\u00edas de festa e tam\u00e9n nela se celebraban bautizos, bodas, enterros e filand\u00f3is. Antias del siglo XIX eran mui poucas as casas labradoras que dispu\u00edan de sala. \u00c9 a partir da segunda met\u00e1 del [&hellip;]<\/p>\n","protected":false},"author":2,"featured_media":0,"parent":7249,"menu_order":0,"comment_status":"closed","ping_status":"closed","template":"","meta":{"_et_pb_use_builder":"","_et_pb_old_content":"","_et_gb_content_width":""},"_links":{"self":[{"href":"https:\/\/www.museodegrandas.es\/as\/wp-json\/wp\/v2\/pages\/7287"}],"collection":[{"href":"https:\/\/www.museodegrandas.es\/as\/wp-json\/wp\/v2\/pages"}],"about":[{"href":"https:\/\/www.museodegrandas.es\/as\/wp-json\/wp\/v2\/types\/page"}],"author":[{"embeddable":true,"href":"https:\/\/www.museodegrandas.es\/as\/wp-json\/wp\/v2\/users\/2"}],"replies":[{"embeddable":true,"href":"https:\/\/www.museodegrandas.es\/as\/wp-json\/wp\/v2\/comments?post=7287"}],"version-history":[{"count":0,"href":"https:\/\/www.museodegrandas.es\/as\/wp-json\/wp\/v2\/pages\/7287\/revisions"}],"up":[{"embeddable":true,"href":"https:\/\/www.museodegrandas.es\/as\/wp-json\/wp\/v2\/pages\/7249"}],"wp:attachment":[{"href":"https:\/\/www.museodegrandas.es\/as\/wp-json\/wp\/v2\/media?parent=7287"}],"curies":[{"name":"wp","href":"https:\/\/api.w.org\/{rel}","templated":true}]}}