

{"id":7282,"date":"2022-05-03T12:14:23","date_gmt":"2022-05-03T12:14:23","guid":{"rendered":"https:\/\/www.museodegrandas.es\/el-museo\/02-a-casa-rectoral\/02-01-corredor-dentrada\/"},"modified":"2022-05-03T12:14:23","modified_gmt":"2022-05-03T12:14:23","slug":"02-01-corredor-dentrada","status":"publish","type":"page","link":"https:\/\/www.museodegrandas.es\/as\/el-museo\/02-a-casa-rectoral\/02-01-corredor-dentrada\/","title":{"rendered":"02.01.-Corredor d\u2019entrada"},"content":{"rendered":"<p>Antias da porta d\u2019entrada \u00e1 Casa Rectoral disp\u00f3nse un corredor con balaustrada de madera que fai as veces de portal. Os corredores populariz\u00e1ronse na arquitectura asturiana a partir del siglo XVIII, convert\u00edndose n\u00fan dos sous elementos m\u00e1is caracter\u00edsticos. As s\u00faas funci\u00f3is eran muitas. Orientaos normalmente a mediod\u00eda ou al este, os corredores eran fonte de luz e calor, secadeiros de ma\u00edz y outros productos ou tendal, alargando en todo caso el espacio \u00fatil de dentro das casas. Cuando a \u00faltimos del siglo XIX empezan a popularizarse os retretes, estos avezan a puerse, como pasa neste caso, n\u00faa veira dos corredores.<\/p>\n<p><a href=\"https:\/\/www.museodegrandas.es\/wp-content\/uploads\/2014\/02\/corredor-ingreso.jpg\"><img class=\"aligncenter\" src=\"https:\/\/www.museodegrandas.es\/wp-content\/uploads\/2014\/02\/corredor-ingreso.jpg\" alt=\"corredor-ingreso\" width=\"500\" \/><\/a><!--:--><\/p>\n","protected":false},"excerpt":{"rendered":"<p>Antias da porta d\u2019entrada \u00e1 Casa Rectoral disp\u00f3nse un corredor con balaustrada de madera que fai as veces de portal. Os corredores populariz\u00e1ronse na arquitectura asturiana a partir del siglo XVIII, convert\u00edndose n\u00fan dos sous elementos m\u00e1is caracter\u00edsticos. As s\u00faas funci\u00f3is eran muitas. Orientaos normalmente a mediod\u00eda ou al este, os corredores eran fonte de [&hellip;]<\/p>\n","protected":false},"author":2,"featured_media":0,"parent":7249,"menu_order":0,"comment_status":"closed","ping_status":"closed","template":"","meta":{"_et_pb_use_builder":"","_et_pb_old_content":"","_et_gb_content_width":""},"_links":{"self":[{"href":"https:\/\/www.museodegrandas.es\/as\/wp-json\/wp\/v2\/pages\/7282"}],"collection":[{"href":"https:\/\/www.museodegrandas.es\/as\/wp-json\/wp\/v2\/pages"}],"about":[{"href":"https:\/\/www.museodegrandas.es\/as\/wp-json\/wp\/v2\/types\/page"}],"author":[{"embeddable":true,"href":"https:\/\/www.museodegrandas.es\/as\/wp-json\/wp\/v2\/users\/2"}],"replies":[{"embeddable":true,"href":"https:\/\/www.museodegrandas.es\/as\/wp-json\/wp\/v2\/comments?post=7282"}],"version-history":[{"count":0,"href":"https:\/\/www.museodegrandas.es\/as\/wp-json\/wp\/v2\/pages\/7282\/revisions"}],"up":[{"embeddable":true,"href":"https:\/\/www.museodegrandas.es\/as\/wp-json\/wp\/v2\/pages\/7249"}],"wp:attachment":[{"href":"https:\/\/www.museodegrandas.es\/as\/wp-json\/wp\/v2\/media?parent=7282"}],"curies":[{"name":"wp","href":"https:\/\/api.w.org\/{rel}","templated":true}]}}