

{"id":7276,"date":"2022-05-03T12:01:14","date_gmt":"2022-05-03T12:01:14","guid":{"rendered":"https:\/\/www.museodegrandas.es\/area-de-conservacion\/"},"modified":"2022-07-20T04:25:50","modified_gmt":"2022-07-20T04:25:50","slug":"area-de-conservacion","status":"publish","type":"page","link":"https:\/\/www.museodegrandas.es\/as\/area-de-conservacion\/","title":{"rendered":"\u00c1rea de conservaci\u00f3n"},"content":{"rendered":"<h3>Conservaci\u00f3n Preventiva<\/h3>\n<hr \/>\n<p style=\"margin-top: 0cm;\"><span style=\"font-family: 'Arial',sans-serif;\">El Museo Etnogr\u00e1fico de Grandas de Salime \u201cPepe el Ferreiro\u201d\u00a0disp\u00f3n d\u2019\u00faa das colecci\u00f3is m\u00e1is significativas nel \u00e1mbito dos museos da s\u00faa mesma naturaleza. \u00c1 relevancia num\u00e9rica dos fondos hai qu\u2019amecerlle a gran varied\u00e1 dos sous soportes materiales, con predominio da madera y el metal.<\/span><\/p>\n<p style=\"margin-top: 0cm;\"><span style=\"font-family: 'Arial',sans-serif;\">As dimensi\u00f3is das instalaci\u00f3is y a diversid\u00e1 de situaci\u00f3is espositivas constituyen un factor de peligro amecido p\u00e1 conservaci\u00f3n das pezas, que se ven sometidas a procesos d\u2019alteraci\u00f3n mui cambiantes dependendo de que te\u00f1an f\u00f3ra ou en sala.<\/span><\/p>\n<p style=\"margin-top: 0cm;\"><span style=\"font-family: 'Arial',sans-serif;\">Previr \u00e9 el mellor xeito de garantizar a preservaci\u00f3n dos fondos. El \u00e1rea de conservaci\u00f3n del Museo fai \u00faa revisi\u00f3n peri\u00f3dica programada de todas as colecci\u00f3is que deixa anticiparse y aforrar procesos de deterioro nas pezas con acci\u00f3is preventivas non intrusivas de mantenci\u00f3n.<\/span><\/p>\n<div id=\"attachment_6394\" style=\"width: 410px\" class=\"wp-caption aligncenter\"><a href=\"https:\/\/www.museodegrandas.es\/wp-content\/uploads\/2014\/03\/1-PREVENTIVA-SRA.jpg\"><img aria-describedby=\"caption-attachment-6394\" loading=\"lazy\" class=\"wp-image-6394 aligncenter\" title=\"Conservaci\u00f3n preventiva\" src=\"https:\/\/www.museodegrandas.es\/wp-content\/uploads\/2014\/03\/1-PREVENTIVA-SRA.jpg\" alt=\"Fotograf\u00eda: S. Rodr\u00edguez. Asociaci\u00f3n de Amigos MEGS\" width=\"400\" height=\"266\" \/><\/a><p id=\"caption-attachment-6394\" class=\"wp-caption-text\">Aplicaci\u00f3n de tratamento preventivo contra el caroncho.<\/p><\/div>\n<div id=\"attachment_6393\" style=\"width: 276px\" class=\"wp-caption aligncenter\"><a href=\"https:\/\/www.museodegrandas.es\/wp-content\/uploads\/2014\/03\/2-PREVENTIVA-SRA.jpg\"><img aria-describedby=\"caption-attachment-6393\" loading=\"lazy\" class=\"wp-image-6393 aligncenter\" title=\"Conservaci\u00f3n preventiva\" src=\"https:\/\/www.museodegrandas.es\/wp-content\/uploads\/2014\/03\/2-PREVENTIVA-SRA.jpg\" alt=\"Fotograf\u00eda: S. Rodr\u00edguez. Asociaci\u00f3n de Amigos MEGS\" width=\"266\" height=\"400\" \/><\/a><p id=\"caption-attachment-6393\" class=\"wp-caption-text\"><span style=\"font-family: 'Arial',sans-serif;\">Aplicaci\u00f3n de capa protectora de cera natural.<\/span><\/p><\/div>\n<h3><\/h3>\n<h3>Recuperaci\u00f3n de pezas<\/h3>\n<hr \/>\n<p>El \u00e1rea de conservaci\u00f3n del Museo ten entre os sous labores a recuperaci\u00f3n p\u00e1 s\u00faa esposici\u00f3n p\u00fablica das pezas integrantes dos sous fondos. Estas intervenci\u00f3is fainse con \u00faa finalid\u00e1 dobre:<\/p>\n<ul>\n<li>Restituci\u00f3n da fisonom\u00eda orixinal dos obxetos sempre que resulte necesario p\u00e1 s\u00faa comprensi\u00f3n e\/ou pa garantizar a s\u00faa estabilid\u00e1.<\/li>\n<li>Recuperaci\u00f3n da funcionalid\u00e1 das pezas. Entre as prioridades del Museo tuvo, dende a s\u00faa creaci\u00f3n, a trasmisi\u00f3n da val\u00eda amecida qu\u2019os obxetos tein en cuanto que documentos hist\u00f3ricos e veh\u00edculos de trasmisi\u00f3n de t\u00e9cnicas e conocementos. Coa recuperaci\u00f3n del sou uso, as pezas disfrutan d\u2019\u00faa vida \u00fatil nova e trasf\u00f3rmanse en ferramentas did\u00e1cticas de primeiro orde.<\/li>\n<\/ul>\n<p>As intervenci\u00f3is de recuperaci\u00f3n siguen as pautas e criterios aceptaos com\u00fanmente pa esta clas d\u2019actuaci\u00f3is, qu\u2019incluyen el uso d\u2019elementos que nun resulten agresivos e se\u00f1an bos de diferenciar das partes orixinales das pezas.<\/p>\n<p><a href=\"http:\/\/www.museodegrandas.es\/wp-content\/uploads\/2014\/03\/1-recuperacion-SRA.jpg\"><img loading=\"lazy\" class=\"wp-image-6400 alignnone\" title=\"Proceso de recuperaci\u00f3n de un volante de torno.\" src=\"https:\/\/www.museodegrandas.es\/wp-content\/uploads\/2014\/03\/1-recuperacion-SRA-150x150.jpg\" alt=\"Fotograf\u00eda: S. Rodr\u00edguez. Asociaci\u00f3n de Amigos MEGS\" width=\"170\" height=\"170\" \/> <\/a><a href=\"http:\/\/www.museodegrandas.es\/wp-content\/uploads\/2014\/03\/2-recuperacion-SRA.jpg\"><img loading=\"lazy\" class=\"wp-image-6401 alignnone\" title=\"Proceso de recuperaci\u00f3n de un volante de torno.\" src=\"https:\/\/www.museodegrandas.es\/wp-content\/uploads\/2014\/03\/2-recuperacion-SRA-150x150.jpg\" alt=\"Fotograf\u00eda: S. Rodr\u00edguez. Asociaci\u00f3n de Amigos MEGS\" width=\"170\" height=\"170\" \/><\/a> <a href=\"http:\/\/www.museodegrandas.es\/wp-content\/uploads\/2014\/03\/3-recuperacion-SRA.jpg\"><img loading=\"lazy\" class=\"wp-image-6402 alignnone\" title=\"Proceso de recuperaci\u00f3n de un volante de torno.\" src=\"https:\/\/www.museodegrandas.es\/wp-content\/uploads\/2014\/03\/3-recuperacion-SRA-150x150.jpg\" alt=\"Fotograf\u00eda: S. Rodr\u00edguez. Asociaci\u00f3n de Amigos MEGS\" width=\"172\" height=\"172\" \/><\/a> <img loading=\"lazy\" class=\"wp-image-6397 alignnone\" title=\"Proceso de recuperaci\u00f3n de un volante de torno.\" src=\"https:\/\/www.museodegrandas.es\/wp-content\/uploads\/2014\/03\/4-recuperacion-SRA-150x150.jpg\" alt=\"Fotograf\u00eda: S. Rodr\u00edguez. Asociaci\u00f3n de Amigos MEGS\" width=\"170\" height=\"170\" \/> <a href=\"http:\/\/www.museodegrandas.es\/wp-content\/uploads\/2014\/03\/5-recuperacion-SRA.jpg\"><img loading=\"lazy\" class=\"wp-image-6398 alignnone\" title=\"Proceso de recuperaci\u00f3n de un volante de torno.\" src=\"https:\/\/www.museodegrandas.es\/wp-content\/uploads\/2014\/03\/5-recuperacion-SRA-150x150.jpg\" alt=\"Fotograf\u00eda: S. Rodr\u00edguez. Asociaci\u00f3n de Amigos MEGS\" width=\"170\" height=\"170\" \/>\u00a0 \u00a0<\/a><\/p>\n<h3><\/h3>\n<h3>Reproducci\u00f3is<\/h3>\n<hr \/>\n<p style=\"margin-top: 0cm;\"><span style=\"font-family: 'Arial',sans-serif;\">\u00c1s veces, el estao de conservaci\u00f3n das pezas qu\u2019entran na instituci\u00f3n nun fai posible recuperalas ou desaconsella a s\u00faa esposici\u00f3n p\u00fablica.<\/span><\/p>\n<p style=\"margin-top: 0cm;\"><span style=\"font-family: 'Arial',sans-serif;\">Nel taller de conservaci\u00f3n fainse reproducci\u00f3is a escala real que deixan completar el discurso espositivo sin puer en peligro a integrid\u00e1 dos obxetos orixinales.<\/span><\/p>\n<p style=\"margin-top: 0cm;\"><span style=\"font-family: 'Arial',sans-serif;\">El recurso \u00e1s reproducci\u00f3is \u00fasase tam\u00e9n pa completar lag\u00faas nas unidades espositivas del centro. Nestos casos, el \u00e1rea de conservaci\u00f3n oc\u00fapase da realizaci\u00f3n de r\u00e9plicas d\u2019aquelos elementos dos qu\u2019el Museo nun disp\u00f3n nos sous fondos, pero que resultan necesarios pa dotar de coherencia \u00e1 unid\u00e1.<\/span><\/p>\n<div id=\"attachment_2293\" style=\"width: 610px\" class=\"wp-caption aligncenter\"><a href=\"https:\/\/www.museodegrandas.es\/wp-content\/uploads\/2014\/03\/3-reproduccion-SRA.jpg\"><img aria-describedby=\"caption-attachment-2293\" loading=\"lazy\" class=\" wp-image-6415 \" title=\"Reproducciones\" src=\"https:\/\/www.museodegrandas.es\/wp-content\/uploads\/2014\/03\/3-reproduccion-SRA.jpg\" alt=\"Fotograf\u00eda: S. Rodr\u00edguez. Asociaci\u00f3n de Amigos MEGS\" width=\"600\" height=\"363\" \/><\/a><p id=\"caption-attachment-2293\" class=\"wp-caption-text\"><span style=\"font-family: 'Arial',sans-serif;\">R\u00e9plica d\u2019\u00faa xarra de madera feita a partir d\u2019un orixinal con deficiencias graves de conservaci\u00f3n<\/span>.<\/p><\/div>\n","protected":false},"excerpt":{"rendered":"<p>Conservaci\u00f3n Preventiva El Museo Etnogr\u00e1fico de Grandas de Salime \u201cPepe el Ferreiro\u201d\u00a0disp\u00f3n d\u2019\u00faa das colecci\u00f3is m\u00e1is significativas nel \u00e1mbito dos museos da s\u00faa mesma naturaleza. \u00c1 relevancia num\u00e9rica dos fondos hai qu\u2019amecerlle a gran varied\u00e1 dos sous soportes materiales, con predominio da madera y el metal. As dimensi\u00f3is das instalaci\u00f3is y a diversid\u00e1 de situaci\u00f3is [&hellip;]<\/p>\n","protected":false},"author":2,"featured_media":0,"parent":0,"menu_order":0,"comment_status":"closed","ping_status":"closed","template":"","meta":{"_et_pb_use_builder":"","_et_pb_old_content":"","_et_gb_content_width":""},"_links":{"self":[{"href":"https:\/\/www.museodegrandas.es\/as\/wp-json\/wp\/v2\/pages\/7276"}],"collection":[{"href":"https:\/\/www.museodegrandas.es\/as\/wp-json\/wp\/v2\/pages"}],"about":[{"href":"https:\/\/www.museodegrandas.es\/as\/wp-json\/wp\/v2\/types\/page"}],"author":[{"embeddable":true,"href":"https:\/\/www.museodegrandas.es\/as\/wp-json\/wp\/v2\/users\/2"}],"replies":[{"embeddable":true,"href":"https:\/\/www.museodegrandas.es\/as\/wp-json\/wp\/v2\/comments?post=7276"}],"version-history":[{"count":4,"href":"https:\/\/www.museodegrandas.es\/as\/wp-json\/wp\/v2\/pages\/7276\/revisions"}],"predecessor-version":[{"id":8979,"href":"https:\/\/www.museodegrandas.es\/as\/wp-json\/wp\/v2\/pages\/7276\/revisions\/8979"}],"wp:attachment":[{"href":"https:\/\/www.museodegrandas.es\/as\/wp-json\/wp\/v2\/media?parent=7276"}],"curies":[{"name":"wp","href":"https:\/\/api.w.org\/{rel}","templated":true}]}}