

{"id":7275,"date":"2022-05-03T11:59:09","date_gmt":"2022-05-03T11:59:09","guid":{"rendered":"https:\/\/www.museodegrandas.es\/el-museo\/el-cabanon\/"},"modified":"2022-05-23T12:29:55","modified_gmt":"2022-05-23T12:29:55","slug":"el-cabanon","status":"publish","type":"page","link":"https:\/\/www.museodegrandas.es\/as\/el-museo\/el-cabanon\/","title":{"rendered":"01.- El Caban\u00f3n"},"content":{"rendered":"<p>Coa denominaci\u00f3n de <em>caban\u00f3n<\/em> identif\u00edcase el espacio cuberto al que s\u2019entra desque se pas\u00f3u a porta pa entrar nel Museo. El cargadeiro del port\u00f3n d\u2019acceso y el arco de medio punto que s\u2019abre entre el caban\u00f3n y el <a href=\"https:\/\/www.museodegrandas.es\/as\/el-museo\/03-corredor\/\">corredor<\/a> proceden das ruinas de Salime, lugar del concello que qued\u00f3u tapao debaxo del auga da presa del mesmo nome en 1953.<\/p>\n<p>Nel caban\u00f3n guard\u00e1base da intemperie el instrumental agr\u00edcola, en especial \u00fatiles de tiro que se mov\u00edan coa forza de vacas ou bois. Entre as pezas espostas sobresale un carro del pa\u00eds, veh\u00edculo imprescindible nos labores da labranza, usao p\u2019acarriar herba, cuito e pa levar as colletas. Derriba del carro poden verse alg\u00faas grades, usadas pa desfaer os torr\u00f3is das terras.<\/p>\n<p style=\"text-align: center;\"><a href=\"https:\/\/www.museodegrandas.es\/wp-content\/uploads\/2014\/02\/cabanon.jpg\"><img class=\"wp-image-1102 aligncenter\" src=\"https:\/\/www.museodegrandas.es\/wp-content\/uploads\/2014\/02\/cabanon.jpg\" alt=\"cabanon\" width=\"500\" \/><\/a><\/p>\n<p>Acompa\u00f1ando estos elementos m\u00f3strase \u00faa selecci\u00f3n de ferramentas b\u00e1sicas nos labores de semar e segar. Entre elos esp\u00f3inse gada\u00f1as y angazos pa segar e recoller el herba, picas del toxo pa esmiuzar el toxo que se daba a os cabalos, ou un reportorio d\u2019araos de todos os xeitos: <em>araos de pao<\/em> con e sin orelleiras, araos con vertedeira de ferro ou araos espec\u00edficos p\u2019abrir as terras nel monte e semar trigo ou cent\u00e9n, as chamadas <em>cambelas<\/em>.<\/p>\n<p style=\"text-align: center;\"><a href=\"https:\/\/www.museodegrandas.es\/wp-content\/uploads\/2014\/02\/cabanon2.jpg\"><img class=\"wp-image-1103 aligncenter\" src=\"https:\/\/www.museodegrandas.es\/wp-content\/uploads\/2014\/02\/cabanon2.jpg\" alt=\"cabanon2\" width=\"500\" \/><\/a><\/p>\n<p><!--:--><\/p>\n","protected":false},"excerpt":{"rendered":"<p>Coa denominaci\u00f3n de caban\u00f3n identif\u00edcase el espacio cuberto al que s\u2019entra desque se pas\u00f3u a porta pa entrar nel Museo. El cargadeiro del port\u00f3n d\u2019acceso y el arco de medio punto que s\u2019abre entre el caban\u00f3n y el corredor proceden das ruinas de Salime, lugar del concello que qued\u00f3u tapao debaxo del auga da presa [&hellip;]<\/p>\n","protected":false},"author":2,"featured_media":0,"parent":7248,"menu_order":0,"comment_status":"closed","ping_status":"closed","template":"","meta":{"_et_pb_use_builder":"off","_et_pb_old_content":"","_et_gb_content_width":""},"_links":{"self":[{"href":"https:\/\/www.museodegrandas.es\/as\/wp-json\/wp\/v2\/pages\/7275"}],"collection":[{"href":"https:\/\/www.museodegrandas.es\/as\/wp-json\/wp\/v2\/pages"}],"about":[{"href":"https:\/\/www.museodegrandas.es\/as\/wp-json\/wp\/v2\/types\/page"}],"author":[{"embeddable":true,"href":"https:\/\/www.museodegrandas.es\/as\/wp-json\/wp\/v2\/users\/2"}],"replies":[{"embeddable":true,"href":"https:\/\/www.museodegrandas.es\/as\/wp-json\/wp\/v2\/comments?post=7275"}],"version-history":[{"count":1,"href":"https:\/\/www.museodegrandas.es\/as\/wp-json\/wp\/v2\/pages\/7275\/revisions"}],"predecessor-version":[{"id":7889,"href":"https:\/\/www.museodegrandas.es\/as\/wp-json\/wp\/v2\/pages\/7275\/revisions\/7889"}],"up":[{"embeddable":true,"href":"https:\/\/www.museodegrandas.es\/as\/wp-json\/wp\/v2\/pages\/7248"}],"wp:attachment":[{"href":"https:\/\/www.museodegrandas.es\/as\/wp-json\/wp\/v2\/media?parent=7275"}],"curies":[{"name":"wp","href":"https:\/\/api.w.org\/{rel}","templated":true}]}}