

{"id":7249,"date":"2022-04-26T17:58:19","date_gmt":"2022-04-26T17:58:19","guid":{"rendered":"https:\/\/www.museodegrandas.es\/el-museo\/02-a-casa-rectoral\/"},"modified":"2022-04-26T17:58:19","modified_gmt":"2022-04-26T17:58:19","slug":"02-a-casa-rectoral","status":"publish","type":"page","link":"https:\/\/www.museodegrandas.es\/as\/el-museo\/02-a-casa-rectoral\/","title":{"rendered":"02.- A casa rectoral"},"content":{"rendered":"<p><!--:es--><a href=\"http:\/\/www.museodegrandas.es\/wp-content\/uploads\/2014\/02\/plano-rectoral.jpg\"><img loading=\"lazy\" class=\"size-full wp-image-6174 aligncenter\" src=\"http:\/\/www.museodegrandas.es\/wp-content\/uploads\/2014\/02\/plano-rectoral.jpg\" alt=\"plano-rectoral\" width=\"600\" height=\"316\" \/><\/a>A casa Rectoral vella da parroquia de Grandas de Salime ref\u00e9zose en 1989 e foi a primeira sede da colecci\u00f3n del Museo Etnogr\u00e1fico na s\u00faa ubicaci\u00f3n actual. As obras de restauraci\u00f3n introduciron modificaci\u00f3is pequenas na traza esterna del edificio e cambeos de m\u00e1is envergadura nel interior, que foi necesario axeitar p\u00e1 funci\u00f3n nova. Alg\u00faa das portas das salas veron da Casa <em>Guzm\u00e1n de Samart\u00edn d\u2019Ozcos<\/em>. A casa Rectoral foi constru\u00edda en 1814 derriba del solar d\u2019outra m\u00e1is vella, derribada por culpa del mal que taba. A reedificaci\u00f3n da casa Rectoral era xa \u00faa necesid\u00e1 a \u00faltimos del siglo XVIII. As\u00ed e todo, a obra foi demor\u00e1ndose, primeiro, por falta de cuartos e, m\u00e1is tarde, a consecuencia da Guerra da Independencia. Foi desp\u00f3is d\u2019acabar \u00e9sta cuando empez\u00f3u a construcci\u00f3n del edificio que cheg\u00f3u hasta nosoutros.<\/p>\n<p style=\"text-align: center;\"><a href=\"https:\/\/www.museodegrandas.es\/wp-content\/uploads\/2014\/02\/rectoral.jpg\"><img class=\"aligncenter\" src=\"https:\/\/www.museodegrandas.es\/wp-content\/uploads\/2014\/02\/rectoral.jpg\" alt=\"rectoral\" width=\"500\" \/><\/a><\/p>\n<p>Nel Libro de F\u00e1brica da parroquia an\u00f3tase en 1814 un gasto de <em>\u201c1.711 reales y 21 maraved\u00edes que de los fondos de la f\u00e1brica tomaron los feligreses para dar principio a la casa Rectoral\u201d<\/em>. Os traballos duraron alg\u00fas anos, con un coste total de 16.513 reales. Destin\u00e1ronse 7.643 reales \u00e1 adquisici\u00f3n de materiales: \u201c<em>mil y sesenta palmos de tabla\u201d; \u201cvigas, maderas gruesas, viguetas, columnas y canteados\u201d; \u201cclavos de todo g\u00e9nero, bisagras de todas clases,<\/em> <em>picaportes y cerraduras\u201d; \u201cla losa y su conducci\u00f3n\u201d; \u201cla cal y la arena con su conducci\u00f3n\u201d e \u201cla canter\u00eda labrada para las puertas y ventanas\u201d.<\/em> Os xornales de carpinteiros, canteiros e ferreiros subiron a 8.870 reales. A primeira casa Rectoral t\u00eda un horro que tiraron nos primeiros anos del siglo XIX. N\u00faa socied\u00e1 de base labradora, estas construcci\u00f3is resultaban imprescindibles pa garantizar el almacenamento y a conservaci\u00f3n dos productos, raz\u00f3n que lev\u00f3u \u00e1 parroquia en 1828 a cambiar el horro, que tiraran gastando <em>\u201cochocientos reales que cost\u00f3 la panera u orrio que se halla en el corral de la rector\u00eda para recoger el pan de diezmo, que no se pod\u00eda pasar sin ella, tasola y preci\u00f3 el carpintero don Manuel Cotarelo, vecino del lugar de Balmaior [Busmayor] en dicha cantidad\u201d<\/em>. El horro novo tr\u00f3uxose del lugar de Malneira, a 5 km de Grandas de Salime, e tuveron que pagarse 112 reales por desarmalo, acarrialo e levalo hasta a casa Rectoral, que nese labor <em>\u201cse emplearon veinte carros\u201d<\/em>. P\u2019acabar, gast\u00e1ronse 367 reales en armar el horro e constru\u00edr \u00faa corte ou bodega debaxo d\u2019\u00e9l, adem\u00e1is d\u2019en pagar cinco carros de louxa que se trouxeron dende Pelorde (Pez\u00f3s), douscentos cravos de louxar y a traba pa cubrir a corte. Este horro y a s\u00faa bodega tumb\u00e1ronse nos primeiros anos del siglo XX. El edificio rectoral decimon\u00f3nico responde del todo a os criterios da arquitectura popular da contornada. El material constructivo b\u00e1sico, e cuase esclusivo, \u00e9 a louxa, usada nas paredes, nos marcos de vent\u00e1s e portas, e nas cubertas. A carpinter\u00eda \u00e9 de madera de casta\u00f1eiro e, menos, de carballo. Os paramentos por f\u00f3ra t\u00e1n daos de cal, acabao eminentemente funcional que favorece a impermeabilizaci\u00f3n das paredes e que s\u2019encontraba nam\u00e1is al alcance dos propietarios m\u00e1is ricos. A distribuci\u00f3n da casa, antes da s\u00faa reforma pa museo, reservaba el piso d\u2019enriba pa vivir, con lareira, sala, cuarto de durmir, despacho pa p\u00e1rroco y un par de cuartos; mentres que nel piso d\u2019embaxo taban as cortes y a bodega.<\/p>\n<p><!--:--><\/p>\n","protected":false},"excerpt":{"rendered":"<p>A casa Rectoral vella da parroquia de Grandas de Salime ref\u00e9zose en 1989 e foi a primeira sede da colecci\u00f3n del Museo Etnogr\u00e1fico na s\u00faa ubicaci\u00f3n actual. As obras de restauraci\u00f3n introduciron modificaci\u00f3is pequenas na traza esterna del edificio e cambeos de m\u00e1is envergadura nel interior, que foi necesario axeitar p\u00e1 funci\u00f3n nova. Alg\u00faa das [&hellip;]<\/p>\n","protected":false},"author":2,"featured_media":0,"parent":7248,"menu_order":0,"comment_status":"closed","ping_status":"closed","template":"","meta":{"_et_pb_use_builder":"off","_et_pb_old_content":"","_et_gb_content_width":""},"_links":{"self":[{"href":"https:\/\/www.museodegrandas.es\/as\/wp-json\/wp\/v2\/pages\/7249"}],"collection":[{"href":"https:\/\/www.museodegrandas.es\/as\/wp-json\/wp\/v2\/pages"}],"about":[{"href":"https:\/\/www.museodegrandas.es\/as\/wp-json\/wp\/v2\/types\/page"}],"author":[{"embeddable":true,"href":"https:\/\/www.museodegrandas.es\/as\/wp-json\/wp\/v2\/users\/2"}],"replies":[{"embeddable":true,"href":"https:\/\/www.museodegrandas.es\/as\/wp-json\/wp\/v2\/comments?post=7249"}],"version-history":[{"count":0,"href":"https:\/\/www.museodegrandas.es\/as\/wp-json\/wp\/v2\/pages\/7249\/revisions"}],"up":[{"embeddable":true,"href":"https:\/\/www.museodegrandas.es\/as\/wp-json\/wp\/v2\/pages\/7248"}],"wp:attachment":[{"href":"https:\/\/www.museodegrandas.es\/as\/wp-json\/wp\/v2\/media?parent=7249"}],"curies":[{"name":"wp","href":"https:\/\/api.w.org\/{rel}","templated":true}]}}